{"id":18372,"date":"2025-12-05T07:13:13","date_gmt":"2025-12-05T07:13:13","guid":{"rendered":"https:\/\/beautysba.co.uk\/product\/%d0%b3%d0%bb%d0%b8%d1%86%d0%b5%d1%80%d0%b8%d0%bd-%d0%ba%d0%be%d1%81%d0%bc%d0%b5%d1%82%d0%b8%d1%87%d0%b5%d1%81%d0%ba%d0%b8%d0%b9-%d1%81-d-%d0%bf%d0%b0%d0%bd%d1%82%d0%b5%d0%bd%d0%be%d0%bb%d0%be%d0%bc-1\/"},"modified":"2025-12-17T06:48:49","modified_gmt":"2025-12-17T06:48:49","slug":"%d0%b3%d0%bb%d0%b8%d1%86%d0%b5%d1%80%d0%b8%d0%bd-%d0%ba%d0%be%d1%81%d0%bc%d0%b5%d1%82%d0%b8%d1%87%d0%b5%d1%81%d0%ba%d0%b8%d0%b9-%d1%81-d-%d0%bf%d0%b0%d0%bd%d1%82%d0%b5%d0%bd%d0%be%d0%bb%d0%be%d0%bc-1","status":"publish","type":"product","link":"https:\/\/beautysba.co.uk\/lt\/produktas\/%d0%b3%d0%bb%d0%b8%d1%86%d0%b5%d1%80%d0%b8%d0%bd-%d0%ba%d0%be%d1%81%d0%bc%d0%b5%d1%82%d0%b8%d1%87%d0%b5%d1%81%d0%ba%d0%b8%d0%b9-%d1%81-d-%d0%bf%d0%b0%d0%bd%d1%82%d0%b5%d0%bd%d0%be%d0%bb%d0%be%d0%bc-1\/","title":{"rendered":"Kosmetinis glicerinas su D-pantenoliu, 100 ml &#8211; AROMA&#8217;SAULES"},"content":{"rendered":"<p>AROMA&#8217;SAULES kosmetinis glicerinas su D-pantenoliu yra universalus odos, plauk\u0173 ir k\u016bno prie\u017ei\u016bros produktas. D\u0117l savo dr\u0117kinam\u0173j\u0173 savybi\u0173 jis padeda i\u0161laikyti dr\u0117gm\u0119 odoje ir plaukuose, apsaugo nuo sausumo ir tempimo. Ypa\u010d naudingas sausai ir jautriai odai.  <\/p>\n<p>Intensyviai dr\u0117kina<br \/>\nMink\u0161tina<br \/>\nSukuria apsaugin\u012f barjer\u0105<br \/>\nTepkite nedidel\u012f kiek\u012f ant sausos odos, tolygiai paskirstykite, kol visi\u0161kai \u012fsigers.<\/p>\n<p>Atsargumo priemon\u0117s: Tik i\u0161oriniam naudojimui. Galimas individualus komponent\u0173 jautrumas. Laikyti nuo +5 \u00b0C iki +25 \u00b0C temperat\u016broje, vaikams nepasiekiamoje vietoje. <\/p>\n<p>Sud\u0117tis: glicerinas, vanduo, pantenolis.<\/p>\n","protected":false},"excerpt":{"rendered":"<p>AROMA&#8217;SAULES kosmetinis glicerinas su D-pantenoliu yra universalus odos, plauk\u0173 ir k\u016bno prie\u017ei\u016bros produktas. D\u0117l savo dr\u0117kinam\u0173j\u0173 savybi\u0173 jis padeda i\u0161laikyti dr\u0117gm\u0119 odoje ir plaukuose, apsaugo nuo sausumo ir tempimo. Ypa\u010d naudingas sausai ir jautriai odai. Intensyviai dr\u0117kina Mink\u0161tina Sukuria apsaugin\u012f barjer\u0105 Tepkite nedidel\u012f kiek\u012f ant sausos odos, tolygiai paskirstykite, kol visi\u0161kai \u012fsigers. Atsargumo priemon\u0117s: Tik [&hellip;]<\/p>\n","protected":false},"featured_media":18370,"comment_status":"open","ping_status":"closed","template":"","meta":[],"product_brand":[],"product_cat":[133,218,192,210,217,127],"product_tag":[],"class_list":{"0":"post-18372","1":"product","2":"type-product","3":"status-publish","4":"has-post-thumbnail","6":"product_cat-dienos-kremai","7":"product_cat-kuno-prieziura","8":"product_cat-naujienos","9":"product_cat-serumai","10":"product_cat-sveikatos-prieziura","11":"product_cat-veidas","13":"first","14":"outofstock","15":"shipping-taxable","16":"purchasable","17":"product-type-simple"},"_links":{"self":[{"href":"https:\/\/beautysba.co.uk\/lt\/wp-json\/wp\/v2\/product\/18372","targetHints":{"allow":["GET"]}}],"collection":[{"href":"https:\/\/beautysba.co.uk\/lt\/wp-json\/wp\/v2\/product"}],"about":[{"href":"https:\/\/beautysba.co.uk\/lt\/wp-json\/wp\/v2\/types\/product"}],"replies":[{"embeddable":true,"href":"https:\/\/beautysba.co.uk\/lt\/wp-json\/wp\/v2\/comments?post=18372"}],"wp:featuredmedia":[{"embeddable":true,"href":"https:\/\/beautysba.co.uk\/lt\/wp-json\/wp\/v2\/media\/18370"}],"wp:attachment":[{"href":"https:\/\/beautysba.co.uk\/lt\/wp-json\/wp\/v2\/media?parent=18372"}],"wp:term":[{"taxonomy":"product_brand","embeddable":true,"href":"https:\/\/beautysba.co.uk\/lt\/wp-json\/wp\/v2\/product_brand?post=18372"},{"taxonomy":"product_cat","embeddable":true,"href":"https:\/\/beautysba.co.uk\/lt\/wp-json\/wp\/v2\/product_cat?post=18372"},{"taxonomy":"product_tag","embeddable":true,"href":"https:\/\/beautysba.co.uk\/lt\/wp-json\/wp\/v2\/product_tag?post=18372"}],"curies":[{"name":"wp","href":"https:\/\/api.w.org\/{rel}","templated":true}]}}