{"id":18379,"date":"2025-12-05T07:15:42","date_gmt":"2025-12-05T07:15:42","guid":{"rendered":"https:\/\/beautysba.co.uk\/product\/%d0%bf%d0%bb%d0%b0%d1%81%d1%82%d1%8b%d1%80%d0%b8-%d0%b4%d0%bb%d1%8f-%d0%bd%d0%be%d0%b3-detox-kinoki-n10\/"},"modified":"2025-12-17T06:49:00","modified_gmt":"2025-12-17T06:49:00","slug":"%d0%bf%d0%bb%d0%b0%d1%81%d1%82%d1%8b%d1%80%d0%b8-%d0%b4%d0%bb%d1%8f-%d0%bd%d0%be%d0%b3-detox-kinoki-n10","status":"publish","type":"product","link":"https:\/\/beautysba.co.uk\/lt\/produktas\/%d0%bf%d0%bb%d0%b0%d1%81%d1%82%d1%8b%d1%80%d0%b8-%d0%b4%d0%bb%d1%8f-%d0%bd%d0%be%d0%b3-detox-kinoki-n10\/","title":{"rendered":"Koj\u0173 pleistrai &#8220;Detox&#8221; Kinoki N10"},"content":{"rendered":"<p>Padeda:<\/p>\n<p>Pa\u0161alinti i\u0161 organizmo kenksmingus toksinus<br \/>\nStiprinti imunin\u0119 sistem\u0105<br \/>\nGerinti mieg\u0105<br \/>\nMa\u017einti nuovarg\u012f, stres\u0105, raminti nerv\u0173 sistem\u0105<br \/>\nDidinti energij\u0105<br \/>\nMa\u017einti galvos skausmus<br \/>\nPakuot\u0117je yra 10 pleistr\u0173.<\/p>\n","protected":false},"excerpt":{"rendered":"<p>Padeda: Pa\u0161alinti i\u0161 organizmo kenksmingus toksinus Stiprinti imunin\u0119 sistem\u0105 Gerinti mieg\u0105 Ma\u017einti nuovarg\u012f, stres\u0105, raminti nerv\u0173 sistem\u0105 Didinti energij\u0105 Ma\u017einti galvos skausmus Pakuot\u0117je yra 10 pleistr\u0173.<\/p>\n","protected":false},"featured_media":18377,"comment_status":"open","ping_status":"closed","template":"","meta":[],"product_brand":[],"product_cat":[192,219,217],"product_tag":[],"class_list":{"0":"post-18379","1":"product","2":"type-product","3":"status-publish","4":"has-post-thumbnail","6":"product_cat-naujienos","7":"product_cat-pedu-prieziura-lt","8":"product_cat-sveikatos-prieziura","10":"first","11":"outofstock","12":"shipping-taxable","13":"purchasable","14":"product-type-simple"},"_links":{"self":[{"href":"https:\/\/beautysba.co.uk\/lt\/wp-json\/wp\/v2\/product\/18379","targetHints":{"allow":["GET"]}}],"collection":[{"href":"https:\/\/beautysba.co.uk\/lt\/wp-json\/wp\/v2\/product"}],"about":[{"href":"https:\/\/beautysba.co.uk\/lt\/wp-json\/wp\/v2\/types\/product"}],"replies":[{"embeddable":true,"href":"https:\/\/beautysba.co.uk\/lt\/wp-json\/wp\/v2\/comments?post=18379"}],"wp:featuredmedia":[{"embeddable":true,"href":"https:\/\/beautysba.co.uk\/lt\/wp-json\/wp\/v2\/media\/18377"}],"wp:attachment":[{"href":"https:\/\/beautysba.co.uk\/lt\/wp-json\/wp\/v2\/media?parent=18379"}],"wp:term":[{"taxonomy":"product_brand","embeddable":true,"href":"https:\/\/beautysba.co.uk\/lt\/wp-json\/wp\/v2\/product_brand?post=18379"},{"taxonomy":"product_cat","embeddable":true,"href":"https:\/\/beautysba.co.uk\/lt\/wp-json\/wp\/v2\/product_cat?post=18379"},{"taxonomy":"product_tag","embeddable":true,"href":"https:\/\/beautysba.co.uk\/lt\/wp-json\/wp\/v2\/product_tag?post=18379"}],"curies":[{"name":"wp","href":"https:\/\/api.w.org\/{rel}","templated":true}]}}