{"id":18385,"date":"2025-12-05T07:18:26","date_gmt":"2025-12-05T07:18:26","guid":{"rendered":"https:\/\/beautysba.co.uk\/product\/%d1%81%d0%bf%d1%80%d0%b5%d0%b9-%d0%b3%d0%b8%d0%b3%d0%b8%d0%b5%d0%bd%d0%b8%d1%87%d0%b5%d1%81%d0%ba%d0%b8%d0%b9-%d0%b0%d0%bd%d1%82%d0%b8%d0%b3%d1%80%d0%b8%d0%b1%d0%be%d0%ba-150-ml-elixir\/"},"modified":"2025-12-17T06:48:47","modified_gmt":"2025-12-17T06:48:47","slug":"%d1%81%d0%bf%d1%80%d0%b5%d0%b9-%d0%b3%d0%b8%d0%b3%d0%b8%d0%b5%d0%bd%d0%b8%d1%87%d0%b5%d1%81%d0%ba%d0%b8%d0%b9-%d0%b0%d0%bd%d1%82%d0%b8%d0%b3%d1%80%d0%b8%d0%b1%d0%be%d0%ba-150-ml-elixir","status":"publish","type":"product","link":"https:\/\/beautysba.co.uk\/lt\/produktas\/%d1%81%d0%bf%d1%80%d0%b5%d0%b9-%d0%b3%d0%b8%d0%b3%d0%b8%d0%b5%d0%bd%d0%b8%d1%87%d0%b5%d1%81%d0%ba%d0%b8%d0%b9-%d0%b0%d0%bd%d1%82%d0%b8%d0%b3%d1%80%d0%b8%d0%b1%d0%be%d0%ba-150-ml-elixir\/","title":{"rendered":"Higieninis pur\u0161kalas nuo grybeli\u0173 , 150 ml Elixir"},"content":{"rendered":"<p>&#8220;Hygienic&#8221; pur\u0161kalas nuo grybelio yra specialiai sukurtas rank\u0173 ir koj\u0173 nagams bei odai apsaugoti nuo grybelin\u0117s infekcijos.<\/p>\n<p>Jis tinka grybelin\u0117s infekcijos vietai gydyti ir odos bei nag\u0173 pa\u017eeidim\u0173 profilaktikai.<br \/>\nPatogi produkto forma taip pat leid\u017eia pur\u0161kal\u0105 naudoti bat\u0173 prie\u017ei\u016brai.<br \/>\nPrie\u0161grybelinis pur\u0161kalas veikia d\u0117l sud\u0117tyje esan\u010dios pieno r\u016bg\u0161ties, salicilo r\u016bg\u0161ties ir nikotino r\u016bg\u0161ties (vitamino PP).<br \/>\n\u0160i\u0173 sudedam\u0173j\u0173 dali\u0173 mi\u0161inys sudaro s\u0105lygas grybeliui veikti ir apsaugo od\u0105 bei nagus nuo infekcijos.<br \/>\nT\u016bris: 150 ml<\/p>\n<p>Kaip naudoti:<br \/>\nNor\u0117dami i\u0161vengti grybelio infekcijos, purk\u0161kite ant nag\u0173, gretim\u0173 odos plot\u0173 pakankam\u0105 kiek\u012f, t. y. kol gerai sudr\u0117kinsite.<\/p>\n<p>Avalynei gydyti nuo grybeli\u0173 pur\u0161kalas kasdien per nakt\u012f kruop\u0161\u010diai u\u017epur\u0161kiamas ant vidinio bat\u0173 pavir\u0161iaus.<\/p>\n<p>Prie\u0161 naudojim\u0105 suplakite.<\/p>\n<p>Kontraindikacijos:<br \/>\nIndividualus jautrumas sudedamosioms dalims.<\/p>\n<p>Laikymo s\u0105lygos:<br \/>\nLaikyti pav\u0117syje, ne auk\u0161tesn\u0117je kaip 25 \u00b0C temperat\u016broje, vaikams ir gyv\u016bnams nepasiekiamoje vietoje.<\/p>\n<p>I\u0161leidimo forma: 150 ml buteliukas su purk\u0161tuvu.<\/p>\n<p>Sudedamosios dalys:<br \/>\nAqua, pieno r\u016bg\u0161tis, nikotino r\u016bg\u0161tis, salicilo r\u016bg\u0161tis, PEG-40 hidrogenizuotas ricin\u0173 aliejus, levand\u0173 (Lavandula Angustifolia) aliejus, ro\u017ei\u0173 (Ros-marinus Officialis) \u017eied\u0173 aliejus, Chelidonium Majus ekstraktas, vaistini\u0173 \u0161alavij\u0173 (Salvia Officinalis) ekstraktas, lazdelini\u0173 gyslo\u010di\u0173 (Stick-Tights) ekstraktas, natrio benzoatas.<\/p>\n","protected":false},"excerpt":{"rendered":"<p>&#8220;Hygienic&#8221; pur\u0161kalas nuo grybelio yra specialiai sukurtas rank\u0173 ir koj\u0173 nagams bei odai apsaugoti nuo grybelin\u0117s infekcijos. Jis tinka grybelin\u0117s infekcijos vietai gydyti ir odos bei nag\u0173 pa\u017eeidim\u0173 profilaktikai. Patogi produkto forma taip pat leid\u017eia pur\u0161kal\u0105 naudoti bat\u0173 prie\u017ei\u016brai. Prie\u0161grybelinis pur\u0161kalas veikia d\u0117l sud\u0117tyje esan\u010dios pieno r\u016bg\u0161ties, salicilo r\u016bg\u0161ties ir nikotino r\u016bg\u0161ties (vitamino PP). \u0160i\u0173 [&hellip;]<\/p>\n","protected":false},"featured_media":18383,"comment_status":"open","ping_status":"closed","template":"","meta":[],"product_brand":[],"product_cat":[119,192,219,123,217],"product_tag":[],"class_list":{"0":"post-18385","1":"product","2":"type-product","3":"status-publish","4":"has-post-thumbnail","6":"product_cat-kuno-produktai","7":"product_cat-naujienos","8":"product_cat-pedu-prieziura-lt","9":"product_cat-pedu-prieziura","10":"product_cat-sveikatos-prieziura","12":"first","13":"instock","14":"shipping-taxable","15":"purchasable","16":"product-type-simple"},"_links":{"self":[{"href":"https:\/\/beautysba.co.uk\/lt\/wp-json\/wp\/v2\/product\/18385","targetHints":{"allow":["GET"]}}],"collection":[{"href":"https:\/\/beautysba.co.uk\/lt\/wp-json\/wp\/v2\/product"}],"about":[{"href":"https:\/\/beautysba.co.uk\/lt\/wp-json\/wp\/v2\/types\/product"}],"replies":[{"embeddable":true,"href":"https:\/\/beautysba.co.uk\/lt\/wp-json\/wp\/v2\/comments?post=18385"}],"wp:featuredmedia":[{"embeddable":true,"href":"https:\/\/beautysba.co.uk\/lt\/wp-json\/wp\/v2\/media\/18383"}],"wp:attachment":[{"href":"https:\/\/beautysba.co.uk\/lt\/wp-json\/wp\/v2\/media?parent=18385"}],"wp:term":[{"taxonomy":"product_brand","embeddable":true,"href":"https:\/\/beautysba.co.uk\/lt\/wp-json\/wp\/v2\/product_brand?post=18385"},{"taxonomy":"product_cat","embeddable":true,"href":"https:\/\/beautysba.co.uk\/lt\/wp-json\/wp\/v2\/product_cat?post=18385"},{"taxonomy":"product_tag","embeddable":true,"href":"https:\/\/beautysba.co.uk\/lt\/wp-json\/wp\/v2\/product_tag?post=18385"}],"curies":[{"name":"wp","href":"https:\/\/api.w.org\/{rel}","templated":true}]}}