{"id":18397,"date":"2025-12-05T07:23:40","date_gmt":"2025-12-05T07:23:40","guid":{"rendered":"https:\/\/beautysba.co.uk\/product\/%d0%b3%d1%80%d0%b5%d1%86%d0%ba%d0%b8%d0%b5-%d0%be%d1%80%d0%b5%d1%85%d0%b8-%d0%b2-%d1%81%d0%b8%d1%80%d0%be%d0%bf%d0%b5-%d0%b8%d0%b7-%d1%81%d0%be%d1%81%d0%bd%d0%be%d0%b2%d1%8b%d1%85-%d1%88%d0%b8%d1%88\/"},"modified":"2025-12-17T06:48:42","modified_gmt":"2025-12-17T06:48:42","slug":"%d0%b3%d1%80%d0%b5%d1%86%d0%ba%d0%b8%d0%b5-%d0%be%d1%80%d0%b5%d1%85%d0%b8-%d0%b2-%d1%81%d0%b8%d1%80%d0%be%d0%bf%d0%b5-%d0%b8%d0%b7-%d1%81%d0%be%d1%81%d0%bd%d0%be%d0%b2%d1%8b%d1%85-%d1%88%d0%b8%d1%88","status":"publish","type":"product","link":"https:\/\/beautysba.co.uk\/lt\/produktas\/%d0%b3%d1%80%d0%b5%d1%86%d0%ba%d0%b8%d0%b5-%d0%be%d1%80%d0%b5%d1%85%d0%b8-%d0%b2-%d1%81%d0%b8%d1%80%d0%be%d0%bf%d0%b5-%d0%b8%d0%b7-%d1%81%d0%be%d1%81%d0%bd%d0%be%d0%b2%d1%8b%d1%85-%d1%88%d0%b8%d1%88\/","title":{"rendered":"Graikiniai rie\u0161utai pu\u0161\u0173 spurg\u0173 sirupe 200g &#8211; Jemeljanovskaja Biofabrika"},"content":{"rendered":"<p>Graikiniai rie\u0161utai pu\u0161\u0173 spurg\u0173 sirupe &#8211; skanus ir maistingas produktas, kuriame dera graikini\u0173 rie\u0161ut\u0173 ir pu\u0161\u0173 spurg\u0173 ekstrakto savyb\u0117s. Tinka kaip saldus priedas ar desertas. <\/p>\n<p>SUDEDAMOSIOS DALYS: graikiniai rie\u0161utai, sirupas, cukrus, pu\u0161\u0173 spurg\u0173 vandeninis ekstraktas, koncentruotos citrin\u0173 sultys.<\/p>\n<p>NETTO: 200 g<\/p>\n<p>Maistin\u0117 vert\u0117 100 g:<br \/>\nEnergin\u0117 vert\u0117: 1190 kJ \/ 280 kcal<br \/>\nRiebalai: 0 g<br \/>\n \u012fskaitant so\u010di\u0105sias riebal\u0173 r\u016bg\u0161tis: 0 g<br \/>\nAngliavandeniai: 70 g<br \/>\n \u012fskaitant cukr\u0173: 70 g<br \/>\nBaltymai: 0 g<br \/>\nDruska: 0 g<\/p>\n<p>\u012eSP\u0116JIMAI:<\/p>\n<p>Nenaudokite, jei netoleruojate sudedam\u0173j\u0173 dali\u0173.<br \/>\nJei pasirei\u0161kia alergin\u0117 reakcija, nutraukite vartojim\u0105 ir kreipkit\u0117s \u012f specialist\u0105.<br \/>\nLaikyti vaikams nepasiekiamoje vietoje.<br \/>\nPalaiko sveik\u0105 mityb\u0105 ir \u012fvair\u0173 gyvenimo b\u016bd\u0105.<br \/>\nLAIKYMO S\u0104LYGOS: Laikyti nuo +6 \u00b0C iki +20 \u00b0C temperat\u016broje, sausoje ir tamsioje vietoje. Atidaryt\u0105 laikyti \u0161aldytuve nuo +2 \u00b0C iki +6 \u00b0C temperat\u016broje ir suvartoti per 14 dien\u0173.  Galiojimo laikas: 24 m\u0117nesiai.<\/p>\n<p>Gamintojas: LLC &#8220;Yemelyanovskaya BioFactory&#8221;, Rusija<\/p>\n","protected":false},"excerpt":{"rendered":"<p>Graikiniai rie\u0161utai pu\u0161\u0173 spurg\u0173 sirupe &#8211; skanus ir maistingas produktas, kuriame dera graikini\u0173 rie\u0161ut\u0173 ir pu\u0161\u0173 spurg\u0173 ekstrakto savyb\u0117s. Tinka kaip saldus priedas ar desertas. SUDEDAMOSIOS DALYS: graikiniai rie\u0161utai, sirupas, cukrus, pu\u0161\u0173 spurg\u0173 vandeninis ekstraktas, koncentruotos citrin\u0173 sultys. NETTO: 200 g Maistin\u0117 vert\u0117 100 g: Energin\u0117 vert\u0117: 1190 kJ \/ 280 kcal Riebalai: 0 g [&hellip;]<\/p>\n","protected":false},"featured_media":18395,"comment_status":"open","ping_status":"closed","template":"","meta":[],"product_brand":[],"product_cat":[192,321,322,323],"product_tag":[],"class_list":{"0":"post-18397","1":"product","2":"type-product","3":"status-publish","4":"has-post-thumbnail","6":"product_cat-naujienos","7":"product_cat--lt","11":"first","12":"outofstock","13":"shipping-taxable","14":"purchasable","15":"product-type-simple"},"_links":{"self":[{"href":"https:\/\/beautysba.co.uk\/lt\/wp-json\/wp\/v2\/product\/18397","targetHints":{"allow":["GET"]}}],"collection":[{"href":"https:\/\/beautysba.co.uk\/lt\/wp-json\/wp\/v2\/product"}],"about":[{"href":"https:\/\/beautysba.co.uk\/lt\/wp-json\/wp\/v2\/types\/product"}],"replies":[{"embeddable":true,"href":"https:\/\/beautysba.co.uk\/lt\/wp-json\/wp\/v2\/comments?post=18397"}],"wp:featuredmedia":[{"embeddable":true,"href":"https:\/\/beautysba.co.uk\/lt\/wp-json\/wp\/v2\/media\/18395"}],"wp:attachment":[{"href":"https:\/\/beautysba.co.uk\/lt\/wp-json\/wp\/v2\/media?parent=18397"}],"wp:term":[{"taxonomy":"product_brand","embeddable":true,"href":"https:\/\/beautysba.co.uk\/lt\/wp-json\/wp\/v2\/product_brand?post=18397"},{"taxonomy":"product_cat","embeddable":true,"href":"https:\/\/beautysba.co.uk\/lt\/wp-json\/wp\/v2\/product_cat?post=18397"},{"taxonomy":"product_tag","embeddable":true,"href":"https:\/\/beautysba.co.uk\/lt\/wp-json\/wp\/v2\/product_tag?post=18397"}],"curies":[{"name":"wp","href":"https:\/\/api.w.org\/{rel}","templated":true}]}}