{"id":18409,"date":"2025-12-05T07:27:31","date_gmt":"2025-12-05T07:27:31","guid":{"rendered":"https:\/\/beautysba.co.uk\/product\/%d1%82%d1%80%d0%b0%d0%b2%d1%8f%d0%bd%d0%be%d0%b9-%d1%87%d0%b0%d0%b9-%d1%81-%d1%87%d0%b5%d1%80%d0%bd%d0%be%d0%b9-%d1%81%d0%bc%d0%be%d1%80%d0%be%d0%b4%d0%b8%d0%bd%d0%be%d0%b9-40%d0%b3-%d0%b5%d0%bc\/"},"modified":"2025-12-17T06:48:37","modified_gmt":"2025-12-17T06:48:37","slug":"%d1%82%d1%80%d0%b0%d0%b2%d1%8f%d0%bd%d0%be%d0%b9-%d1%87%d0%b0%d0%b9-%d1%81-%d1%87%d0%b5%d1%80%d0%bd%d0%be%d0%b9-%d1%81%d0%bc%d0%be%d1%80%d0%be%d0%b4%d0%b8%d0%bd%d0%be%d0%b9-40%d0%b3-%d0%b5%d0%bc","status":"publish","type":"product","link":"https:\/\/beautysba.co.uk\/lt\/produktas\/%d1%82%d1%80%d0%b0%d0%b2%d1%8f%d0%bd%d0%be%d0%b9-%d1%87%d0%b0%d0%b9-%d1%81-%d1%87%d0%b5%d1%80%d0%bd%d0%be%d0%b9-%d1%81%d0%bc%d0%be%d1%80%d0%be%d0%b4%d0%b8%d0%bd%d0%be%d0%b9-40%d0%b3-%d0%b5%d0%bc\/","title":{"rendered":"\u017doleli\u0173 arbata su juodaisiais serbentais 40g &#8211; Jemeljanovskaja Biofabrica"},"content":{"rendered":"<p>Sud\u0117tis<\/p>\n<p>Serbent\u0173 lapai<br \/>\nApra\u0161ymas<\/p>\n<p>\u017doleli\u0173 arbata su serbentais yra askorbo r\u016bg\u0161ties gamybos lyder\u0117. Ji atkuria gyvybingum\u0105 po per\u0161alimo lig\u0173, suteikia \u017evalumo ir j\u0117g\u0173. \u017dalsv\u0173 serbent\u0173 u\u017epilas su sodriu uog\u0173 skoniu pad\u0117s atsikratyti kar\u0161\u010diavimo, suma\u017eins inkst\u0173, \u017earnyno u\u017edegim\u0105, i\u0161valys kraujagysles nuo cholesterolio. Tokia \u017eoleli\u0173 arbata i\u0161 organizmo i\u0161plauna patogeninius mikrobus, \u0161lapimo r\u016bg\u0161t\u012f ir purinus.   <\/p>\n<p>\u0160is kvapnusis serbent\u0173 lap\u0173 g\u0117rimas suteiks jums kelias minutes aromatingo malonumo.<\/p>\n<p>Jo nepaprastas skonis sukels malonius vasaros prisiminimus ir privers \u012fsipilti dar vien\u0105 puodel\u012f! S\u0117kmingo arbatos g\u0117rimo! <\/p>\n","protected":false},"excerpt":{"rendered":"<p>Sud\u0117tis Serbent\u0173 lapai Apra\u0161ymas \u017doleli\u0173 arbata su serbentais yra askorbo r\u016bg\u0161ties gamybos lyder\u0117. Ji atkuria gyvybingum\u0105 po per\u0161alimo lig\u0173, suteikia \u017evalumo ir j\u0117g\u0173. \u017dalsv\u0173 serbent\u0173 u\u017epilas su sodriu uog\u0173 skoniu pad\u0117s atsikratyti kar\u0161\u010diavimo, suma\u017eins inkst\u0173, \u017earnyno u\u017edegim\u0105, i\u0161valys kraujagysles nuo cholesterolio. Tokia \u017eoleli\u0173 arbata i\u0161 organizmo i\u0161plauna patogeninius mikrobus, \u0161lapimo r\u016bg\u0161t\u012f ir purinus. \u0160is kvapnusis [&hellip;]<\/p>\n","protected":false},"featured_media":18407,"comment_status":"open","ping_status":"closed","template":"","meta":[],"product_brand":[],"product_cat":[192,217,270],"product_tag":[],"class_list":{"0":"post-18409","1":"product","2":"type-product","3":"status-publish","4":"has-post-thumbnail","6":"product_cat-naujienos","7":"product_cat-sveikatos-prieziura","8":"product_cat----lt","10":"first","11":"instock","12":"shipping-taxable","13":"purchasable","14":"product-type-simple"},"_links":{"self":[{"href":"https:\/\/beautysba.co.uk\/lt\/wp-json\/wp\/v2\/product\/18409","targetHints":{"allow":["GET"]}}],"collection":[{"href":"https:\/\/beautysba.co.uk\/lt\/wp-json\/wp\/v2\/product"}],"about":[{"href":"https:\/\/beautysba.co.uk\/lt\/wp-json\/wp\/v2\/types\/product"}],"replies":[{"embeddable":true,"href":"https:\/\/beautysba.co.uk\/lt\/wp-json\/wp\/v2\/comments?post=18409"}],"wp:featuredmedia":[{"embeddable":true,"href":"https:\/\/beautysba.co.uk\/lt\/wp-json\/wp\/v2\/media\/18407"}],"wp:attachment":[{"href":"https:\/\/beautysba.co.uk\/lt\/wp-json\/wp\/v2\/media?parent=18409"}],"wp:term":[{"taxonomy":"product_brand","embeddable":true,"href":"https:\/\/beautysba.co.uk\/lt\/wp-json\/wp\/v2\/product_brand?post=18409"},{"taxonomy":"product_cat","embeddable":true,"href":"https:\/\/beautysba.co.uk\/lt\/wp-json\/wp\/v2\/product_cat?post=18409"},{"taxonomy":"product_tag","embeddable":true,"href":"https:\/\/beautysba.co.uk\/lt\/wp-json\/wp\/v2\/product_tag?post=18409"}],"curies":[{"name":"wp","href":"https:\/\/api.w.org\/{rel}","templated":true}]}}