{"id":18424,"date":"2025-12-05T07:40:29","date_gmt":"2025-12-05T07:40:29","guid":{"rendered":"https:\/\/beautysba.co.uk\/product\/%d0%b8%d0%b2%d0%b0%d0%bd-%d1%87%d0%b0%d0%b9-%d0%bb%d0%b8%d1%81%d1%82%d0%be%d0%b2%d0%be%d0%b9-%d1%84%d0%b5%d1%80%d0%bc%d0%b5%d0%bd%d1%82%d0%b8%d1%80%d0%be%d0%b2%d0%b0%d0%bd%d0%bd%d1%8b%d0%b9-%d1%81\/"},"modified":"2025-12-17T06:49:28","modified_gmt":"2025-12-17T06:49:28","slug":"%d0%b8%d0%b2%d0%b0%d0%bd-%d1%87%d0%b0%d0%b9-%d0%bb%d0%b8%d1%81%d1%82%d0%be%d0%b2%d0%be%d0%b9-%d1%84%d0%b5%d1%80%d0%bc%d0%b5%d0%bd%d1%82%d0%b8%d1%80%d0%be%d0%b2%d0%b0%d0%bd%d0%bd%d1%8b%d0%b9-%d1%81","status":"publish","type":"product","link":"https:\/\/beautysba.co.uk\/lt\/produktas\/%d0%b8%d0%b2%d0%b0%d0%bd-%d1%87%d0%b0%d0%b9-%d0%bb%d0%b8%d1%81%d1%82%d0%be%d0%b2%d0%be%d0%b9-%d1%84%d0%b5%d1%80%d0%bc%d0%b5%d0%bd%d1%82%d0%b8%d1%80%d0%be%d0%b2%d0%b0%d0%bd%d0%bd%d1%8b%d0%b9-%d1%81\/","title":{"rendered":"&#8220;Ivan-tea&#8221; fermentuota lap\u0173 arbata su liep\u0173 \u017eiedais, 50 g &#8211; Jemeljanovskaja Biofabrica"},"content":{"rendered":"<p>&#8220;Emeljanovskaja Biofabrika&#8221; arbata &#8220;Ivan&#8221; su liep\u0173 \u017eiedais &#8211; tai nat\u016brali fermentuota arbata i\u0161 siaura\u0161aki\u0173 kiparis\u0173 lap\u0173, surinkt\u0173 ekologi\u0161kai \u0161variuose Novgorodo srities mi\u0161kuose. G\u0117rimas pasi\u017eymi \u0161velniu vaisi\u0173-g\u0117li\u0173 aromatu ir subtiliu skoniu, sukurian\u010diu jaukumo ir harmonijos poj\u016bt\u012f. <\/p>\n<p>Nat\u016brali sud\u0117tis: tik fermentuoti gluosni\u0173 lapai ir d\u017eiovinti liep\u0173 \u017eiedai.<br \/>\nAromatas ir skonis: lengvas, medaus ir g\u0117li\u0173 aromatas su \u0161velniomis \u017eoleli\u0173 natomis.<br \/>\nIdealiai tinka kasdieniam arbatos g\u0117rimui: galima gerti kar\u0161t\u0105 arba at\u0161aldyt\u0105, puikiai tinka su medumi.<br \/>\nRankomis surinkta ir fermentuota: arbata ruo\u0161iama tradiciniais metodais, tod\u0117l i\u0161saugomas nat\u016bralus jos skonis ir aromatas.<br \/>\nGrynasis svoris: 50 g<\/p>\n<p>Sudedamosios dalys:<br \/>\nFermentuoti gluosni\u0173 arbat\u017eoli\u0173 (Kiparis\u0173 siaura\u017eied\u017ei\u0173, Epilobium angustifolium L.) lapai, d\u017eiovinti liep\u0173 \u017eiedai.<\/p>\n<p>Paruo\u0161imas:<br \/>\n1-2 arbatinius \u0161auk\u0161telius arbatos u\u017epilti kar\u0161tu vandeniu (90-95 \u00b0C), palaikyti 5-7 minutes. Patiekite pagal skon\u012f su medumi arba citrina. <\/p>\n<p>Laikymo s\u0105lygos:<br \/>\nLaikyti v\u0117sioje, sausoje, nuo tiesiogini\u0173 saul\u0117s spinduli\u0173 apsaugotoje vietoje.<\/p>\n<p>Gamintojas: Yemelyanovskaya Biofabrika, Rusija<\/p>\n","protected":false},"excerpt":{"rendered":"<p>&#8220;Emeljanovskaja Biofabrika&#8221; arbata &#8220;Ivan&#8221; su liep\u0173 \u017eiedais &#8211; tai nat\u016brali fermentuota arbata i\u0161 siaura\u0161aki\u0173 kiparis\u0173 lap\u0173, surinkt\u0173 ekologi\u0161kai \u0161variuose Novgorodo srities mi\u0161kuose. G\u0117rimas pasi\u017eymi \u0161velniu vaisi\u0173-g\u0117li\u0173 aromatu ir subtiliu skoniu, sukurian\u010diu jaukumo ir harmonijos poj\u016bt\u012f. Nat\u016brali sud\u0117tis: tik fermentuoti gluosni\u0173 lapai ir d\u017eiovinti liep\u0173 \u017eiedai. Aromatas ir skonis: lengvas, medaus ir g\u0117li\u0173 aromatas su \u0161velniomis [&hellip;]<\/p>\n","protected":false},"featured_media":18422,"comment_status":"open","ping_status":"closed","template":"","meta":[],"product_brand":[],"product_cat":[192,217,270],"product_tag":[],"class_list":{"0":"post-18424","1":"product","2":"type-product","3":"status-publish","4":"has-post-thumbnail","6":"product_cat-naujienos","7":"product_cat-sveikatos-prieziura","8":"product_cat----lt","10":"first","11":"outofstock","12":"shipping-taxable","13":"purchasable","14":"product-type-simple"},"_links":{"self":[{"href":"https:\/\/beautysba.co.uk\/lt\/wp-json\/wp\/v2\/product\/18424","targetHints":{"allow":["GET"]}}],"collection":[{"href":"https:\/\/beautysba.co.uk\/lt\/wp-json\/wp\/v2\/product"}],"about":[{"href":"https:\/\/beautysba.co.uk\/lt\/wp-json\/wp\/v2\/types\/product"}],"replies":[{"embeddable":true,"href":"https:\/\/beautysba.co.uk\/lt\/wp-json\/wp\/v2\/comments?post=18424"}],"wp:featuredmedia":[{"embeddable":true,"href":"https:\/\/beautysba.co.uk\/lt\/wp-json\/wp\/v2\/media\/18422"}],"wp:attachment":[{"href":"https:\/\/beautysba.co.uk\/lt\/wp-json\/wp\/v2\/media?parent=18424"}],"wp:term":[{"taxonomy":"product_brand","embeddable":true,"href":"https:\/\/beautysba.co.uk\/lt\/wp-json\/wp\/v2\/product_brand?post=18424"},{"taxonomy":"product_cat","embeddable":true,"href":"https:\/\/beautysba.co.uk\/lt\/wp-json\/wp\/v2\/product_cat?post=18424"},{"taxonomy":"product_tag","embeddable":true,"href":"https:\/\/beautysba.co.uk\/lt\/wp-json\/wp\/v2\/product_tag?post=18424"}],"curies":[{"name":"wp","href":"https:\/\/api.w.org\/{rel}","templated":true}]}}