{"id":18440,"date":"2025-12-05T11:27:10","date_gmt":"2025-12-05T11:27:10","guid":{"rendered":"https:\/\/beautysba.co.uk\/product\/olko-%d0%b3%d0%be%d1%80%d1%87%d0%b8%d1%87%d0%bd%d0%b8%d0%ba%d0%b8-10-%d1%88%d1%82\/"},"modified":"2025-12-17T06:49:07","modified_gmt":"2025-12-17T06:49:07","slug":"olko-%d0%b3%d0%be%d1%80%d1%87%d0%b8%d1%87%d0%bd%d0%b8%d0%ba%d0%b8-10-%d1%88%d1%82","status":"publish","type":"product","link":"https:\/\/beautysba.co.uk\/lt\/produktas\/olko-%d0%b3%d0%be%d1%80%d1%87%d0%b8%d1%87%d0%bd%d0%b8%d0%ba%d0%b8-10-%d1%88%d1%82\/","title":{"rendered":"OLKO&#8221; Garsty\u010di\u0173 lazdel\u0117s, 10 vnt."},"content":{"rendered":"<p>Apra\u0161ymas: Tradicin\u0117 priemon\u0117, skirta greitai ir patogiai naudoti i\u0161ori\u0161kai .<\/p>\n<p>Grynasis svoris: 10 vnt.<\/p>\n<p>Sud\u0117tis: kiekviename garsty\u010di\u0173 pagalv\u0117l\u0117je yra 3 g valgom\u0173j\u0173 garsty\u010di\u0173 (Sinapis spp.) milteli\u0173.<\/p>\n<p>Naudojimas: pakratykite pleistr\u0105 horizontaliai, kad milteliai tolygiai pasiskirstyt\u0173 4 l\u0105stel\u0117se. Palaikykite \u0161iltame vandenyje 3-4 sekundes. U\u017ed\u0117kite ant odos akyt\u0105ja puse. U\u017edenkite sausu rank\u0161luos\u010diu. Jei jau\u010diamas stiprus deginimas ar diskomfortas, nuimkite po 3-10 minu\u010di\u0173.    <\/p>\n<p>\u012esp\u0117jimai:<\/p>\n<p>Nenaudokite kasdien toje pa\u010dioje vietoje &#8211; odai reikia laiko atsigauti (naudokite kas antr\u0105 dien\u0105).<br \/>\nNetepkite ant \u0161irdies ploto, veido ar apgam\u0173.<br \/>\nTik i\u0161oriniam naudojimui. Galima naudoti tik vien\u0105 kart\u0105.<br \/>\nNenaudokite jaunesniems nei 5 met\u0173 vaikams.<br \/>\nNenaudoti esant padid\u0117jusiam jautrumui sudedamosioms dalims.<br \/>\nJei pasirei\u0161kia alergin\u0117 reakcija, nutraukite vartojim\u0105 ir kreipkit\u0117s \u012f gydytoj\u0105.<br \/>\nVengti patekimo \u012f akis. Patekus \u012f s\u0105lyt\u012f, kruop\u0161\u010diai nuplaukite vandeniu.<br \/>\nLaikymas: nuo +5 \u00b0C iki +25 \u00b0C temperat\u016broje, sausoje, nuo \u0161viesos apsaugotoje vietoje. Laikyti vaikams nepasiekiamoje vietoje.<\/p>\n<p>Galiojimo laikas: 36 m\u0117n.<\/p>\n<p>Data &#8220;Tinka naudoti iki&#8221;: \u017er. pakuot\u0119.<\/p>\n<p>Gamintojas: Ukraina.<\/p>\n","protected":false},"excerpt":{"rendered":"<p>Apra\u0161ymas: Tradicin\u0117 priemon\u0117, skirta greitai ir patogiai naudoti i\u0161ori\u0161kai . Grynasis svoris: 10 vnt. Sud\u0117tis: kiekviename garsty\u010di\u0173 pagalv\u0117l\u0117je yra 3 g valgom\u0173j\u0173 garsty\u010di\u0173 (Sinapis spp.) milteli\u0173. Naudojimas: pakratykite pleistr\u0105 horizontaliai, kad milteliai tolygiai pasiskirstyt\u0173 4 l\u0105stel\u0117se. Palaikykite \u0161iltame vandenyje 3-4 sekundes. U\u017ed\u0117kite ant odos akyt\u0105ja puse. U\u017edenkite sausu rank\u0161luos\u010diu. Jei jau\u010diamas stiprus deginimas ar diskomfortas, [&hellip;]<\/p>\n","protected":false},"featured_media":18438,"comment_status":"open","ping_status":"closed","template":"","meta":[],"product_brand":[],"product_cat":[192,201,217],"product_tag":[],"class_list":{"0":"post-18440","1":"product","2":"type-product","3":"status-publish","4":"has-post-thumbnail","6":"product_cat-naujienos","7":"product_cat-skausmo-malsinimas","8":"product_cat-sveikatos-prieziura","10":"first","11":"instock","12":"shipping-taxable","13":"purchasable","14":"product-type-simple"},"_links":{"self":[{"href":"https:\/\/beautysba.co.uk\/lt\/wp-json\/wp\/v2\/product\/18440","targetHints":{"allow":["GET"]}}],"collection":[{"href":"https:\/\/beautysba.co.uk\/lt\/wp-json\/wp\/v2\/product"}],"about":[{"href":"https:\/\/beautysba.co.uk\/lt\/wp-json\/wp\/v2\/types\/product"}],"replies":[{"embeddable":true,"href":"https:\/\/beautysba.co.uk\/lt\/wp-json\/wp\/v2\/comments?post=18440"}],"wp:featuredmedia":[{"embeddable":true,"href":"https:\/\/beautysba.co.uk\/lt\/wp-json\/wp\/v2\/media\/18438"}],"wp:attachment":[{"href":"https:\/\/beautysba.co.uk\/lt\/wp-json\/wp\/v2\/media?parent=18440"}],"wp:term":[{"taxonomy":"product_brand","embeddable":true,"href":"https:\/\/beautysba.co.uk\/lt\/wp-json\/wp\/v2\/product_brand?post=18440"},{"taxonomy":"product_cat","embeddable":true,"href":"https:\/\/beautysba.co.uk\/lt\/wp-json\/wp\/v2\/product_cat?post=18440"},{"taxonomy":"product_tag","embeddable":true,"href":"https:\/\/beautysba.co.uk\/lt\/wp-json\/wp\/v2\/product_tag?post=18440"}],"curies":[{"name":"wp","href":"https:\/\/api.w.org\/{rel}","templated":true}]}}