{"id":18446,"date":"2025-12-05T11:31:20","date_gmt":"2025-12-05T11:31:20","guid":{"rendered":"https:\/\/beautysba.co.uk\/product\/%d0%bf%d0%b5%d1%80%d0%b5%d0%b9%d1%82%d0%b8-%d0%ba-%d0%bd%d0%b0%d1%87%d0%b0%d0%bb%d1%83-%d0%b3%d0%b0%d0%bb%d0%b5%d1%80%d0%b5%d0%b8-%d0%b8%d0%b7%d0%be%d0%b1%d1%80%d0%b0%d0%b6%d0%b5%d0%bd%d0%b8%d0%b9\/"},"modified":"2025-12-17T06:49:28","modified_gmt":"2025-12-17T06:49:28","slug":"%d0%bf%d0%b5%d1%80%d0%b5%d0%b9%d1%82%d0%b8-%d0%ba-%d0%bd%d0%b0%d1%87%d0%b0%d0%bb%d1%83-%d0%b3%d0%b0%d0%bb%d0%b5%d1%80%d0%b5%d0%b8-%d0%b8%d0%b7%d0%be%d0%b1%d1%80%d0%b0%d0%b6%d0%b5%d0%bd%d0%b8%d0%b9","status":"publish","type":"product","link":"https:\/\/beautysba.co.uk\/lt\/produktas\/%d0%bf%d0%b5%d1%80%d0%b5%d0%b9%d1%82%d0%b8-%d0%ba-%d0%bd%d0%b0%d1%87%d0%b0%d0%bb%d1%83-%d0%b3%d0%b0%d0%bb%d0%b5%d1%80%d0%b5%d0%b8-%d0%b8%d0%b7%d0%be%d0%b1%d1%80%d0%b0%d0%b6%d0%b5%d0%bd%d0%b8%d0%b9\/","title":{"rendered":"Valerijonas Extra, 150 table\u010di\u0173 (200 mg) &#8211; Farm Group"},"content":{"rendered":"<p>&#8220;Valerian Extra&#8221; &#8211; tai maisto papildas tablet\u0117se, kuris vartojamas ramybei palaikyti ir emociniam fonui normalizuoti. Valerijon\u0173 \u0161akn\u0173 pagrindu pagamintas preparatas skatina atsipalaidavim\u0105, padeda suma\u017einti nervin\u0119 \u012ftamp\u0105 ir skatina sveik\u0105 mieg\u0105. <\/p>\n<p>Nerv\u0173 sistemos palaikymas: valerijon\u0173 \u0161akn\u0173 ekstraktas turi lengv\u0105 raminam\u0105j\u012f poveik\u012f.<br \/>\nSkatina atsipalaidavim\u0105: padeda \u012fveikti padid\u0117jus\u012f jaudrum\u0105 ir stres\u0105.<br \/>\nNat\u016brali formul\u0117: kiekvienoje tablet\u0117je yra 200 mg valerijon\u0173.<br \/>\nPatogus formatas: 150 table\u010di\u0173 pakuot\u0117 u\u017etikrina ilgalaik\u012f vartojim\u0105.<br \/>\nGrynasis kiekis: 150 table\u010di\u0173 (200 mg)<\/p>\n<p>Sudedamosios dalys:<br \/>\nValerijon\u0173 \u0161akn\u0173 (Valerianae radix) sausasis ekstraktas, mikrokristalin\u0117 celiulioz\u0117, krakmolas, kalcio stearatas (lipnum\u0105 reguliuojanti med\u017eiaga).<\/p>\n<p>Vartojimas:<br \/>\nSuaugusieji vartoja po 1-3 tabletes 3 kartus per dien\u0105 valgio metu. Kursas &#8211; 3-4 savait\u0117s. <\/p>\n<p>\u012esp\u0117jimai:<br \/>\nNerekomenduojama vartoti vaikams, n\u0117\u0161\u010dioms ir kr\u016btimi maitinan\u010dioms moterims. Nevir\u0161ykite rekomenduojamos paros doz\u0117s. Nenaudokite, jei netoleruojate sudedam\u0173j\u0173 dali\u0173. Tai n\u0117ra vaistinis preparatas.<\/p>\n<p>Laikymo s\u0105lygos:<br \/>\nLaikyti sausoje vietoje, +5&#8230;+25 \u00b0C temperat\u016broje, vaikams nepasiekiamoje vietoje. Galiojimo laikas: 2 metai. Pagaminimo data nurodyta ant pakuot\u0117s.<\/p>\n","protected":false},"excerpt":{"rendered":"<p>&#8220;Valerian Extra&#8221; &#8211; tai maisto papildas tablet\u0117se, kuris vartojamas ramybei palaikyti ir emociniam fonui normalizuoti. Valerijon\u0173 \u0161akn\u0173 pagrindu pagamintas preparatas skatina atsipalaidavim\u0105, padeda suma\u017einti nervin\u0119 \u012ftamp\u0105 ir skatina sveik\u0105 mieg\u0105. Nerv\u0173 sistemos palaikymas: valerijon\u0173 \u0161akn\u0173 ekstraktas turi lengv\u0105 raminam\u0105j\u012f poveik\u012f. Skatina atsipalaidavim\u0105: padeda \u012fveikti padid\u0117jus\u012f jaudrum\u0105 ir stres\u0105. Nat\u016brali formul\u0117: kiekvienoje tablet\u0117je yra 200 mg [&hellip;]<\/p>\n","protected":false},"featured_media":18444,"comment_status":"open","ping_status":"closed","template":"","meta":[],"product_brand":[],"product_cat":[192,217,220],"product_tag":[],"class_list":{"0":"post-18446","1":"product","2":"type-product","3":"status-publish","4":"has-post-thumbnail","6":"product_cat-naujienos","7":"product_cat-sveikatos-prieziura","8":"product_cat-zarnyno-sveikata","10":"first","11":"instock","12":"shipping-taxable","13":"purchasable","14":"product-type-simple"},"_links":{"self":[{"href":"https:\/\/beautysba.co.uk\/lt\/wp-json\/wp\/v2\/product\/18446","targetHints":{"allow":["GET"]}}],"collection":[{"href":"https:\/\/beautysba.co.uk\/lt\/wp-json\/wp\/v2\/product"}],"about":[{"href":"https:\/\/beautysba.co.uk\/lt\/wp-json\/wp\/v2\/types\/product"}],"replies":[{"embeddable":true,"href":"https:\/\/beautysba.co.uk\/lt\/wp-json\/wp\/v2\/comments?post=18446"}],"wp:featuredmedia":[{"embeddable":true,"href":"https:\/\/beautysba.co.uk\/lt\/wp-json\/wp\/v2\/media\/18444"}],"wp:attachment":[{"href":"https:\/\/beautysba.co.uk\/lt\/wp-json\/wp\/v2\/media?parent=18446"}],"wp:term":[{"taxonomy":"product_brand","embeddable":true,"href":"https:\/\/beautysba.co.uk\/lt\/wp-json\/wp\/v2\/product_brand?post=18446"},{"taxonomy":"product_cat","embeddable":true,"href":"https:\/\/beautysba.co.uk\/lt\/wp-json\/wp\/v2\/product_cat?post=18446"},{"taxonomy":"product_tag","embeddable":true,"href":"https:\/\/beautysba.co.uk\/lt\/wp-json\/wp\/v2\/product_tag?post=18446"}],"curies":[{"name":"wp","href":"https:\/\/api.w.org\/{rel}","templated":true}]}}