{"id":18458,"date":"2025-12-05T11:41:38","date_gmt":"2025-12-05T11:41:38","guid":{"rendered":"https:\/\/beautysba.co.uk\/product\/%d0%ba%d0%b0%d1%81%d1%82%d0%be%d1%80%d0%be%d0%b2%d0%be%d0%b5-%d0%bc%d0%b0%d1%81%d0%bb%d0%be-%d0%b2-%d0%ba%d0%b0%d0%bf%d1%81%d1%83%d0%bb%d0%b0%d1%85-60-%d1%88%d1%82-vitateka\/"},"modified":"2025-12-17T06:48:30","modified_gmt":"2025-12-17T06:48:30","slug":"%d0%ba%d0%b0%d1%81%d1%82%d0%be%d1%80%d0%be%d0%b2%d0%be%d0%b5-%d0%bc%d0%b0%d1%81%d0%bb%d0%be-%d0%b2-%d0%ba%d0%b0%d0%bf%d1%81%d1%83%d0%bb%d0%b0%d1%85-60-%d1%88%d1%82-vitateka","status":"publish","type":"product","link":"https:\/\/beautysba.co.uk\/lt\/produktas\/%d0%ba%d0%b0%d1%81%d1%82%d0%be%d1%80%d0%be%d0%b2%d0%be%d0%b5-%d0%bc%d0%b0%d1%81%d0%bb%d0%be-%d0%b2-%d0%ba%d0%b0%d0%bf%d1%81%d1%83%d0%bb%d0%b0%d1%85-60-%d1%88%d1%82-vitateka\/","title":{"rendered":"Ricinos aliejus kapsul\u0117se 60 vnt &#8211; Vitateka"},"content":{"rendered":"<p>&#8220;Vitateka&#8221; ricinos aliejus kapsul\u0117se yra nat\u016bralus mononeso\u010di\u0173j\u0173 riebal\u0173 r\u016bg\u0161\u010di\u0173 \u0161altinis, kuriame gausu ricinolo r\u016bg\u0161ties (87 %), priklausan\u010dios Omega-9 grupei. Patogi kapsuli\u0173 forma palengvina vartojim\u0105 ir u\u017etikrina auk\u0161t\u0105 biologin\u012f \u012fsisavinamum\u0105. Pakuot\u0117je yra 60 kapsuli\u0173, tod\u0117l produkt\u0105 patogu reguliariai vartoti kaip subalansuotos mitybos dal\u012f.  <\/p>\n<p>Nat\u016brali sud\u0117tis: ricin\u0173 aliejus (Ricinus Communis).<br \/>\nOmega-9 \u0161altinis: iki 87 % ricinolo r\u016bg\u0161ties.<br \/>\nI\u0161leidimo forma: 60 kapsuli\u0173 (30 g grynojo svorio).<br \/>\nGamybos \u0161alis: Estija.<br \/>\nGrynasis svoris: 30 g (60 kapsuli\u0173 \u00d7 500 mg)<\/p>\n<p>Sudedamosios dalys:<br \/>\n\u0161alto spaudimo ricin\u0173 aliejus (Ricinus Communis), antioksidantas: tokoferoli\u0173 ekstraktas, kapsul\u0117s med\u017eiaga &#8211; \u017eelatina, dr\u0117kiklis (glicerinas), vanduo.<\/p>\n<p>Maistin\u0117 vert\u0117 (1 kapsul\u0117je):<br \/>\nRiebalai &#8211; 210 mg<br \/>\n\u012fskaitant mononeso\u010di\u0105sias riebal\u0173 r\u016bg\u0161tis (Omega-9) &#8211; 183 mg<x id=\"gid_2\"><\/x>Ricinoleno r\u016bg\u0161tis &#8211; 183 mg<x id=\"gid_3\"><\/x>Vartojimas:<x id=\"gid_4\"><\/x>Rekomenduojama doz\u0117: Suaugusiesiems gerti po 1-3 kapsules per dien\u0105. Informacija apie vartojim\u0105 nurodyta ant pakuot\u0117s.  <\/p>\n<p>Laikymo s\u0105lygos:<br \/>\nLaikyti sausoje, nuo \u0161viesos apsaugotoje vietoje, ne auk\u0161tesn\u0117je kaip +25 \u00b0C temperat\u016broje.<\/p>\n","protected":false},"excerpt":{"rendered":"<p>&#8220;Vitateka&#8221; ricinos aliejus kapsul\u0117se yra nat\u016bralus mononeso\u010di\u0173j\u0173 riebal\u0173 r\u016bg\u0161\u010di\u0173 \u0161altinis, kuriame gausu ricinolo r\u016bg\u0161ties (87 %), priklausan\u010dios Omega-9 grupei. Patogi kapsuli\u0173 forma palengvina vartojim\u0105 ir u\u017etikrina auk\u0161t\u0105 biologin\u012f \u012fsisavinamum\u0105. Pakuot\u0117je yra 60 kapsuli\u0173, tod\u0117l produkt\u0105 patogu reguliariai vartoti kaip subalansuotos mitybos dal\u012f. Nat\u016brali sud\u0117tis: ricin\u0173 aliejus (Ricinus Communis). Omega-9 \u0161altinis: iki 87 % ricinolo r\u016bg\u0161ties. [&hellip;]<\/p>\n","protected":false},"featured_media":18456,"comment_status":"open","ping_status":"closed","template":"","meta":[],"product_brand":[],"product_cat":[192,217,220],"product_tag":[],"class_list":{"0":"post-18458","1":"product","2":"type-product","3":"status-publish","4":"has-post-thumbnail","6":"product_cat-naujienos","7":"product_cat-sveikatos-prieziura","8":"product_cat-zarnyno-sveikata","10":"first","11":"instock","12":"shipping-taxable","13":"purchasable","14":"product-type-simple"},"_links":{"self":[{"href":"https:\/\/beautysba.co.uk\/lt\/wp-json\/wp\/v2\/product\/18458","targetHints":{"allow":["GET"]}}],"collection":[{"href":"https:\/\/beautysba.co.uk\/lt\/wp-json\/wp\/v2\/product"}],"about":[{"href":"https:\/\/beautysba.co.uk\/lt\/wp-json\/wp\/v2\/types\/product"}],"replies":[{"embeddable":true,"href":"https:\/\/beautysba.co.uk\/lt\/wp-json\/wp\/v2\/comments?post=18458"}],"wp:featuredmedia":[{"embeddable":true,"href":"https:\/\/beautysba.co.uk\/lt\/wp-json\/wp\/v2\/media\/18456"}],"wp:attachment":[{"href":"https:\/\/beautysba.co.uk\/lt\/wp-json\/wp\/v2\/media?parent=18458"}],"wp:term":[{"taxonomy":"product_brand","embeddable":true,"href":"https:\/\/beautysba.co.uk\/lt\/wp-json\/wp\/v2\/product_brand?post=18458"},{"taxonomy":"product_cat","embeddable":true,"href":"https:\/\/beautysba.co.uk\/lt\/wp-json\/wp\/v2\/product_cat?post=18458"},{"taxonomy":"product_tag","embeddable":true,"href":"https:\/\/beautysba.co.uk\/lt\/wp-json\/wp\/v2\/product_tag?post=18458"}],"curies":[{"name":"wp","href":"https:\/\/api.w.org\/{rel}","templated":true}]}}