{"id":18464,"date":"2025-12-05T11:48:09","date_gmt":"2025-12-05T11:48:09","guid":{"rendered":"https:\/\/beautysba.co.uk\/product\/%d1%81%d0%bf%d1%80%d0%b5%d0%b9-%d0%bc%d0%b5%d0%bb%d0%b0%d1%82%d0%be%d0%bd%d0%b8%d0%bd%d0%b0-night-relax-30-%d0%bc%d0%bb-vitateka\/"},"modified":"2025-12-17T06:49:35","modified_gmt":"2025-12-17T06:49:35","slug":"%d1%81%d0%bf%d1%80%d0%b5%d0%b9-%d0%bc%d0%b5%d0%bb%d0%b0%d1%82%d0%be%d0%bd%d0%b8%d0%bd%d0%b0-night-relax-30-%d0%bc%d0%bb-vitateka","status":"publish","type":"product","link":"https:\/\/beautysba.co.uk\/lt\/produktas\/%d1%81%d0%bf%d1%80%d0%b5%d0%b9-%d0%bc%d0%b5%d0%bb%d0%b0%d1%82%d0%be%d0%bd%d0%b8%d0%bd%d0%b0-night-relax-30-%d0%bc%d0%bb-vitateka\/","title":{"rendered":"NIGHT RELAX Melatonino pur\u0161kalas, 30 ml &#8211; Vitateka"},"content":{"rendered":"<p>Trumpai apie gamin\u012f: patogus pur\u0161kiklis vakariniam atsipalaidavimo ritualui. Sud\u0117tyje yra melatonino, grifonijos ir Kalifornijos aguon\u0173 ekstrakto.  Tai n\u0117ra vaistinis preparatas.<\/p>\n<p>Patogi forma: vienas i\u0161pur\u0161kimas prie\u0161 mieg\u0105 &#8211; greitai ir lengvai.<br \/>\nVakaro ritualas: skirtas patogiai pasiruo\u0161ti miegui.<br \/>\nKontroliuojama doz\u0117: 1 mg melatonino rekomenduojama paros doz\u0117.<br \/>\nGrynasis kiekis: 30 ml<\/p>\n<p>Sud\u0117tis:<br \/>\nI\u0161grynintas vanduo, propilenglikolis (ne\u0161iklis), glicerinas (stabilizatorius), cukrus, Griffonia simplicifolia s\u0117kl\u0173 ekstraktas, Kalifornijos aguon\u0173 (Eschscholzia californica) \u017eied\u0173, lap\u0173 ir stieb\u0173 ekstraktas, melatoninas.<\/p>\n<p>Rekomenduojama paros doz\u0117 ir vartojimo b\u016bdas:<br \/>\nVienas i\u0161pur\u0161kimas 30 minu\u010di\u0173 prie\u0161 mieg\u0105. Did\u017eiausias poveikis pasiekiamas, kai 1 mg melatonino i\u0161pur\u0161kiama prie\u0161 pat u\u017emiegant. <\/p>\n<p>Sud\u0117tis paros doz\u0117je:<br \/>\nGrifonijos s\u0117kl\u0173 ekstraktas &#8211; 7,35 mg<br \/>\nKalifornijos aguon\u0173 ekstraktas &#8211; 7,35 mg<br \/>\nMelatoninas &#8211; 1 mg<br \/>\n\u012esp\u0117jimai:<br \/>\nNevartoti esant padid\u0117jusiam jautrumui sudedamosioms dalims.<br \/>\nN\u0117\u0161tumo ir \u017eindymo laikotarpiu &#8211; pasitarus su specialistu.<br \/>\nNevir\u0161yti rekomenduojamos paros doz\u0117s.<br \/>\nLaikyti vaikams nepasiekiamoje vietoje.<br \/>\nMaisto papildas n\u0117ra skirtas pakeisti visavert\u0119 ir subalansuot\u0105 mityb\u0105.<br \/>\nRekomenduojama vartoti nuo 18 met\u0173.<br \/>\nLaikymo s\u0105lygos ir tinkamumo laikas:<br \/>\nLaikyti kambario temperat\u016broje, sausoje vietoje, apsaugotoje nuo tiesiogini\u0173 saul\u0117s spinduli\u0173. Paruo\u0161ta iki: \u017er. pakuot\u0119.<\/p>\n<p>Kilm\u0117: gaminys sukurtas Estijoje; gaminamas Europos S\u0105jungoje.<\/p>\n","protected":false},"excerpt":{"rendered":"<p>Trumpai apie gamin\u012f: patogus pur\u0161kiklis vakariniam atsipalaidavimo ritualui. Sud\u0117tyje yra melatonino, grifonijos ir Kalifornijos aguon\u0173 ekstrakto. Tai n\u0117ra vaistinis preparatas. Patogi forma: vienas i\u0161pur\u0161kimas prie\u0161 mieg\u0105 &#8211; greitai ir lengvai. Vakaro ritualas: skirtas patogiai pasiruo\u0161ti miegui. Kontroliuojama doz\u0117: 1 mg melatonino rekomenduojama paros doz\u0117. Grynasis kiekis: 30 ml Sud\u0117tis: I\u0161grynintas vanduo, propilenglikolis (ne\u0161iklis), glicerinas (stabilizatorius), [&hellip;]<\/p>\n","protected":false},"featured_media":18462,"comment_status":"open","ping_status":"closed","template":"","meta":[],"product_brand":[],"product_cat":[192,217,220],"product_tag":[],"class_list":{"0":"post-18464","1":"product","2":"type-product","3":"status-publish","4":"has-post-thumbnail","6":"product_cat-naujienos","7":"product_cat-sveikatos-prieziura","8":"product_cat-zarnyno-sveikata","10":"first","11":"instock","12":"shipping-taxable","13":"purchasable","14":"product-type-simple"},"_links":{"self":[{"href":"https:\/\/beautysba.co.uk\/lt\/wp-json\/wp\/v2\/product\/18464","targetHints":{"allow":["GET"]}}],"collection":[{"href":"https:\/\/beautysba.co.uk\/lt\/wp-json\/wp\/v2\/product"}],"about":[{"href":"https:\/\/beautysba.co.uk\/lt\/wp-json\/wp\/v2\/types\/product"}],"replies":[{"embeddable":true,"href":"https:\/\/beautysba.co.uk\/lt\/wp-json\/wp\/v2\/comments?post=18464"}],"wp:featuredmedia":[{"embeddable":true,"href":"https:\/\/beautysba.co.uk\/lt\/wp-json\/wp\/v2\/media\/18462"}],"wp:attachment":[{"href":"https:\/\/beautysba.co.uk\/lt\/wp-json\/wp\/v2\/media?parent=18464"}],"wp:term":[{"taxonomy":"product_brand","embeddable":true,"href":"https:\/\/beautysba.co.uk\/lt\/wp-json\/wp\/v2\/product_brand?post=18464"},{"taxonomy":"product_cat","embeddable":true,"href":"https:\/\/beautysba.co.uk\/lt\/wp-json\/wp\/v2\/product_cat?post=18464"},{"taxonomy":"product_tag","embeddable":true,"href":"https:\/\/beautysba.co.uk\/lt\/wp-json\/wp\/v2\/product_tag?post=18464"}],"curies":[{"name":"wp","href":"https:\/\/api.w.org\/{rel}","templated":true}]}}