{"id":18488,"date":"2025-12-17T06:42:05","date_gmt":"2025-12-17T06:42:05","guid":{"rendered":"https:\/\/beautysba.co.uk\/product\/%d0%bd%d0%b0%d1%82%d1%83%d1%80%d0%b0%d0%bb%d1%8c%d0%bd%d1%8b%d0%b9-%d0%bc%d1%91%d0%b4-%d1%81-%d0%b1%d0%b0%d1%80%d0%b1%d0%b0%d1%80%d0%b8%d1%81%d0%be%d0%bc-230%d0%b3\/"},"modified":"2025-12-17T06:49:00","modified_gmt":"2025-12-17T06:49:00","slug":"%d0%bd%d0%b0%d1%82%d1%83%d1%80%d0%b0%d0%bb%d1%8c%d0%bd%d1%8b%d0%b9-%d0%bc%d1%91%d0%b4-%d1%81-%d0%b1%d0%b0%d1%80%d0%b1%d0%b0%d1%80%d0%b8%d1%81%d0%be%d0%bc-230%d0%b3","status":"publish","type":"product","link":"https:\/\/beautysba.co.uk\/lt\/produktas\/%d0%bd%d0%b0%d1%82%d1%83%d1%80%d0%b0%d0%bb%d1%8c%d0%bd%d1%8b%d0%b9-%d0%bc%d1%91%d0%b4-%d1%81-%d0%b1%d0%b0%d1%80%d0%b1%d0%b0%d1%80%d0%b8%d1%81%d0%be%d0%bc-230%d0%b3\/","title":{"rendered":"Nat\u016bralus medus su bark\u016bnais 230g"},"content":{"rendered":"<p>Nat\u016bralus medus su jonizuotomis uogomis<\/p>\n<p>Sud\u0117tis<\/p>\n<p>95 % medaus<\/p>\n<p>5 % baravyk\u0173.<\/p>\n","protected":false},"excerpt":{"rendered":"<p>Nat\u016bralus medus su jonizuotomis uogomis Sud\u0117tis 95 % medaus 5 % baravyk\u0173.<\/p>\n","protected":false},"featured_media":18486,"comment_status":"open","ping_status":"closed","template":"","meta":[],"product_brand":[],"product_cat":[254,295],"product_tag":[],"class_list":{"0":"post-18488","1":"product","2":"type-product","3":"status-publish","4":"has-post-thumbnail","6":"product_cat-is-bityno","7":"product_cat--lt","9":"first","10":"instock","11":"shipping-taxable","12":"purchasable","13":"product-type-simple"},"_links":{"self":[{"href":"https:\/\/beautysba.co.uk\/lt\/wp-json\/wp\/v2\/product\/18488","targetHints":{"allow":["GET"]}}],"collection":[{"href":"https:\/\/beautysba.co.uk\/lt\/wp-json\/wp\/v2\/product"}],"about":[{"href":"https:\/\/beautysba.co.uk\/lt\/wp-json\/wp\/v2\/types\/product"}],"replies":[{"embeddable":true,"href":"https:\/\/beautysba.co.uk\/lt\/wp-json\/wp\/v2\/comments?post=18488"}],"wp:featuredmedia":[{"embeddable":true,"href":"https:\/\/beautysba.co.uk\/lt\/wp-json\/wp\/v2\/media\/18486"}],"wp:attachment":[{"href":"https:\/\/beautysba.co.uk\/lt\/wp-json\/wp\/v2\/media?parent=18488"}],"wp:term":[{"taxonomy":"product_brand","embeddable":true,"href":"https:\/\/beautysba.co.uk\/lt\/wp-json\/wp\/v2\/product_brand?post=18488"},{"taxonomy":"product_cat","embeddable":true,"href":"https:\/\/beautysba.co.uk\/lt\/wp-json\/wp\/v2\/product_cat?post=18488"},{"taxonomy":"product_tag","embeddable":true,"href":"https:\/\/beautysba.co.uk\/lt\/wp-json\/wp\/v2\/product_tag?post=18488"}],"curies":[{"name":"wp","href":"https:\/\/api.w.org\/{rel}","templated":true}]}}