{"id":18494,"date":"2025-12-17T06:44:45","date_gmt":"2025-12-17T06:44:45","guid":{"rendered":"https:\/\/beautysba.co.uk\/product\/%d1%81%d0%bf%d1%80%d0%b5%d0%b9-%d0%bd%d0%b0%d1%81%d1%82%d0%be%d0%b9%d0%ba%d0%b8-%d0%bf%d1%80%d0%be%d0%bf%d0%be%d0%bb%d0%b8%d1%81%d0%b0-%d1%81-%d0%be%d0%b1%d0%bb%d0%b5%d0%bf%d0%b8%d1%85%d0%be%d0%b2\/"},"modified":"2025-12-17T06:48:46","modified_gmt":"2025-12-17T06:48:46","slug":"%d1%81%d0%bf%d1%80%d0%b5%d0%b9-%d0%bd%d0%b0%d1%81%d1%82%d0%be%d0%b9%d0%ba%d0%b8-%d0%bf%d1%80%d0%be%d0%bf%d0%be%d0%bb%d0%b8%d1%81%d0%b0-%d1%81-%d0%be%d0%b1%d0%bb%d0%b5%d0%bf%d0%b8%d1%85%d0%be%d0%b2","status":"publish","type":"product","link":"https:\/\/beautysba.co.uk\/lt\/produktas\/%d1%81%d0%bf%d1%80%d0%b5%d0%b9-%d0%bd%d0%b0%d1%81%d1%82%d0%be%d0%b9%d0%ba%d0%b8-%d0%bf%d1%80%d0%be%d0%bf%d0%be%d0%bb%d0%b8%d1%81%d0%b0-%d1%81-%d0%be%d0%b1%d0%bb%d0%b5%d0%bf%d0%b8%d1%85%d0%be%d0%b2\/","title":{"rendered":"Propolio tinkt\u016bros pur\u0161kalas su \u0161altalanki\u0173 aliejumi 30ml"},"content":{"rendered":"<p>Tinka vaikams<\/p>\n<p>T\u016bris: 30 ml<\/p>\n<p>Sud\u0117tis: \u0161alto spaudimo \u0161altalanki\u0173 aliejus, bi\u010di\u0173 propolis.<\/p>\n","protected":false},"excerpt":{"rendered":"<p>Tinka vaikams T\u016bris: 30 ml Sud\u0117tis: \u0161alto spaudimo \u0161altalanki\u0173 aliejus, bi\u010di\u0173 propolis.<\/p>\n","protected":false},"featured_media":18492,"comment_status":"open","ping_status":"closed","template":"","meta":[],"product_brand":[],"product_cat":[254,297],"product_tag":[],"class_list":{"0":"post-18494","1":"product","2":"type-product","3":"status-publish","4":"has-post-thumbnail","6":"product_cat-is-bityno","7":"product_cat--lt","9":"first","10":"outofstock","11":"shipping-taxable","12":"purchasable","13":"product-type-simple"},"_links":{"self":[{"href":"https:\/\/beautysba.co.uk\/lt\/wp-json\/wp\/v2\/product\/18494","targetHints":{"allow":["GET"]}}],"collection":[{"href":"https:\/\/beautysba.co.uk\/lt\/wp-json\/wp\/v2\/product"}],"about":[{"href":"https:\/\/beautysba.co.uk\/lt\/wp-json\/wp\/v2\/types\/product"}],"replies":[{"embeddable":true,"href":"https:\/\/beautysba.co.uk\/lt\/wp-json\/wp\/v2\/comments?post=18494"}],"wp:featuredmedia":[{"embeddable":true,"href":"https:\/\/beautysba.co.uk\/lt\/wp-json\/wp\/v2\/media\/18492"}],"wp:attachment":[{"href":"https:\/\/beautysba.co.uk\/lt\/wp-json\/wp\/v2\/media?parent=18494"}],"wp:term":[{"taxonomy":"product_brand","embeddable":true,"href":"https:\/\/beautysba.co.uk\/lt\/wp-json\/wp\/v2\/product_brand?post=18494"},{"taxonomy":"product_cat","embeddable":true,"href":"https:\/\/beautysba.co.uk\/lt\/wp-json\/wp\/v2\/product_cat?post=18494"},{"taxonomy":"product_tag","embeddable":true,"href":"https:\/\/beautysba.co.uk\/lt\/wp-json\/wp\/v2\/product_tag?post=18494"}],"curies":[{"name":"wp","href":"https:\/\/api.w.org\/{rel}","templated":true}]}}