{"id":18520,"date":"2026-01-19T07:32:37","date_gmt":"2026-01-19T07:32:37","guid":{"rendered":"https:\/\/beautysba.co.uk\/product\/%d0%ba%d1%80%d0%b5%d0%bc-%d0%b4%d0%bb%d1%8f-%d1%83%d1%85%d0%be%d0%b4%d0%b0-%d0%b7%d0%b0-%d0%ba%d0%be%d0%b6%d0%b5%d0%b9-%d0%b7%d0%b5%d0%bb%d0%b5%d0%bd%d1%8b%d0%b9-25-%d0%bc%d0%bb-boro-plus\/"},"modified":"2026-01-19T09:41:26","modified_gmt":"2026-01-19T09:41:26","slug":"%d0%ba%d1%80%d0%b5%d0%bc-%d0%b4%d0%bb%d1%8f-%d1%83%d1%85%d0%be%d0%b4%d0%b0-%d0%b7%d0%b0-%d0%ba%d0%be%d0%b6%d0%b5%d0%b9-%d0%b7%d0%b5%d0%bb%d0%b5%d0%bd%d1%8b%d0%b9-25-%d0%bc%d0%bb-boro-plus","status":"publish","type":"product","link":"https:\/\/beautysba.co.uk\/lt\/produktas\/%d0%ba%d1%80%d0%b5%d0%bc-%d0%b4%d0%bb%d1%8f-%d1%83%d1%85%d0%be%d0%b4%d0%b0-%d0%b7%d0%b0-%d0%ba%d0%be%d0%b6%d0%b5%d0%b9-%d0%b7%d0%b5%d0%bb%d0%b5%d0%bd%d1%8b%d0%b9-25-%d0%bc%d0%bb-boro-plus\/","title":{"rendered":"Odos prie\u017ei\u016bros kremas &#8211; \u017ealias, 25 ml &#8211; Boro Plus"},"content":{"rendered":"<p>BORO PLUS kremas skirtas sveikos ir problemin\u0117s odos prie\u017ei\u016brai. Jo sud\u0117tyje yra nat\u016brali\u0173 \u017eoleli\u0173 ekstrakt\u0173: alavijo, tulsi (baziliko), sandalmed\u017eio, ciber\u017eol\u0117s (haridros), neemo (margosos), kapur kachari, vetiverijos ir kit\u0173, pasi\u017eymin\u010di\u0173 antiseptiniu poveikiu. <\/p>\n<p>Kremas sudaro apsaugin\u012f odos sluoksn\u012f, saugant\u012f j\u0105 nuo agresyvaus aplinkos poveikio. Dr\u0117kina, maitina saus\u0105 od\u0105, ma\u017eina deginim\u0105 ir dirginim\u0105. Padeda atkurti maistines med\u017eiagas, tonizuoja, pa\u0161alina nemalon\u0173 kvap\u0105 ir suteikia gaivumo poj\u016bt\u012f. Valo od\u0105 ir gerina jos strukt\u016br\u0105, apsaugo od\u0105 ir l\u016bpas nuo \u012ftr\u016bkim\u0173 ir pleiskanojimo. D\u0117l antiseptini\u0173 savybi\u0173 padeda u\u017egydyti nedidelius \u012fbr\u0117\u017eimus, \u012fbr\u0117\u017eimus ir \u012fpjovimus.    <\/p>\n<p>Naudojimo indikacijos:<br \/>\nRank\u0173 odos apsauga plaunant, valant, dirbant sode<br \/>\nSausos ir sudirgusios p\u0117d\u0173 odos prie\u017ei\u016bra<br \/>\nVaik\u0173 odos mink\u0161tinimas ir apsauga naudojant sauskelnes<br \/>\nNie\u017eulio ir sudirginimo mal\u0161inimas po vabzd\u017ei\u0173 \u012fkandim\u0173<br \/>\nKaip kremas po skutimosi<br \/>\nPirmoji pagalba esant nedideliems odos pa\u017eeidimams<br \/>\nNaudojimo instrukcijos:<br \/>\nPlonu sluoksniu tepkite veid\u0105, rankas ar p\u0117das. Kad pasiektum\u0117te geriausi\u0173 rezultat\u0173, naudokite bent 3 kartus per dien\u0105. Prireikus &#8211; atsiradus problemoms.   Tik i\u0161oriniam naudojimui.<\/p>\n<p>Be antibiotik\u0173 ir hormon\u0173.<\/p>\n<p>LAIKYMO S\u0104LYGOS<br \/>\nLaikyti +5\u00baC &#8211; +25\u00baC temperat\u016broje, sausoje, tamsioje, vaikams nepasiekiamoje vietoje.<\/p>\n<p>MET\u0172 GYVENIMO LAIKOTARPIS: 3 metai.<\/p>\n<p>Gamybos data: \u017er. pakuot\u0119.<\/p>\n<p>Gamintojas: &#8220;Emami Limited&#8221;, Indija.<\/p>\n<p>IMPORTER: VITATEKA O\u00dc, M\u00f5isa tee 5, Kostivere alevik, J\u00f5el\u00e4htme vald, Harjumaa, Estija 74204  <\/p>\n<p>SUDEDAMOSIOS DALYS INCI: Parafinum liquidum, parafinas, talkas, Cera microcristallina, cinko oksidas, vanduo, cetearilo alkoholis, parfumas, Hedychium spicatum ekstraktas, Azadirachta indica lap\u0173 ekstraktas, Aloe barbadensis lap\u0173 ekstraktas, Santalum album (sandalmed\u017eio ekstraktas), Vetiveria zizanoides \u0161akn\u0173 ekstraktas, Hemidesmus indicus \u0161akn\u0173 ekstraktas, Buchanania latifolia ekstraktas, fenoksietanolis, Ocimum sanctum lap\u0173 ekstraktas, Curcuma longa (ciber\u017eol\u0117s) \u0161akniastiebi\u0173 ekstraktas, Glycyrrhiza glabra (sald\u017eiosios \u0161aknies) \u0161akn\u0173 ekstraktas, Ocimum basilicum aliejus, natrio laurilsulfatas, ksantano derva, Ceteareth-20, alfa-izometillonas, benzilo benzoatas, benzilo salicilatas, butilfenil metil propionalas, cinamilo alkoholis, citronelolis, citralis, kumarinas, eugenolis, geraniolis, heksil cinamalas, hidroksicitronelolis, limonenas, linalolis.<\/p>\n","protected":false},"excerpt":{"rendered":"<p>BORO PLUS kremas skirtas sveikos ir problemin\u0117s odos prie\u017ei\u016brai. Jo sud\u0117tyje yra nat\u016brali\u0173 \u017eoleli\u0173 ekstrakt\u0173: alavijo, tulsi (baziliko), sandalmed\u017eio, ciber\u017eol\u0117s (haridros), neemo (margosos), kapur kachari, vetiverijos ir kit\u0173, pasi\u017eymin\u010di\u0173 antiseptiniu poveikiu. Kremas sudaro apsaugin\u012f odos sluoksn\u012f, saugant\u012f j\u0105 nuo agresyvaus aplinkos poveikio. Dr\u0117kina, maitina saus\u0105 od\u0105, ma\u017eina deginim\u0105 ir dirginim\u0105. Padeda atkurti maistines med\u017eiagas, tonizuoja, [&hellip;]<\/p>\n","protected":false},"featured_media":18518,"comment_status":"open","ping_status":"closed","template":"","meta":[],"product_brand":[],"product_cat":[133,209,192,128,127],"product_tag":[],"class_list":{"0":"post-18520","1":"product","2":"type-product","3":"status-publish","4":"has-post-thumbnail","6":"product_cat-dienos-kremai","7":"product_cat-naktiniai-kremai","8":"product_cat-naujienos","9":"product_cat-spuogu-demiu-gydymas","10":"product_cat-veidas","12":"first","13":"instock","14":"shipping-taxable","15":"purchasable","16":"product-type-simple"},"_links":{"self":[{"href":"https:\/\/beautysba.co.uk\/lt\/wp-json\/wp\/v2\/product\/18520","targetHints":{"allow":["GET"]}}],"collection":[{"href":"https:\/\/beautysba.co.uk\/lt\/wp-json\/wp\/v2\/product"}],"about":[{"href":"https:\/\/beautysba.co.uk\/lt\/wp-json\/wp\/v2\/types\/product"}],"replies":[{"embeddable":true,"href":"https:\/\/beautysba.co.uk\/lt\/wp-json\/wp\/v2\/comments?post=18520"}],"wp:featuredmedia":[{"embeddable":true,"href":"https:\/\/beautysba.co.uk\/lt\/wp-json\/wp\/v2\/media\/18518"}],"wp:attachment":[{"href":"https:\/\/beautysba.co.uk\/lt\/wp-json\/wp\/v2\/media?parent=18520"}],"wp:term":[{"taxonomy":"product_brand","embeddable":true,"href":"https:\/\/beautysba.co.uk\/lt\/wp-json\/wp\/v2\/product_brand?post=18520"},{"taxonomy":"product_cat","embeddable":true,"href":"https:\/\/beautysba.co.uk\/lt\/wp-json\/wp\/v2\/product_cat?post=18520"},{"taxonomy":"product_tag","embeddable":true,"href":"https:\/\/beautysba.co.uk\/lt\/wp-json\/wp\/v2\/product_tag?post=18520"}],"curies":[{"name":"wp","href":"https:\/\/api.w.org\/{rel}","templated":true}]}}