{"id":18526,"date":"2026-01-19T07:33:55","date_gmt":"2026-01-19T07:33:55","guid":{"rendered":"https:\/\/beautysba.co.uk\/product\/%d0%ba%d1%80%d0%b5%d0%bc-%d0%b4%d0%bb%d1%8f-%d0%b5%d0%b6%d0%b5%d0%b4%d0%bd%d0%b5%d0%b2%d0%bd%d0%be%d0%b3%d0%be-%d1%83%d1%85%d0%be%d0%b4%d0%b0-%d0%b7%d0%b0-%d1%81%d1%83%d1%85%d0%be%d0%b9-%d0%b8-%d0%be\/"},"modified":"2026-01-19T09:41:26","modified_gmt":"2026-01-19T09:41:26","slug":"%d0%ba%d1%80%d0%b5%d0%bc-%d0%b4%d0%bb%d1%8f-%d0%b5%d0%b6%d0%b5%d0%b4%d0%bd%d0%b5%d0%b2%d0%bd%d0%be%d0%b3%d0%be-%d1%83%d1%85%d0%be%d0%b4%d0%b0-%d0%b7%d0%b0-%d1%81%d1%83%d1%85%d0%be%d0%b9-%d0%b8-%d0%be","status":"publish","type":"product","link":"https:\/\/beautysba.co.uk\/lt\/produktas\/%d0%ba%d1%80%d0%b5%d0%bc-%d0%b4%d0%bb%d1%8f-%d0%b5%d0%b6%d0%b5%d0%b4%d0%bd%d0%b5%d0%b2%d0%bd%d0%be%d0%b3%d0%be-%d1%83%d1%85%d0%be%d0%b4%d0%b0-%d0%b7%d0%b0-%d1%81%d1%83%d1%85%d0%be%d0%b9-%d0%b8-%d0%be\/","title":{"rendered":"Dienos prie\u017ei\u016bros kremas sausai ir labai sausai odai &#8211; Boro Plus Purple 25g"},"content":{"rendered":"<p>Kremas kasdienei sausos ir labai sausos odos prie\u017ei\u016brai<br \/>\nKremas ypa\u010d tinka problemin\u0117ms alk\u016bn\u0117ms, keliams ir vietoms su \u012ftr\u016bkusia oda.<\/p>\n<p>Sud\u0117tyje yra antiseptinio poveikio vaistini\u0173 augal\u0173 ekstrakt\u0173.<\/p>\n<p>&#8220;Boroplus&#8221; yra aplinkai nekenksmingas produktas, kurio pritaikymo sritis plati &#8211; jis pagreitina odos pavir\u0161iaus l\u0105steli\u0173 atsinaujinimo procesus ir kartu apsaugo od\u0105 nuo agresyvaus aplinkos poveikio ir dr\u0117gm\u0117s praradimo.<\/p>\n<p>Sud\u0117tyje yra vaistini\u0173 augal\u0173 ekstrakt\u0173:<\/p>\n<p>Sandalmed\u017eio ekstraktas (Sandalum Album): ma\u017eina nie\u017eul\u012f, gerina veido spalv\u0105, v\u0117sina, \u0161alina nemalon\u0173 kvap\u0105.<br \/>\nBazilikas (Ocimum Sanctum): dr\u0117kina.<br \/>\nCurcuma (Curcuma Longa): koreguoja odos strukt\u016br\u0105.<br \/>\nAlavijas (Aloe Barbadensis): dr\u0117kina, v\u0117sina.<br \/>\nVetiverija (Vetiveria Zizanoides): pa\u0161alina nemalon\u0173 kvap\u0105.<br \/>\nSald\u017eiosios saldymed\u017eio \u0161aknies (Glycyrrhiza Glabra): apsauginis ir stiprinamasis poveikis odos audiniams.<br \/>\nIndijos neemas (Azadirachta indica): tonizuoja od\u0105, ma\u017eina nie\u017eul\u012f.<br \/>\nSud\u0117tis: Paraffinum liquidum, parafinas, talkas, mikrokristalinis va\u0161kas, cinko oksidas, lanolinas, kvepalai, vanduo, cetearilo alkoholis, spygliuotosios imbierin\u0117s lelijos, neemo, alavijo, sandalmed\u017eio, vetiverijos, indi\u0161kojo sarsaparilio, pla\u010dialap\u0117s Buchanananijos, \u0161ventojo baziliko, ciber\u017eol\u0117s ir saldymed\u017eio ekstraktai, boro r\u016bg\u0161tis, natrio laurilsulfatas, cetaretas 20.<\/p>\n","protected":false},"excerpt":{"rendered":"<p>Kremas kasdienei sausos ir labai sausos odos prie\u017ei\u016brai Kremas ypa\u010d tinka problemin\u0117ms alk\u016bn\u0117ms, keliams ir vietoms su \u012ftr\u016bkusia oda. Sud\u0117tyje yra antiseptinio poveikio vaistini\u0173 augal\u0173 ekstrakt\u0173. &#8220;Boroplus&#8221; yra aplinkai nekenksmingas produktas, kurio pritaikymo sritis plati &#8211; jis pagreitina odos pavir\u0161iaus l\u0105steli\u0173 atsinaujinimo procesus ir kartu apsaugo od\u0105 nuo agresyvaus aplinkos poveikio ir dr\u0117gm\u0117s praradimo. Sud\u0117tyje [&hellip;]<\/p>\n","protected":false},"featured_media":18524,"comment_status":"open","ping_status":"closed","template":"","meta":[],"product_brand":[],"product_cat":[133,209,192,128,127],"product_tag":[],"class_list":{"0":"post-18526","1":"product","2":"type-product","3":"status-publish","4":"has-post-thumbnail","6":"product_cat-dienos-kremai","7":"product_cat-naktiniai-kremai","8":"product_cat-naujienos","9":"product_cat-spuogu-demiu-gydymas","10":"product_cat-veidas","12":"first","13":"instock","14":"shipping-taxable","15":"purchasable","16":"product-type-simple"},"_links":{"self":[{"href":"https:\/\/beautysba.co.uk\/lt\/wp-json\/wp\/v2\/product\/18526","targetHints":{"allow":["GET"]}}],"collection":[{"href":"https:\/\/beautysba.co.uk\/lt\/wp-json\/wp\/v2\/product"}],"about":[{"href":"https:\/\/beautysba.co.uk\/lt\/wp-json\/wp\/v2\/types\/product"}],"replies":[{"embeddable":true,"href":"https:\/\/beautysba.co.uk\/lt\/wp-json\/wp\/v2\/comments?post=18526"}],"wp:featuredmedia":[{"embeddable":true,"href":"https:\/\/beautysba.co.uk\/lt\/wp-json\/wp\/v2\/media\/18524"}],"wp:attachment":[{"href":"https:\/\/beautysba.co.uk\/lt\/wp-json\/wp\/v2\/media?parent=18526"}],"wp:term":[{"taxonomy":"product_brand","embeddable":true,"href":"https:\/\/beautysba.co.uk\/lt\/wp-json\/wp\/v2\/product_brand?post=18526"},{"taxonomy":"product_cat","embeddable":true,"href":"https:\/\/beautysba.co.uk\/lt\/wp-json\/wp\/v2\/product_cat?post=18526"},{"taxonomy":"product_tag","embeddable":true,"href":"https:\/\/beautysba.co.uk\/lt\/wp-json\/wp\/v2\/product_tag?post=18526"}],"curies":[{"name":"wp","href":"https:\/\/api.w.org\/{rel}","templated":true}]}}