{"id":18532,"date":"2026-01-19T07:35:15","date_gmt":"2026-01-19T07:35:15","guid":{"rendered":"https:\/\/beautysba.co.uk\/product\/%d0%b0%d0%bd%d1%82%d0%b8%d0%b1%d0%b0%d0%ba%d1%82%d0%b5%d1%80%d0%b8%d0%b0%d0%bb%d1%8c%d0%bd%d0%be%d0%b5-%d0%bc%d1%8b%d0%bb%d0%be-%d1%81-%d1%80%d0%b0%d1%81%d1%82%d0%b8%d1%82%d0%b5%d0%bb%d1%8c%d0%bd\/"},"modified":"2026-01-19T09:41:28","modified_gmt":"2026-01-19T09:41:28","slug":"%d0%b0%d0%bd%d1%82%d0%b8%d0%b1%d0%b0%d0%ba%d1%82%d0%b5%d1%80%d0%b8%d0%b0%d0%bb%d1%8c%d0%bd%d0%be%d0%b5-%d0%bc%d1%8b%d0%bb%d0%be-%d1%81-%d1%80%d0%b0%d1%81%d1%82%d0%b8%d1%82%d0%b5%d0%bb%d1%8c%d0%bd","status":"publish","type":"product","link":"https:\/\/beautysba.co.uk\/lt\/produktas\/%d0%b0%d0%bd%d1%82%d0%b8%d0%b1%d0%b0%d0%ba%d1%82%d0%b5%d1%80%d0%b8%d0%b0%d0%bb%d1%8c%d0%bd%d0%be%d0%b5-%d0%bc%d1%8b%d0%bb%d0%be-%d1%81-%d1%80%d0%b0%d1%81%d1%82%d0%b8%d1%82%d0%b5%d0%bb%d1%8c%d0%bd\/","title":{"rendered":"Antibakterinis muilas su augal\u0173 ekstraktais, 100 g &#8211; BORO PLUS"},"content":{"rendered":"<p>BORO PLUS antibakterinis muilas pagamintas i\u0161 augalini\u0173 ingredient\u0173 ir skirtas kasdieniam odos valymui. Formul\u0117 padeda i\u0161laikyti \u0161varos, gaivumo ir komforto poj\u016bt\u012f vis\u0105 dien\u0105, nei\u0161sausindama odos. <\/p>\n<p>Sud\u0117tyje naudojami augal\u0173 ekstraktai, kurie tradici\u0161kai naudojami odos prie\u017ei\u016brai. Muilas tinka nuolatiniam naudojimui ir gali b\u016bti \u012ftrauktas \u012f kasdien\u0119 rank\u0173 ir k\u016bno higien\u0105. <\/p>\n<p>Augalin\u0117s sudedamosios dalys<br \/>\nNeemas &#8211; naudojamas kosmetikos priemon\u0117se odai valyti;<br \/>\nAlavijas &#8211; padeda dr\u0117kinti ir palaikyti komforti\u0161k\u0105 odos b\u016bkl\u0119;<br \/>\nKurkuma &#8211; padeda pagerinti odos i\u0161vaizd\u0105;<br \/>\nVetiverija &#8211; suteikia gaivumo poj\u016bt\u012f ir pasi\u017eymi dezodoruojan\u010diomis savyb\u0117mis;<br \/>\nBazilikas &#8211; vertinamas d\u0117l valom\u0173j\u0173 savybi\u0173 ir malonaus aromato.<br \/>\nD\u0117l subalansuotos sud\u0117ties muilas tinka kasdieniam naudojimui ir gali b\u016bti naudojamas odai maitinti. D\u0117l subalansuotos sud\u0117ties muilas tinka kasdieniam naudojimui.<\/p>\n<p>Kaip naudoti<br \/>\nU\u017etepkite muilo ant dr\u0117gnos odos, \u0161velniai paskirstykite ir po 2-3 minu\u010di\u0173 nuplaukite vandeniu.<\/p>\n<p>Sudedamosios dalys<br \/>\nOktadekano r\u016bg\u0161tis, heksadekano r\u016bg\u0161tis, lauro r\u016bg\u0161tis, miristo r\u016bg\u0161tis, natrio hidroksidas, kvepal\u0173 kompozicija, titano dioksidas, raudonoji lelija, triklozanas, sandalmedis, bazilikas, neemas, alavijas, vetiverija, ciber\u017eol\u0117, saldymedis, timololis, CSX (4,4-distearilbifenilas).<\/p>\n","protected":false},"excerpt":{"rendered":"<p>BORO PLUS antibakterinis muilas pagamintas i\u0161 augalini\u0173 ingredient\u0173 ir skirtas kasdieniam odos valymui. Formul\u0117 padeda i\u0161laikyti \u0161varos, gaivumo ir komforto poj\u016bt\u012f vis\u0105 dien\u0105, nei\u0161sausindama odos. Sud\u0117tyje naudojami augal\u0173 ekstraktai, kurie tradici\u0161kai naudojami odos prie\u017ei\u016brai. Muilas tinka nuolatiniam naudojimui ir gali b\u016bti \u012ftrauktas \u012f kasdien\u0119 rank\u0173 ir k\u016bno higien\u0105. Augalin\u0117s sudedamosios dalys Neemas &#8211; naudojamas kosmetikos [&hellip;]<\/p>\n","protected":false},"featured_media":18530,"comment_status":"open","ping_status":"closed","template":"","meta":[],"product_brand":[],"product_cat":[192,128,191,127,310],"product_tag":[],"class_list":{"0":"post-18532","1":"product","2":"type-product","3":"status-publish","4":"has-post-thumbnail","6":"product_cat-naujienos","7":"product_cat-spuogu-demiu-gydymas","8":"product_cat-tualeto-reikmenys","9":"product_cat-veidas","10":"product_cat----lt","12":"first","13":"instock","14":"shipping-taxable","15":"purchasable","16":"product-type-simple"},"_links":{"self":[{"href":"https:\/\/beautysba.co.uk\/lt\/wp-json\/wp\/v2\/product\/18532","targetHints":{"allow":["GET"]}}],"collection":[{"href":"https:\/\/beautysba.co.uk\/lt\/wp-json\/wp\/v2\/product"}],"about":[{"href":"https:\/\/beautysba.co.uk\/lt\/wp-json\/wp\/v2\/types\/product"}],"replies":[{"embeddable":true,"href":"https:\/\/beautysba.co.uk\/lt\/wp-json\/wp\/v2\/comments?post=18532"}],"wp:featuredmedia":[{"embeddable":true,"href":"https:\/\/beautysba.co.uk\/lt\/wp-json\/wp\/v2\/media\/18530"}],"wp:attachment":[{"href":"https:\/\/beautysba.co.uk\/lt\/wp-json\/wp\/v2\/media?parent=18532"}],"wp:term":[{"taxonomy":"product_brand","embeddable":true,"href":"https:\/\/beautysba.co.uk\/lt\/wp-json\/wp\/v2\/product_brand?post=18532"},{"taxonomy":"product_cat","embeddable":true,"href":"https:\/\/beautysba.co.uk\/lt\/wp-json\/wp\/v2\/product_cat?post=18532"},{"taxonomy":"product_tag","embeddable":true,"href":"https:\/\/beautysba.co.uk\/lt\/wp-json\/wp\/v2\/product_tag?post=18532"}],"curies":[{"name":"wp","href":"https:\/\/api.w.org\/{rel}","templated":true}]}}