{"id":18538,"date":"2026-01-19T07:37:54","date_gmt":"2026-01-19T07:37:54","guid":{"rendered":"https:\/\/beautysba.co.uk\/product\/%d0%b1%d0%b0%d0%bb%d1%8c%d0%b7%d0%b0%d0%bc-%d0%b4%d0%bb%d1%8f-%d0%b3%d1%83%d0%b1-%d1%83%d0%b2%d0%bb%d0%b0%d0%b6%d0%bd%d1%8f%d1%8e%d1%89%d0%b8%d0%b9-%d0%b1%d0%b5%d0%b7-%d0%b7%d0%b0%d0%bf%d0%b0%d1%85\/"},"modified":"2026-01-19T09:41:26","modified_gmt":"2026-01-19T09:41:26","slug":"%d0%b1%d0%b0%d0%bb%d1%8c%d0%b7%d0%b0%d0%bc-%d0%b4%d0%bb%d1%8f-%d0%b3%d1%83%d0%b1-%d1%83%d0%b2%d0%bb%d0%b0%d0%b6%d0%bd%d1%8f%d1%8e%d1%89%d0%b8%d0%b9-%d0%b1%d0%b5%d0%b7-%d0%b7%d0%b0%d0%bf%d0%b0%d1%85","status":"publish","type":"product","link":"https:\/\/beautysba.co.uk\/lt\/produktas\/%d0%b1%d0%b0%d0%bb%d1%8c%d0%b7%d0%b0%d0%bc-%d0%b4%d0%bb%d1%8f-%d0%b3%d1%83%d0%b1-%d1%83%d0%b2%d0%bb%d0%b0%d0%b6%d0%bd%d1%8f%d1%8e%d1%89%d0%b8%d0%b9-%d0%b1%d0%b5%d0%b7-%d0%b7%d0%b0%d0%bf%d0%b0%d1%85\/","title":{"rendered":"Dr\u0117kinamasis l\u016bp\u0173 balzamas be kvapo 10 g &#8220;Boro Plus"},"content":{"rendered":"<p>&#8220;Boroplus&#8221; dr\u0117kinamasis l\u016bp\u0173 balzamas skirtas visapusi\u0161kai l\u016bp\u0173 prie\u017ei\u016brai. Nat\u016brali\u0173 aliej\u0173 ir vaistini\u0173 \u017eoleli\u0173 d\u0117ka jis ne tik apsaugo, bet ir atgaivina l\u016bp\u0173 od\u0105, maitina j\u0105 ir apsaugo nuo \u012ftr\u016bkim\u0173. <\/p>\n<p>Kiti l\u016bp\u0173 balzamai u\u017etikrina tik dal\u012f l\u016bp\u0173 prie\u017ei\u016bros, o &#8220;Boroplus&#8221; l\u016bp\u0173 balzamas u\u017etikrina visapusi\u0161k\u0105 l\u016bp\u0173 odos prie\u017ei\u016br\u0105, kad jos ilgai i\u0161likt\u0173 sveikos ir \u0161velnios.<\/p>\n","protected":false},"excerpt":{"rendered":"<p>&#8220;Boroplus&#8221; dr\u0117kinamasis l\u016bp\u0173 balzamas skirtas visapusi\u0161kai l\u016bp\u0173 prie\u017ei\u016brai. Nat\u016brali\u0173 aliej\u0173 ir vaistini\u0173 \u017eoleli\u0173 d\u0117ka jis ne tik apsaugo, bet ir atgaivina l\u016bp\u0173 od\u0105, maitina j\u0105 ir apsaugo nuo \u012ftr\u016bkim\u0173. Kiti l\u016bp\u0173 balzamai u\u017etikrina tik dal\u012f l\u016bp\u0173 prie\u017ei\u016bros, o &#8220;Boroplus&#8221; l\u016bp\u0173 balzamas u\u017etikrina visapusi\u0161k\u0105 l\u016bp\u0173 odos prie\u017ei\u016br\u0105, kad jos ilgai i\u0161likt\u0173 sveikos ir \u0161velnios.<\/p>\n","protected":false},"featured_media":18536,"comment_status":"open","ping_status":"closed","template":"","meta":[],"product_brand":[],"product_cat":[196,199,192],"product_tag":[],"class_list":{"0":"post-18538","1":"product","2":"type-product","3":"status-publish","4":"has-post-thumbnail","6":"product_cat-lupu-prieziura","7":"product_cat-makiazas","8":"product_cat-naujienos","10":"first","11":"instock","12":"shipping-taxable","13":"purchasable","14":"product-type-simple"},"_links":{"self":[{"href":"https:\/\/beautysba.co.uk\/lt\/wp-json\/wp\/v2\/product\/18538","targetHints":{"allow":["GET"]}}],"collection":[{"href":"https:\/\/beautysba.co.uk\/lt\/wp-json\/wp\/v2\/product"}],"about":[{"href":"https:\/\/beautysba.co.uk\/lt\/wp-json\/wp\/v2\/types\/product"}],"replies":[{"embeddable":true,"href":"https:\/\/beautysba.co.uk\/lt\/wp-json\/wp\/v2\/comments?post=18538"}],"wp:featuredmedia":[{"embeddable":true,"href":"https:\/\/beautysba.co.uk\/lt\/wp-json\/wp\/v2\/media\/18536"}],"wp:attachment":[{"href":"https:\/\/beautysba.co.uk\/lt\/wp-json\/wp\/v2\/media?parent=18538"}],"wp:term":[{"taxonomy":"product_brand","embeddable":true,"href":"https:\/\/beautysba.co.uk\/lt\/wp-json\/wp\/v2\/product_brand?post=18538"},{"taxonomy":"product_cat","embeddable":true,"href":"https:\/\/beautysba.co.uk\/lt\/wp-json\/wp\/v2\/product_cat?post=18538"},{"taxonomy":"product_tag","embeddable":true,"href":"https:\/\/beautysba.co.uk\/lt\/wp-json\/wp\/v2\/product_tag?post=18538"}],"curies":[{"name":"wp","href":"https:\/\/api.w.org\/{rel}","templated":true}]}}