{"id":18544,"date":"2026-01-19T07:39:07","date_gmt":"2026-01-19T07:39:07","guid":{"rendered":"https:\/\/beautysba.co.uk\/product\/%d0%b1%d0%b0%d0%bb%d1%8c%d0%b7%d0%b0%d0%bc-%d0%b4%d0%bb%d1%8f-%d0%b3%d1%83%d0%b1-%d0%b1%d0%be%d1%80%d0%be-%d0%bf%d0%bb%d1%8e%d1%81-%d0%b0%d1%80%d0%be%d0%bc%d0%b0%d1%82%d0%bd%d0%b0%d1%8f-%d0%bc\/"},"modified":"2026-01-19T09:41:27","modified_gmt":"2026-01-19T09:41:27","slug":"%d0%b1%d0%b0%d0%bb%d1%8c%d0%b7%d0%b0%d0%bc-%d0%b4%d0%bb%d1%8f-%d0%b3%d1%83%d0%b1-%d0%b1%d0%be%d1%80%d0%be-%d0%bf%d0%bb%d1%8e%d1%81-%d0%b0%d1%80%d0%be%d0%bc%d0%b0%d1%82%d0%bd%d0%b0%d1%8f-%d0%bc","status":"publish","type":"product","link":"https:\/\/beautysba.co.uk\/lt\/produktas\/%d0%b1%d0%b0%d0%bb%d1%8c%d0%b7%d0%b0%d0%bc-%d0%b4%d0%bb%d1%8f-%d0%b3%d1%83%d0%b1-%d0%b1%d0%be%d1%80%d0%be-%d0%bf%d0%bb%d1%8e%d1%81-%d0%b0%d1%80%d0%be%d0%bc%d0%b0%d1%82%d0%bd%d0%b0%d1%8f-%d0%bc\/","title":{"rendered":"L\u016bp\u0173 balzamas &#8220;Boro Plus. Kvapni m\u0117ta&#8221;,10g &#8220;Boro Plus"},"content":{"rendered":"<p>&#8220;Himani&#8221; prek\u0117s \u017eenklo odos prie\u017ei\u016bros produktai sukurti pagal senovinius ajurvedos receptus, kuriuose panaudotos gydomosios gamtos dovanos. Ne i\u0161imtis ir serijos &#8220;Boro Plus&#8221; kosmetikos gaminiai, pasi\u017eymintys vertingomis savyb\u0117mis, padedan\u010diomis i\u0161saugoti odos gro\u017e\u012f ir sveikat\u0105. <\/p>\n<p>\u012e \u0161i\u0105 linij\u0105 \u012feina dr\u0117kinamasis l\u016bp\u0173 balzamas &#8220;Kvapnioji m\u0117ta&#8221;. Jo veiksmingum\u0105 lemia nat\u016brali\u0173 aliej\u0173 ir \u017eoleli\u0173 koncentracija. <\/p>\n","protected":false},"excerpt":{"rendered":"<p>&#8220;Himani&#8221; prek\u0117s \u017eenklo odos prie\u017ei\u016bros produktai sukurti pagal senovinius ajurvedos receptus, kuriuose panaudotos gydomosios gamtos dovanos. Ne i\u0161imtis ir serijos &#8220;Boro Plus&#8221; kosmetikos gaminiai, pasi\u017eymintys vertingomis savyb\u0117mis, padedan\u010diomis i\u0161saugoti odos gro\u017e\u012f ir sveikat\u0105. \u012e \u0161i\u0105 linij\u0105 \u012feina dr\u0117kinamasis l\u016bp\u0173 balzamas &#8220;Kvapnioji m\u0117ta&#8221;. Jo veiksmingum\u0105 lemia nat\u016brali\u0173 aliej\u0173 ir \u017eoleli\u0173 koncentracija.<\/p>\n","protected":false},"featured_media":18542,"comment_status":"open","ping_status":"closed","template":"","meta":[],"product_brand":[],"product_cat":[196,199,192],"product_tag":[],"class_list":{"0":"post-18544","1":"product","2":"type-product","3":"status-publish","4":"has-post-thumbnail","6":"product_cat-lupu-prieziura","7":"product_cat-makiazas","8":"product_cat-naujienos","10":"first","11":"instock","12":"shipping-taxable","13":"purchasable","14":"product-type-simple"},"_links":{"self":[{"href":"https:\/\/beautysba.co.uk\/lt\/wp-json\/wp\/v2\/product\/18544","targetHints":{"allow":["GET"]}}],"collection":[{"href":"https:\/\/beautysba.co.uk\/lt\/wp-json\/wp\/v2\/product"}],"about":[{"href":"https:\/\/beautysba.co.uk\/lt\/wp-json\/wp\/v2\/types\/product"}],"replies":[{"embeddable":true,"href":"https:\/\/beautysba.co.uk\/lt\/wp-json\/wp\/v2\/comments?post=18544"}],"wp:featuredmedia":[{"embeddable":true,"href":"https:\/\/beautysba.co.uk\/lt\/wp-json\/wp\/v2\/media\/18542"}],"wp:attachment":[{"href":"https:\/\/beautysba.co.uk\/lt\/wp-json\/wp\/v2\/media?parent=18544"}],"wp:term":[{"taxonomy":"product_brand","embeddable":true,"href":"https:\/\/beautysba.co.uk\/lt\/wp-json\/wp\/v2\/product_brand?post=18544"},{"taxonomy":"product_cat","embeddable":true,"href":"https:\/\/beautysba.co.uk\/lt\/wp-json\/wp\/v2\/product_cat?post=18544"},{"taxonomy":"product_tag","embeddable":true,"href":"https:\/\/beautysba.co.uk\/lt\/wp-json\/wp\/v2\/product_tag?post=18544"}],"curies":[{"name":"wp","href":"https:\/\/api.w.org\/{rel}","templated":true}]}}