{"id":18556,"date":"2026-01-19T07:49:40","date_gmt":"2026-01-19T07:49:40","guid":{"rendered":"https:\/\/beautysba.co.uk\/product\/%d0%bc%d0%b0%d1%81%d0%bb%d0%be-%d0%be%d0%b1%d0%bb%d0%b5%d0%bf%d0%b8%d1%85%d0%be%d0%b2%d0%be%d0%b5-%d1%85%d0%be%d0%bb%d0%be%d0%b4%d0%bd%d0%be%d0%b3%d0%be-%d0%be%d1%82%d0%b6%d0%b8%d0%bc%d0%b0-%d0%bd\/"},"modified":"2026-01-19T09:41:35","modified_gmt":"2026-01-19T09:41:35","slug":"%d0%bc%d0%b0%d1%81%d0%bb%d0%be-%d0%be%d0%b1%d0%bb%d0%b5%d0%bf%d0%b8%d1%85%d0%be%d0%b2%d0%be%d0%b5-%d1%85%d0%be%d0%bb%d0%be%d0%b4%d0%bd%d0%be%d0%b3%d0%be-%d0%be%d1%82%d0%b6%d0%b8%d0%bc%d0%b0-%d0%bd","status":"publish","type":"product","link":"https:\/\/beautysba.co.uk\/lt\/produktas\/%d0%bc%d0%b0%d1%81%d0%bb%d0%be-%d0%be%d0%b1%d0%bb%d0%b5%d0%bf%d0%b8%d1%85%d0%be%d0%b2%d0%be%d0%b5-%d1%85%d0%be%d0%bb%d0%be%d0%b4%d0%bd%d0%be%d0%b3%d0%be-%d0%be%d1%82%d0%b6%d0%b8%d0%bc%d0%b0-%d0%bd\/","title":{"rendered":"\u0160alto spaudimo nerafinuotas valgomasis \u0161altalanki\u0173 aliejus, 250 ml &#8211; Nat\u016bral\u016bs aliejai"},"content":{"rendered":"<p>100 % \u0161alto spaudimo \u0161altalanki\u0173 aliejus yra nat\u016bralus produktas be konservant\u0173 ir kvapi\u0173j\u0173 med\u017eiag\u0173. Tinka kasdienei mitybai, salot\u0173 pada\u017eams, ko\u0161\u0117ms, kokteiliams ir paruo\u0161tiems patiekalams, kai reikia ry\u0161kaus sodraus \u0161altalanki\u0173 skonio. <\/p>\n<p>Gryna sud\u0117tis: tik nerafinuotas \u0161altalanki\u0173 aliejus &#8211; joki\u0173 pried\u0173.<br \/>\nGamybos b\u016bdas: \u0161alto spaudimo, kad i\u0161likt\u0173 nat\u016bralus skonis ir aromatas.<br \/>\nGeriau nekaitinti: naudokite kaip galutin\u012f pada\u017e\u0105 &#8211; taip atsiskleid\u017eia skonis ir aromatas.<br \/>\nNat\u016bralumas: nat\u016bralios nuos\u0117dos priimtinos kaip minimalaus apdorojimo po\u017eymis.<br \/>\nT\u016bris: 250 ml<\/p>\n<p>Sud\u0117tis:<br \/>\n100 % \u0161alto spaudimo \u0161altalanki\u0173 aliejus, nerafinuotas (riebal\u0173 mas\u0117s dalis ~99,8 %). Be konservant\u0173 ir kvapi\u0173j\u0173 med\u017eiag\u0173. <\/p>\n<p>Vartojimo instrukcijos:<br \/>\nSuaugusiesiems po 1 arbatin\u012f \u0161auk\u0161tel\u012f 1-3 kartus per dien\u0105 po valgio arba kaip pada\u017e\u0105 paruo\u0161tiems patiekalams. Nekaitinti. <\/p>\n<p>Svarbu:<br \/>\ninformacija yra tik informacinio pob\u016bd\u017eio ir nepakei\u010dia specialisto konsultacijos. Esant individualiam netoleravimui, nutraukite vartojim\u0105. <\/p>\n<p>Laikymo s\u0105lygos:<br \/>\nLaikyti tamsioje, v\u0117sioje vietoje, 5-20 \u00b0C temperat\u016broje. Atidarius &#8211; \u0161aldytuve, sandariai u\u017edarius dangtel\u012f. Leid\u017eiamas nat\u016bralus nus\u0117dimas.  <\/p>\n","protected":false},"excerpt":{"rendered":"<p>100 % \u0161alto spaudimo \u0161altalanki\u0173 aliejus yra nat\u016bralus produktas be konservant\u0173 ir kvapi\u0173j\u0173 med\u017eiag\u0173. Tinka kasdienei mitybai, salot\u0173 pada\u017eams, ko\u0161\u0117ms, kokteiliams ir paruo\u0161tiems patiekalams, kai reikia ry\u0161kaus sodraus \u0161altalanki\u0173 skonio. Gryna sud\u0117tis: tik nerafinuotas \u0161altalanki\u0173 aliejus &#8211; joki\u0173 pried\u0173. Gamybos b\u016bdas: \u0161alto spaudimo, kad i\u0161likt\u0173 nat\u016bralus skonis ir aromatas. Geriau nekaitinti: naudokite kaip galutin\u012f pada\u017e\u0105 [&hellip;]<\/p>\n","protected":false},"featured_media":18554,"comment_status":"open","ping_status":"closed","template":"","meta":[],"product_brand":[],"product_cat":[221,217,220],"product_tag":[],"class_list":{"0":"post-18556","1":"product","2":"type-product","3":"status-publish","4":"has-post-thumbnail","6":"product_cat-aliejai","7":"product_cat-sveikatos-prieziura","8":"product_cat-zarnyno-sveikata","10":"first","11":"outofstock","12":"shipping-taxable","13":"purchasable","14":"product-type-simple"},"_links":{"self":[{"href":"https:\/\/beautysba.co.uk\/lt\/wp-json\/wp\/v2\/product\/18556","targetHints":{"allow":["GET"]}}],"collection":[{"href":"https:\/\/beautysba.co.uk\/lt\/wp-json\/wp\/v2\/product"}],"about":[{"href":"https:\/\/beautysba.co.uk\/lt\/wp-json\/wp\/v2\/types\/product"}],"replies":[{"embeddable":true,"href":"https:\/\/beautysba.co.uk\/lt\/wp-json\/wp\/v2\/comments?post=18556"}],"wp:featuredmedia":[{"embeddable":true,"href":"https:\/\/beautysba.co.uk\/lt\/wp-json\/wp\/v2\/media\/18554"}],"wp:attachment":[{"href":"https:\/\/beautysba.co.uk\/lt\/wp-json\/wp\/v2\/media?parent=18556"}],"wp:term":[{"taxonomy":"product_brand","embeddable":true,"href":"https:\/\/beautysba.co.uk\/lt\/wp-json\/wp\/v2\/product_brand?post=18556"},{"taxonomy":"product_cat","embeddable":true,"href":"https:\/\/beautysba.co.uk\/lt\/wp-json\/wp\/v2\/product_cat?post=18556"},{"taxonomy":"product_tag","embeddable":true,"href":"https:\/\/beautysba.co.uk\/lt\/wp-json\/wp\/v2\/product_tag?post=18556"}],"curies":[{"name":"wp","href":"https:\/\/api.w.org\/{rel}","templated":true}]}}