{"id":18580,"date":"2026-01-19T07:57:41","date_gmt":"2026-01-19T07:57:41","guid":{"rendered":"https:\/\/beautysba.co.uk\/product\/%d0%bb%d1%8c%d0%bd%d1%8f%d0%bd%d0%be%d0%b5-%d0%b5-%d0%bc%d0%b0%d1%81%d0%bb%d0%be-%d0%bd%d0%b5%d1%80%d0%b0%d1%84%d0%b8%d0%bd%d0%b8%d1%80%d0%be%d0%b2%d0%b0%d0%bd%d0%bd%d0%be%d0%b5-250-%d0%bc%d0%bb\/"},"modified":"2026-01-19T09:41:38","modified_gmt":"2026-01-19T09:41:38","slug":"%d0%bb%d1%8c%d0%bd%d1%8f%d0%bd%d0%be%d0%b5-%d0%b5-%d0%bc%d0%b0%d1%81%d0%bb%d0%be-%d0%bd%d0%b5%d1%80%d0%b0%d1%84%d0%b8%d0%bd%d0%b8%d1%80%d0%be%d0%b2%d0%b0%d0%bd%d0%bd%d0%be%d0%b5-250-%d0%bc%d0%bb","status":"publish","type":"product","link":"https:\/\/beautysba.co.uk\/lt\/produktas\/%d0%bb%d1%8c%d0%bd%d1%8f%d0%bd%d0%be%d0%b5-%d0%b5-%d0%bc%d0%b0%d1%81%d0%bb%d0%be-%d0%bd%d0%b5%d1%80%d0%b0%d1%84%d0%b8%d0%bd%d0%b8%d1%80%d0%be%d0%b2%d0%b0%d0%bd%d0%bd%d0%be%d0%b5-250-%d0%bc%d0%bb\/","title":{"rendered":"Lin\u0173 s\u0117men\u0173 aliejus, nerafinuotas, 250 ml &#8211; Nat\u016bral\u016bs aliejai"},"content":{"rendered":"<p>Lin\u0173 s\u0117men\u0173 maistinis aliejus, nerafinuotas, 250 ml<br \/>\nSud\u0117tis: 100 % s\u0117men\u0173 aliejus (Linum usitatissimum), \u0161alto spaudimo.<\/p>\n<p>Grynasis svoris: 250 ml<\/p>\n<p>Naudojimas: Naudojamas maisto ruo\u0161imui, salot\u0173 pada\u017eams, \u0161altiems pada\u017eams, u\u017ekand\u017eiams ir desertams.<\/p>\n<p>Maistin\u0117 vert\u0117 100 g:<\/p>\n<p>Energin\u0117 vert\u0117: 3760 kJ \/ 898 kcal<br \/>\nRiebalai: 99,8 g (\u012fskaitant so\u010di\u0105sias riebal\u0173 r\u016bg\u0161tis 13,8 g)<br \/>\nAngliavandeniai: 0 g (\u012fskaitant cukr\u0173 0 g)<br \/>\nBaltymai: 0 g<br \/>\nDruska: 0 g<br \/>\n\u012esp\u0117jimai:<\/p>\n<p>Nenaudoti esant individualiam produkto sudedam\u0173j\u0173 dali\u0173 netoleravimui!<br \/>\nJei pasirei\u0161kia alergin\u0117s reakcijos, nutraukite vartojim\u0105 ir kreipkit\u0117s \u012f gydytoj\u0105.<br \/>\nLaikyti vaikams nepasiekiamoje vietoje.<br \/>\nLaikymo s\u0105lygos: Laikyti sausoje, nuo \u0161viesos apsaugotoje vietoje, +10\u00baC &#8211; +25\u00baC temperat\u016broje. Atidarius pakuot\u0119, laikyti tamsioje vietoje, ne auk\u0161tesn\u0117je kaip 5 \u00baC temperat\u016broje. <\/p>\n<p>Galiojimo laikas: 18 m\u0117nesi\u0173 nuo pagaminimo datos.<\/p>\n<p>Geriau iki&#8221; datos: \u017er. pakuot\u0119.<\/p>\n<p>Gamintojas: OOO &#8220;NATURALNIE MASLA&#8221;, Rusija.<\/p>\n","protected":false},"excerpt":{"rendered":"<p>Lin\u0173 s\u0117men\u0173 maistinis aliejus, nerafinuotas, 250 ml Sud\u0117tis: 100 % s\u0117men\u0173 aliejus (Linum usitatissimum), \u0161alto spaudimo. Grynasis svoris: 250 ml Naudojimas: Naudojamas maisto ruo\u0161imui, salot\u0173 pada\u017eams, \u0161altiems pada\u017eams, u\u017ekand\u017eiams ir desertams. Maistin\u0117 vert\u0117 100 g: Energin\u0117 vert\u0117: 3760 kJ \/ 898 kcal Riebalai: 99,8 g (\u012fskaitant so\u010di\u0105sias riebal\u0173 r\u016bg\u0161tis 13,8 g) Angliavandeniai: 0 g (\u012fskaitant [&hellip;]<\/p>\n","protected":false},"featured_media":18578,"comment_status":"open","ping_status":"closed","template":"","meta":[],"product_brand":[],"product_cat":[221,217,220],"product_tag":[],"class_list":{"0":"post-18580","1":"product","2":"type-product","3":"status-publish","4":"has-post-thumbnail","6":"product_cat-aliejai","7":"product_cat-sveikatos-prieziura","8":"product_cat-zarnyno-sveikata","10":"first","11":"instock","12":"shipping-taxable","13":"purchasable","14":"product-type-simple"},"_links":{"self":[{"href":"https:\/\/beautysba.co.uk\/lt\/wp-json\/wp\/v2\/product\/18580","targetHints":{"allow":["GET"]}}],"collection":[{"href":"https:\/\/beautysba.co.uk\/lt\/wp-json\/wp\/v2\/product"}],"about":[{"href":"https:\/\/beautysba.co.uk\/lt\/wp-json\/wp\/v2\/types\/product"}],"replies":[{"embeddable":true,"href":"https:\/\/beautysba.co.uk\/lt\/wp-json\/wp\/v2\/comments?post=18580"}],"wp:featuredmedia":[{"embeddable":true,"href":"https:\/\/beautysba.co.uk\/lt\/wp-json\/wp\/v2\/media\/18578"}],"wp:attachment":[{"href":"https:\/\/beautysba.co.uk\/lt\/wp-json\/wp\/v2\/media?parent=18580"}],"wp:term":[{"taxonomy":"product_brand","embeddable":true,"href":"https:\/\/beautysba.co.uk\/lt\/wp-json\/wp\/v2\/product_brand?post=18580"},{"taxonomy":"product_cat","embeddable":true,"href":"https:\/\/beautysba.co.uk\/lt\/wp-json\/wp\/v2\/product_cat?post=18580"},{"taxonomy":"product_tag","embeddable":true,"href":"https:\/\/beautysba.co.uk\/lt\/wp-json\/wp\/v2\/product_tag?post=18580"}],"curies":[{"name":"wp","href":"https:\/\/api.w.org\/{rel}","templated":true}]}}