{"id":18592,"date":"2026-01-19T08:00:38","date_gmt":"2026-01-19T08:00:38","guid":{"rendered":"https:\/\/beautysba.co.uk\/product\/%d0%b3%d0%b5%d0%bb%d1%8c-%d0%b4%d0%bb%d1%8f-%d0%bb%d0%b8%d1%86%d0%b0-%d0%be%d1%82-%d0%bf%d1%80%d1%8b%d1%89%d0%b5%d0%b9-%d0%b8-%d1%83%d0%b3%d1%80%d0%b5%d0%b9-%d1%81-%d1%87%d0%b8%d1%81%d1%82%d0%be%d1%82\/"},"modified":"2026-01-19T09:41:42","modified_gmt":"2026-01-19T09:41:42","slug":"%d0%b3%d0%b5%d0%bb%d1%8c-%d0%b4%d0%bb%d1%8f-%d0%bb%d0%b8%d1%86%d0%b0-%d0%be%d1%82-%d0%bf%d1%80%d1%8b%d1%89%d0%b5%d0%b9-%d0%b8-%d1%83%d0%b3%d1%80%d0%b5%d0%b9-%d1%81-%d1%87%d0%b8%d1%81%d1%82%d0%be%d1%82","status":"publish","type":"product","link":"https:\/\/beautysba.co.uk\/lt\/produktas\/%d0%b3%d0%b5%d0%bb%d1%8c-%d0%b4%d0%bb%d1%8f-%d0%bb%d0%b8%d1%86%d0%b0-%d0%be%d1%82-%d0%bf%d1%80%d1%8b%d1%89%d0%b5%d0%b9-%d0%b8-%d1%83%d0%b3%d1%80%d0%b5%d0%b9-%d1%81-%d1%87%d0%b8%d1%81%d1%82%d0%be%d1%82\/","title":{"rendered":"Veido gelis nuo spuog\u0173 ir ink\u0161tir\u0173 su gelsve, 42 g &#8211; Salvage Circle"},"content":{"rendered":"<p>Apra\u0161ymas<br \/>\nTa\u0161kiniam tepimui skirtas produktas. Rekomenduojama greita ir veiksminga pagalba odai, linkusiai \u012f spuogus ir akn\u0119. Skirtas vietiniam antibakteriniam poveikiui problemin\u0117se odos vietose.  <\/p>\n<p>Veiksmingai kovoja su spuog\u0173 ir juod\u0173j\u0173 ta\u0161keli\u0173 atsiradimo prie\u017eastimis.<br \/>\nSaugo nuo bakterij\u0173 dauginimosi, u\u017edegimo, nie\u017eulio ir odos paraudimo.<br \/>\nD\u0117l geros tolerancijos gali b\u016bti naudojamas rausviems ir vulgariems spuogams gydyti.<br \/>\nPriemon\u0117 neriebi, nematoma ant odos ir nepalieka d\u0117mi\u0173.<br \/>\nAntimikrobinis (veiksmingas prie\u0161 *Propionibacterium acne*).<br \/>\nRaminamasis poveikis odai.<br \/>\nNaudojimo instrukcija<br \/>\nTepkite lokaliai ant problemini\u0173 odos viet\u0173 ma\u017edaug 1 mm storio sluoksniu, vengdami patekti \u012f akis. Tepimui rekomenduojama naudoti vatos diskel\u012f. D\u0117l didel\u0117s veikli\u0173j\u0173 med\u017eiag\u0173 koncentracijos gelis tepamas tik ant spuog\u0173 pa\u017eeist\u0173 viet\u0173.  <\/p>\n<p>Nenaudokite ant pa\u017eeistos odos!<br \/>\nNaudojimo da\u017enumas: 1-2 kartus per dien\u0105.<br \/>\nPoveikis matomas pra\u0117jus 12-24 valandoms po naudojimo.<br \/>\nSudedamosios dalys<br \/>\nVanduo, Glycyrrhiza Gabra \u0161akn\u0173 ekstraktas (ir) Calendula Officinalis \u017eied\u0173 ekstraktas (ir) Viola Tricolor ekstraktas (ir) Celandinos ekstraktas, propilenglikolis, lecitinas, glicerinas, karbomeras, etilheksilglicerinas, natrio karbomeras, Trietanolaminas, Peg-40 hidrintas ricin\u0173 aliejus, fenoksietanolis (ir) etilheksilglicerinas, linalolis, citronelolis, farnezolis, limonenas, heksil cinamalas, butilfenil metilpropionalas, citralis, eugenolis, cinamalas, kumarinas, geraniolis, benzil cinamatas.<\/p>\n","protected":false},"excerpt":{"rendered":"<p>Apra\u0161ymas Ta\u0161kiniam tepimui skirtas produktas. Rekomenduojama greita ir veiksminga pagalba odai, linkusiai \u012f spuogus ir akn\u0119. Skirtas vietiniam antibakteriniam poveikiui problemin\u0117se odos vietose. Veiksmingai kovoja su spuog\u0173 ir juod\u0173j\u0173 ta\u0161keli\u0173 atsiradimo prie\u017eastimis. Saugo nuo bakterij\u0173 dauginimosi, u\u017edegimo, nie\u017eulio ir odos paraudimo. D\u0117l geros tolerancijos gali b\u016bti naudojamas rausviems ir vulgariems spuogams gydyti. Priemon\u0117 neriebi, nematoma [&hellip;]<\/p>\n","protected":false},"featured_media":18590,"comment_status":"open","ping_status":"closed","template":"","meta":[],"product_brand":[],"product_cat":[192,128,127],"product_tag":[],"class_list":{"0":"post-18592","1":"product","2":"type-product","3":"status-publish","4":"has-post-thumbnail","6":"product_cat-naujienos","7":"product_cat-spuogu-demiu-gydymas","8":"product_cat-veidas","10":"first","11":"instock","12":"shipping-taxable","13":"purchasable","14":"product-type-simple"},"_links":{"self":[{"href":"https:\/\/beautysba.co.uk\/lt\/wp-json\/wp\/v2\/product\/18592","targetHints":{"allow":["GET"]}}],"collection":[{"href":"https:\/\/beautysba.co.uk\/lt\/wp-json\/wp\/v2\/product"}],"about":[{"href":"https:\/\/beautysba.co.uk\/lt\/wp-json\/wp\/v2\/types\/product"}],"replies":[{"embeddable":true,"href":"https:\/\/beautysba.co.uk\/lt\/wp-json\/wp\/v2\/comments?post=18592"}],"wp:featuredmedia":[{"embeddable":true,"href":"https:\/\/beautysba.co.uk\/lt\/wp-json\/wp\/v2\/media\/18590"}],"wp:attachment":[{"href":"https:\/\/beautysba.co.uk\/lt\/wp-json\/wp\/v2\/media?parent=18592"}],"wp:term":[{"taxonomy":"product_brand","embeddable":true,"href":"https:\/\/beautysba.co.uk\/lt\/wp-json\/wp\/v2\/product_brand?post=18592"},{"taxonomy":"product_cat","embeddable":true,"href":"https:\/\/beautysba.co.uk\/lt\/wp-json\/wp\/v2\/product_cat?post=18592"},{"taxonomy":"product_tag","embeddable":true,"href":"https:\/\/beautysba.co.uk\/lt\/wp-json\/wp\/v2\/product_tag?post=18592"}],"curies":[{"name":"wp","href":"https:\/\/api.w.org\/{rel}","templated":true}]}}