{"id":18598,"date":"2026-01-19T08:02:01","date_gmt":"2026-01-19T08:02:01","guid":{"rendered":"https:\/\/beautysba.co.uk\/product\/%d0%b3%d0%b5%d0%bb%d1%8c-%d0%b4%d0%bb%d1%8f-%d0%bb%d0%b8%d1%86%d0%b0-%d0%b3%d1%83%d0%b0%d0%bb%d1%83%d1%80%d0%be%d0%bd%d0%be%d0%b2%d0%b0%d1%8f-%d0%ba%d0%b8%d1%81%d0%bb%d0%be%d1%82%d0%b0-3-40-%d0%b3\/"},"modified":"2026-01-19T09:41:39","modified_gmt":"2026-01-19T09:41:39","slug":"%d0%b3%d0%b5%d0%bb%d1%8c-%d0%b4%d0%bb%d1%8f-%d0%bb%d0%b8%d1%86%d0%b0-%d0%b3%d1%83%d0%b0%d0%bb%d1%83%d1%80%d0%be%d0%bd%d0%be%d0%b2%d0%b0%d1%8f-%d0%ba%d0%b8%d1%81%d0%bb%d0%be%d1%82%d0%b0-3-40-%d0%b3","status":"publish","type":"product","link":"https:\/\/beautysba.co.uk\/lt\/produktas\/%d0%b3%d0%b5%d0%bb%d1%8c-%d0%b4%d0%bb%d1%8f-%d0%bb%d0%b8%d1%86%d0%b0-%d0%b3%d1%83%d0%b0%d0%bb%d1%83%d1%80%d0%be%d0%bd%d0%be%d0%b2%d0%b0%d1%8f-%d0%ba%d0%b8%d1%81%d0%bb%d0%be%d1%82%d0%b0-3-40-%d0%b3\/","title":{"rendered":"Veido gelis Gualurono r\u016bg\u0161tis 3% Gualurono r\u016bg\u0161tis 40 g &#8220;Rescue Circle&#8221;"},"content":{"rendered":"<p>Preparatas intensyviai mink\u0161tina, dr\u0117kina ir apsaugo od\u0105 nuo nepalanki\u0173 i\u0161or\u0117s veiksni\u0173, suteikia odai stangrumo, lygumo ir \u0161velnumo, ma\u017eina rauk\u0161li\u0173 gyl\u012f ir neleid\u017eia susidaryti naujoms; padeda pa\u0161alinti odos pertekli\u0173. Priemon\u0117 lengvai pasiskirsto po vis\u0105 odos pavir\u0161i\u0173, sudarydama plon\u0105 apsaugin\u012f sluoksn\u012f. <\/p>\n<p>Naudojimas: u\u017etepkite gelio ant visi\u0161kai \u0161varaus veido ir kaklo. \u0160velniai masa\u017euokite pir\u0161tais, kol produktas visi\u0161kai \u012fsigers. Naudokite ryte ir vakare.  <\/p>\n<p>Sud\u0117tis: vanduo, alantoinas, pantenolis, hialurono r\u016bg\u0161tis, fenoksietanolis ir etilheksilglicerinas, be etanolio.<\/p>\n","protected":false},"excerpt":{"rendered":"<p>Preparatas intensyviai mink\u0161tina, dr\u0117kina ir apsaugo od\u0105 nuo nepalanki\u0173 i\u0161or\u0117s veiksni\u0173, suteikia odai stangrumo, lygumo ir \u0161velnumo, ma\u017eina rauk\u0161li\u0173 gyl\u012f ir neleid\u017eia susidaryti naujoms; padeda pa\u0161alinti odos pertekli\u0173. Priemon\u0117 lengvai pasiskirsto po vis\u0105 odos pavir\u0161i\u0173, sudarydama plon\u0105 apsaugin\u012f sluoksn\u012f. Naudojimas: u\u017etepkite gelio ant visi\u0161kai \u0161varaus veido ir kaklo. \u0160velniai masa\u017euokite pir\u0161tais, kol produktas visi\u0161kai \u012fsigers. [&hellip;]<\/p>\n","protected":false},"featured_media":18596,"comment_status":"open","ping_status":"closed","template":"","meta":[],"product_brand":[],"product_cat":[133,209,192,127],"product_tag":[],"class_list":{"0":"post-18598","1":"product","2":"type-product","3":"status-publish","4":"has-post-thumbnail","6":"product_cat-dienos-kremai","7":"product_cat-naktiniai-kremai","8":"product_cat-naujienos","9":"product_cat-veidas","11":"first","12":"instock","13":"shipping-taxable","14":"purchasable","15":"product-type-simple"},"_links":{"self":[{"href":"https:\/\/beautysba.co.uk\/lt\/wp-json\/wp\/v2\/product\/18598","targetHints":{"allow":["GET"]}}],"collection":[{"href":"https:\/\/beautysba.co.uk\/lt\/wp-json\/wp\/v2\/product"}],"about":[{"href":"https:\/\/beautysba.co.uk\/lt\/wp-json\/wp\/v2\/types\/product"}],"replies":[{"embeddable":true,"href":"https:\/\/beautysba.co.uk\/lt\/wp-json\/wp\/v2\/comments?post=18598"}],"wp:featuredmedia":[{"embeddable":true,"href":"https:\/\/beautysba.co.uk\/lt\/wp-json\/wp\/v2\/media\/18596"}],"wp:attachment":[{"href":"https:\/\/beautysba.co.uk\/lt\/wp-json\/wp\/v2\/media?parent=18598"}],"wp:term":[{"taxonomy":"product_brand","embeddable":true,"href":"https:\/\/beautysba.co.uk\/lt\/wp-json\/wp\/v2\/product_brand?post=18598"},{"taxonomy":"product_cat","embeddable":true,"href":"https:\/\/beautysba.co.uk\/lt\/wp-json\/wp\/v2\/product_cat?post=18598"},{"taxonomy":"product_tag","embeddable":true,"href":"https:\/\/beautysba.co.uk\/lt\/wp-json\/wp\/v2\/product_tag?post=18598"}],"curies":[{"name":"wp","href":"https:\/\/api.w.org\/{rel}","templated":true}]}}