{"id":18604,"date":"2026-01-19T08:07:34","date_gmt":"2026-01-19T08:07:34","guid":{"rendered":"https:\/\/beautysba.co.uk\/product\/deo-%d0%b4%d0%b5%d0%be-%d0%ba%d1%80%d0%b5%d0%bc-%d0%b4%d0%bb%d1%8f-%d0%bd%d0%be%d0%b3-100-%d0%bc%d0%bb\/"},"modified":"2026-03-21T06:53:16","modified_gmt":"2026-03-21T06:53:16","slug":"deo-%d0%b4%d0%b5%d0%be-%d0%ba%d1%80%d0%b5%d0%bc-%d0%b4%d0%bb%d1%8f-%d0%bd%d0%be%d0%b3-100-%d0%bc%d0%bb","status":"publish","type":"product","link":"https:\/\/beautysba.co.uk\/lt\/produktas\/deo-%d0%b4%d0%b5%d0%be-%d0%ba%d1%80%d0%b5%d0%bc-%d0%b4%d0%bb%d1%8f-%d0%bd%d0%be%d0%b3-100-%d0%bc%d0%bb\/","title":{"rendered":"&#8220;DEO&#8221; deo kremas kojoms, 100 ml"},"content":{"rendered":"<p>DEO p\u0117d\u0173 kremas yra \u0161velni ir veiksminga kasdien\u0117s prie\u017ei\u016bros priemon\u0117, padedanti vis\u0105 dien\u0105 i\u0161likti gaiviems ir patogiems.<\/p>\n<p>Kremo formul\u0117 veikia ne tik kvap\u0105, bet ir jo prie\u017eastis.<\/p>\n<p>Aliuminio chlorohidratas reguliuoja prakaitavim\u0105, tod\u0117l jau\u010diat\u0117s sausi ir lengvi.<\/p>\n<p>Farnezolis padeda i\u0161vengti nemalonaus kvapo ir turi dezodoruojant\u012f poveik\u012f.<\/p>\n<p>Alavij\u0173 gelis ir avokad\u0173 aliejus dr\u0117kina ir mink\u0161tina od\u0105, tod\u0117l ji tampa \u0161velni ir puosel\u0117jama.<\/p>\n<p>Naudojimas: tepkite krem\u0105 ant \u0161varios p\u0117d\u0173 odos, netrinkite.<\/p>\n<p>D\u0117l to vis\u0105 dien\u0105 jau\u010diamas \u0161varos, gaivumo ir komforto jausmas.<\/p>\n<p>T\u016bris: 100 ml<\/p>\n<p>Laikymo temperat\u016bra: +5 \u00b0C &#8211; +25 \u00b0C<\/p>\n<p>Galiojimo laikas: 36 m\u0117n.<\/p>\n<p>Sudedamosios dalys:<br \/>\naliuminio chlorohidratas, glicerilo stearatas, izopropilo palmitatas, PEG-100 stearatas, cetearilo alkoholis, glicerinas, Persea Gratissima aliejus, Aloe Barbadensis lap\u0173 sultys, oktildodekanolis, hidroksietilceliulioz\u0117, farnezolis, tetranatrio glutamato diacetatas, Parfumas, natrio acetatas, izopropilo alkoholis, kalio sorbatas, natrio benzoatas, fenoksietanolis, etilheksilglicerinas, citralis, Citrus Limon \u017eieveli\u0173 aliejus, Eucalyptus Globulus aliejus, geraniolis, limonenas, linaloolis, pinenas, terpineolis.<\/p>\n","protected":false},"excerpt":{"rendered":"<p>DEO p\u0117d\u0173 kremas yra \u0161velni ir veiksminga kasdien\u0117s prie\u017ei\u016bros priemon\u0117, padedanti vis\u0105 dien\u0105 i\u0161likti gaiviems ir patogiems. Kremo formul\u0117 veikia ne tik kvap\u0105, bet ir jo prie\u017eastis. Aliuminio chlorohidratas reguliuoja prakaitavim\u0105, tod\u0117l jau\u010diat\u0117s sausi ir lengvi. Farnezolis padeda i\u0161vengti nemalonaus kvapo ir turi dezodoruojant\u012f poveik\u012f. Alavij\u0173 gelis ir avokad\u0173 aliejus dr\u0117kina ir mink\u0161tina od\u0105, tod\u0117l [&hellip;]<\/p>\n","protected":false},"featured_media":18602,"comment_status":"open","ping_status":"closed","template":"","meta":[],"product_brand":[],"product_cat":[119,192,123],"product_tag":[],"class_list":{"0":"post-18604","1":"product","2":"type-product","3":"status-publish","4":"has-post-thumbnail","6":"product_cat-kuno-produktai","7":"product_cat-naujienos","8":"product_cat-pedu-prieziura","10":"first","11":"instock","12":"shipping-taxable","13":"purchasable","14":"product-type-simple"},"_links":{"self":[{"href":"https:\/\/beautysba.co.uk\/lt\/wp-json\/wp\/v2\/product\/18604","targetHints":{"allow":["GET"]}}],"collection":[{"href":"https:\/\/beautysba.co.uk\/lt\/wp-json\/wp\/v2\/product"}],"about":[{"href":"https:\/\/beautysba.co.uk\/lt\/wp-json\/wp\/v2\/types\/product"}],"replies":[{"embeddable":true,"href":"https:\/\/beautysba.co.uk\/lt\/wp-json\/wp\/v2\/comments?post=18604"}],"wp:featuredmedia":[{"embeddable":true,"href":"https:\/\/beautysba.co.uk\/lt\/wp-json\/wp\/v2\/media\/18602"}],"wp:attachment":[{"href":"https:\/\/beautysba.co.uk\/lt\/wp-json\/wp\/v2\/media?parent=18604"}],"wp:term":[{"taxonomy":"product_brand","embeddable":true,"href":"https:\/\/beautysba.co.uk\/lt\/wp-json\/wp\/v2\/product_brand?post=18604"},{"taxonomy":"product_cat","embeddable":true,"href":"https:\/\/beautysba.co.uk\/lt\/wp-json\/wp\/v2\/product_cat?post=18604"},{"taxonomy":"product_tag","embeddable":true,"href":"https:\/\/beautysba.co.uk\/lt\/wp-json\/wp\/v2\/product_tag?post=18604"}],"curies":[{"name":"wp","href":"https:\/\/api.w.org\/{rel}","templated":true}]}}