{"id":18610,"date":"2026-01-19T08:09:37","date_gmt":"2026-01-19T08:09:37","guid":{"rendered":"https:\/\/beautysba.co.uk\/product\/%d1%8d%d0%bb%d0%b5%d1%83%d1%82%d0%b5%d1%80%d0%be%d0%ba%d0%be%d0%ba%d0%ba-%d1%81-%d0%b2%d0%b8%d1%82%d0%b0%d0%bc%d0%b8%d0%bd%d0%b0%d0%bc%d0%b8-c-%d0%b8-e-%d1%82%d0%b0%d0%b1%d0%bb%d0%b5%d1%82%d0%ba\/"},"modified":"2026-01-19T09:42:15","modified_gmt":"2026-01-19T09:42:15","slug":"%d1%8d%d0%bb%d0%b5%d1%83%d1%82%d0%b5%d1%80%d0%be%d0%ba%d0%be%d0%ba%d0%ba-%d1%81-%d0%b2%d0%b8%d1%82%d0%b0%d0%bc%d0%b8%d0%bd%d0%b0%d0%bc%d0%b8-c-%d0%b8-e-%d1%82%d0%b0%d0%b1%d0%bb%d0%b5%d1%82%d0%ba","status":"publish","type":"product","link":"https:\/\/beautysba.co.uk\/lt\/produktas\/%d1%8d%d0%bb%d0%b5%d1%83%d1%82%d0%b5%d1%80%d0%be%d0%ba%d0%be%d0%ba%d0%ba-%d1%81-%d0%b2%d0%b8%d1%82%d0%b0%d0%bc%d0%b8%d0%bd%d0%b0%d0%bc%d0%b8-c-%d0%b8-e-%d1%82%d0%b0%d0%b1%d0%bb%d0%b5%d1%82%d0%ba\/","title":{"rendered":"Eleuterokokas su vitaminais C ir E, tablet\u0117s 0,18 g, 50 vnt. &#8211; BIOKOR"},"content":{"rendered":"<p>Kompleksas su eleuterokoku, vitaminais C ir E yra maisto papildas, skirtas organizmui palaikyti padid\u0117jusio streso, nuovargio ir suma\u017e\u0117jusio gyvybingumo laikotarpiais. Formul\u0117je derinami augaliniai komponentai ir vitaminai, kurie tradici\u0161kai vartojami bendrai gerai savijautai ir organizmo prisitaikymo geb\u0117jimams palaikyti. <\/p>\n<p>Produkto pagrind\u0105 sudaro Eleuterokoko \u0161akn\u0173 ir \u0161akniastiebi\u0173 milteliai ir ekstraktas, \u017einomas kaip nat\u016bralus adaptogenas. Sud\u0117tyje taip pat yra vitamino C ir vitamino E, kurie dalyvauja apsaugant l\u0105steles nuo oksidacinio streso ir palaikant antioksidacin\u0119 pusiausvyr\u0105. <\/p>\n<p>Kasdien vartojamas produktas gali pad\u0117ti palaikyti darbingum\u0105, energijos lyg\u012f ir atsparum\u0105 stresiniams veiksniams. Kompleksas da\u017enai pasirenkamas intensyvios protin\u0117s ar fizin\u0117s veiklos laikotarpiais, taip pat ne sezono metu. <\/p>\n<p>Veikliosios med\u017eiagos ir j\u0173 vaidmuo<br \/>\nEleuterozidai &#8211; palaiko organizmo adaptacinius geb\u0117jimus.<br \/>\nVitaminas C &#8211; prisideda prie normalios imunin\u0117s sistemos veiklos ir ma\u017eina nuovarg\u012f.<br \/>\nVitaminas E &#8211; dalyvauja apsaugant l\u0105steles nuo oksidacin\u0117s pa\u017eaidos.<br \/>\nDilg\u0117li\u0173 ekstraktas &#8211; papildo vaista\u017eoli\u0173 formul\u0119.<br \/>\nVartojimo b\u016bdas<br \/>\nSuaugusiesiems rekomenduojama vartoti po 2 tabletes 2 kartus per dien\u0105 valgio metu. Vartojimo trukm\u0117 &#8211; 1 m\u0117nuo, jei specialistas nerekomenduoja kitaip. <\/p>\n<p>Svarbu atsi\u017evelgti \u012f<br \/>\nMaisto papildas nepakei\u010dia \u012fvairios ir subalansuotos mitybos. Nerekomenduojama vartoti n\u0117\u0161tumo ir \u017eindymo laikotarpiu, taip pat esant individualiam sudedam\u0173j\u0173 dali\u0173 netoleravimui.  Prie\u0161 vartojim\u0105 rekomenduojama pasitarti su gydytoju.<\/p>\n<p>Rinkdamiesi \u0161\u012f kompleks\u0105, \u012f savo mityb\u0105 \u012ftraukiate vitamin\u0173 ir augalini\u0173 med\u017eiag\u0173 derin\u012f, kuris palaiko aktyv\u0173 ir subalansuot\u0105 gyvenimo b\u016bd\u0105.<\/p>\n","protected":false},"excerpt":{"rendered":"<p>Kompleksas su eleuterokoku, vitaminais C ir E yra maisto papildas, skirtas organizmui palaikyti padid\u0117jusio streso, nuovargio ir suma\u017e\u0117jusio gyvybingumo laikotarpiais. Formul\u0117je derinami augaliniai komponentai ir vitaminai, kurie tradici\u0161kai vartojami bendrai gerai savijautai ir organizmo prisitaikymo geb\u0117jimams palaikyti. Produkto pagrind\u0105 sudaro Eleuterokoko \u0161akn\u0173 ir \u0161akniastiebi\u0173 milteliai ir ekstraktas, \u017einomas kaip nat\u016bralus adaptogenas. Sud\u0117tyje taip pat yra [&hellip;]<\/p>\n","protected":false},"featured_media":18608,"comment_status":"open","ping_status":"closed","template":"","meta":[],"product_brand":[],"product_cat":[217,220],"product_tag":[],"class_list":{"0":"post-18610","1":"product","2":"type-product","3":"status-publish","4":"has-post-thumbnail","6":"product_cat-sveikatos-prieziura","7":"product_cat-zarnyno-sveikata","9":"first","10":"instock","11":"shipping-taxable","12":"purchasable","13":"product-type-simple"},"_links":{"self":[{"href":"https:\/\/beautysba.co.uk\/lt\/wp-json\/wp\/v2\/product\/18610","targetHints":{"allow":["GET"]}}],"collection":[{"href":"https:\/\/beautysba.co.uk\/lt\/wp-json\/wp\/v2\/product"}],"about":[{"href":"https:\/\/beautysba.co.uk\/lt\/wp-json\/wp\/v2\/types\/product"}],"replies":[{"embeddable":true,"href":"https:\/\/beautysba.co.uk\/lt\/wp-json\/wp\/v2\/comments?post=18610"}],"wp:featuredmedia":[{"embeddable":true,"href":"https:\/\/beautysba.co.uk\/lt\/wp-json\/wp\/v2\/media\/18608"}],"wp:attachment":[{"href":"https:\/\/beautysba.co.uk\/lt\/wp-json\/wp\/v2\/media?parent=18610"}],"wp:term":[{"taxonomy":"product_brand","embeddable":true,"href":"https:\/\/beautysba.co.uk\/lt\/wp-json\/wp\/v2\/product_brand?post=18610"},{"taxonomy":"product_cat","embeddable":true,"href":"https:\/\/beautysba.co.uk\/lt\/wp-json\/wp\/v2\/product_cat?post=18610"},{"taxonomy":"product_tag","embeddable":true,"href":"https:\/\/beautysba.co.uk\/lt\/wp-json\/wp\/v2\/product_tag?post=18610"}],"curies":[{"name":"wp","href":"https:\/\/api.w.org\/{rel}","templated":true}]}}