{"id":18616,"date":"2026-01-19T08:12:02","date_gmt":"2026-01-19T08:12:02","guid":{"rendered":"https:\/\/beautysba.co.uk\/product\/%d0%bb%d1%8c%d0%bd%d1%8f%d0%bd%d0%b0%d1%8f-%d0%ba%d0%bb%d0%b5%d1%82%d1%87%d0%b0%d1%82%d0%ba%d0%b0-%d1%81-%d1%87%d0%b5%d1%80%d0%bd%d0%b8%d0%ba%d0%be%d0%b9-%d1%81%d0%b8%d0%b1%d0%b8%d1%80%d1%81%d0%ba\/"},"modified":"2026-01-19T09:42:16","modified_gmt":"2026-01-19T09:42:16","slug":"%d0%bb%d1%8c%d0%bd%d1%8f%d0%bd%d0%b0%d1%8f-%d0%ba%d0%bb%d0%b5%d1%82%d1%87%d0%b0%d1%82%d0%ba%d0%b0-%d1%81-%d1%87%d0%b5%d1%80%d0%bd%d0%b8%d0%ba%d0%be%d0%b9-%d1%81%d0%b8%d0%b1%d0%b8%d1%80%d1%81%d0%ba","status":"publish","type":"product","link":"https:\/\/beautysba.co.uk\/lt\/produktas\/%d0%bb%d1%8c%d0%bd%d1%8f%d0%bd%d0%b0%d1%8f-%d0%ba%d0%bb%d0%b5%d1%82%d1%87%d0%b0%d1%82%d0%ba%d0%b0-%d1%81-%d1%87%d0%b5%d1%80%d0%bd%d0%b8%d0%ba%d0%be%d0%b9-%d1%81%d0%b8%d0%b1%d0%b8%d1%80%d1%81%d0%ba\/","title":{"rendered":"Lin\u0173 skaidulos su m\u0117lyn\u0117mis &#8220;Sibiro&#8221; 280g"},"content":{"rendered":"<p>SIBIRO SKAIDULIN\u0116S MED\u017dIAGOS SU M\u0116LYN\u0116MIS 280 G SIBIRO SKAIDULINI\u0172 MED\u017dIAG\u0172<\/p>\n<p>Sud\u0117tis: kvie\u010di\u0173 s\u0117lenos, lin\u0173 s\u0117men\u0173 miltai 20 %, m\u0117lyn\u0117s 5 %, obuoliai, varnal\u0117\u0161\u0173 \u0161aknys.<\/p>\n<p>Maistin\u0117 vert\u0117 100 g: energin\u0117 vert\u0117 150 kcal.<\/p>\n<p>Vartokite po 1-2 valgomuosius \u0161auk\u0161tus per dien\u0105, u\u017egerdami 1 stikline vandens arba kefyro 1-3 kartus per dien\u0105. Puikus dietinis produktas, nes maisto s\u0117lenos i\u0161brinksta \u017earnyne, o tai padeda greitai numal\u0161inti alkio jausm\u0105. Vir\u0161kinimo trakte jos valo \u017earnyno sieneles. Pa\u0161alina i\u0161 organizmo toksinus ir toksines med\u017eiagas.   <\/p>\n<p>\u012esp\u0117jimas: nerekomenduojama vartoti, jei yra skrand\u017eio ar \u017earnyno op\u0173 arba produktas netoleruojamas. Laikyti kambario temperat\u016broje, sausoje vietoje. Galiojimo laikas &#8211; 1 metai. Ant pakuot\u0117s nurodyta data &#8220;Geriausia vartoti iki&#8221;.    Laikykite vaikams nepasiekiamoje vietoje!<\/p>\n<p>Gamintojas: OOO Sibirskaya Kletchatka, Rusija, Tomsk.<\/p>\n","protected":false},"excerpt":{"rendered":"<p>SIBIRO SKAIDULIN\u0116S MED\u017dIAGOS SU M\u0116LYN\u0116MIS 280 G SIBIRO SKAIDULINI\u0172 MED\u017dIAG\u0172 Sud\u0117tis: kvie\u010di\u0173 s\u0117lenos, lin\u0173 s\u0117men\u0173 miltai 20 %, m\u0117lyn\u0117s 5 %, obuoliai, varnal\u0117\u0161\u0173 \u0161aknys. Maistin\u0117 vert\u0117 100 g: energin\u0117 vert\u0117 150 kcal. Vartokite po 1-2 valgomuosius \u0161auk\u0161tus per dien\u0105, u\u017egerdami 1 stikline vandens arba kefyro 1-3 kartus per dien\u0105. Puikus dietinis produktas, nes maisto s\u0117lenos [&hellip;]<\/p>\n","protected":false},"featured_media":18614,"comment_status":"open","ping_status":"closed","template":"","meta":[],"product_brand":[],"product_cat":[217,329,220,270],"product_tag":[],"class_list":{"0":"post-18616","1":"product","2":"type-product","3":"status-publish","4":"has-post-thumbnail","6":"product_cat-sveikatos-prieziura","7":"product_cat-svorio-metimui","8":"product_cat-zarnyno-sveikata","9":"product_cat----lt","11":"first","12":"outofstock","13":"shipping-taxable","14":"purchasable","15":"product-type-simple"},"_links":{"self":[{"href":"https:\/\/beautysba.co.uk\/lt\/wp-json\/wp\/v2\/product\/18616","targetHints":{"allow":["GET"]}}],"collection":[{"href":"https:\/\/beautysba.co.uk\/lt\/wp-json\/wp\/v2\/product"}],"about":[{"href":"https:\/\/beautysba.co.uk\/lt\/wp-json\/wp\/v2\/types\/product"}],"replies":[{"embeddable":true,"href":"https:\/\/beautysba.co.uk\/lt\/wp-json\/wp\/v2\/comments?post=18616"}],"wp:featuredmedia":[{"embeddable":true,"href":"https:\/\/beautysba.co.uk\/lt\/wp-json\/wp\/v2\/media\/18614"}],"wp:attachment":[{"href":"https:\/\/beautysba.co.uk\/lt\/wp-json\/wp\/v2\/media?parent=18616"}],"wp:term":[{"taxonomy":"product_brand","embeddable":true,"href":"https:\/\/beautysba.co.uk\/lt\/wp-json\/wp\/v2\/product_brand?post=18616"},{"taxonomy":"product_cat","embeddable":true,"href":"https:\/\/beautysba.co.uk\/lt\/wp-json\/wp\/v2\/product_cat?post=18616"},{"taxonomy":"product_tag","embeddable":true,"href":"https:\/\/beautysba.co.uk\/lt\/wp-json\/wp\/v2\/product_tag?post=18616"}],"curies":[{"name":"wp","href":"https:\/\/api.w.org\/{rel}","templated":true}]}}