{"id":18622,"date":"2026-01-19T08:13:56","date_gmt":"2026-01-19T08:13:56","guid":{"rendered":"https:\/\/beautysba.co.uk\/product\/%d1%81%d0%b8%d0%b1%d0%b8%d1%80%d1%81%d0%ba%d0%b0%d1%8f-%d0%bb%d1%8c%d0%bd%d1%8f%d0%bd%d0%b0%d1%8f-%d0%ba%d0%bb%d0%b5%d1%82%d1%87%d0%b0%d1%82%d0%ba%d0%b0-%d1%81-%d1%84%d1%80%d1%83%d0%ba%d1%82%d0%b0\/"},"modified":"2026-01-19T09:42:17","modified_gmt":"2026-01-19T09:42:17","slug":"%d1%81%d0%b8%d0%b1%d0%b8%d1%80%d1%81%d0%ba%d0%b0%d1%8f-%d0%bb%d1%8c%d0%bd%d1%8f%d0%bd%d0%b0%d1%8f-%d0%ba%d0%bb%d0%b5%d1%82%d1%87%d0%b0%d1%82%d0%ba%d0%b0-%d1%81-%d1%84%d1%80%d1%83%d0%ba%d1%82%d0%b0","status":"publish","type":"product","link":"https:\/\/beautysba.co.uk\/lt\/produktas\/%d1%81%d0%b8%d0%b1%d0%b8%d1%80%d1%81%d0%ba%d0%b0%d1%8f-%d0%bb%d1%8c%d0%bd%d1%8f%d0%bd%d0%b0%d1%8f-%d0%ba%d0%bb%d0%b5%d1%82%d1%87%d0%b0%d1%82%d0%ba%d0%b0-%d1%81-%d1%84%d1%80%d1%83%d0%ba%d1%82%d0%b0\/","title":{"rendered":"Sibiro lin\u0173 skaidulos su vaisiais 280g"},"content":{"rendered":"<p>Sibiro pluo\u0161tas &#8220;Lin\u0173 pluo\u0161tas su vaisiais&#8221;<\/p>\n<p>&#8220;Sibiro pluo\u0161tas pad\u0117s nat\u016braliai i\u0161spr\u0119sti kelet\u0105 problem\u0173:<\/p>\n<p>-patek\u0119s \u012f vir\u0161kinam\u0105j\u012f trakt\u0105, jis i\u0161brinksta, o tai padeda grei\u010diau numal\u0161inti alk\u012f;<\/p>\n<p>-jud\u0117jimas, \u017earnyno sieneli\u0173 valymas;<\/p>\n<p>-tampa naudingos mikrofloros veisimosi vieta;<\/p>\n<p>-nesuvir\u0161kinamas ir pa\u0161alina i\u0161 organizmo toksinus ir nuodingas med\u017eiagas.<\/p>\n<p>Bet koks maistas, praturtintas &#8220;Sibiro skaidulomis&#8221;, tampa ma\u017eiau kaloringas.  <\/p>\n<p>Sud\u0117tyje n\u0117ra cukraus ir konservant\u0173.<\/p>\n<p>Sud\u0117tis: kvie\u010di\u0173 gr\u016bd\u0173 luk\u0161tai, lin\u0173 s\u0117men\u0173 miltai, abrikosai, varnal\u0117\u0161\u0173 \u0161aknys, obuoliai.<\/p>\n<p>100 g produkto yra: baltym\u0173 &#8211; 12 g, riebal\u0173 &#8211; 5 g, angliavandeni\u0173 &#8211; 14 g.<\/p>\n<p>Energin\u0117 vert\u0117: 150 kcal \/ 630 kJ<\/p>\n<p>Grynasis svoris 280 g<\/p>\n","protected":false},"excerpt":{"rendered":"<p>Sibiro pluo\u0161tas &#8220;Lin\u0173 pluo\u0161tas su vaisiais&#8221; &#8220;Sibiro pluo\u0161tas pad\u0117s nat\u016braliai i\u0161spr\u0119sti kelet\u0105 problem\u0173: -patek\u0119s \u012f vir\u0161kinam\u0105j\u012f trakt\u0105, jis i\u0161brinksta, o tai padeda grei\u010diau numal\u0161inti alk\u012f; -jud\u0117jimas, \u017earnyno sieneli\u0173 valymas; -tampa naudingos mikrofloros veisimosi vieta; -nesuvir\u0161kinamas ir pa\u0161alina i\u0161 organizmo toksinus ir nuodingas med\u017eiagas. Bet koks maistas, praturtintas &#8220;Sibiro skaidulomis&#8221;, tampa ma\u017eiau kaloringas. Sud\u0117tyje n\u0117ra cukraus [&hellip;]<\/p>\n","protected":false},"featured_media":18620,"comment_status":"open","ping_status":"closed","template":"","meta":[],"product_brand":[],"product_cat":[217,329,220,270],"product_tag":[],"class_list":{"0":"post-18622","1":"product","2":"type-product","3":"status-publish","4":"has-post-thumbnail","6":"product_cat-sveikatos-prieziura","7":"product_cat-svorio-metimui","8":"product_cat-zarnyno-sveikata","9":"product_cat----lt","11":"first","12":"outofstock","13":"shipping-taxable","14":"purchasable","15":"product-type-simple"},"_links":{"self":[{"href":"https:\/\/beautysba.co.uk\/lt\/wp-json\/wp\/v2\/product\/18622","targetHints":{"allow":["GET"]}}],"collection":[{"href":"https:\/\/beautysba.co.uk\/lt\/wp-json\/wp\/v2\/product"}],"about":[{"href":"https:\/\/beautysba.co.uk\/lt\/wp-json\/wp\/v2\/types\/product"}],"replies":[{"embeddable":true,"href":"https:\/\/beautysba.co.uk\/lt\/wp-json\/wp\/v2\/comments?post=18622"}],"wp:featuredmedia":[{"embeddable":true,"href":"https:\/\/beautysba.co.uk\/lt\/wp-json\/wp\/v2\/media\/18620"}],"wp:attachment":[{"href":"https:\/\/beautysba.co.uk\/lt\/wp-json\/wp\/v2\/media?parent=18622"}],"wp:term":[{"taxonomy":"product_brand","embeddable":true,"href":"https:\/\/beautysba.co.uk\/lt\/wp-json\/wp\/v2\/product_brand?post=18622"},{"taxonomy":"product_cat","embeddable":true,"href":"https:\/\/beautysba.co.uk\/lt\/wp-json\/wp\/v2\/product_cat?post=18622"},{"taxonomy":"product_tag","embeddable":true,"href":"https:\/\/beautysba.co.uk\/lt\/wp-json\/wp\/v2\/product_tag?post=18622"}],"curies":[{"name":"wp","href":"https:\/\/api.w.org\/{rel}","templated":true}]}}