{"id":18640,"date":"2026-01-19T08:18:39","date_gmt":"2026-01-19T08:18:39","guid":{"rendered":"https:\/\/beautysba.co.uk\/product\/%d0%b0%d1%84%d1%80%d0%b0%d0%b7%d0%b5%d1%82%d0%b8%d0%bd-%d0%b0%d1%80%d1%84%d0%b0%d0%b7%d0%b5%d1%82%d0%b8%d0%bd-%d1%81%d0%b1%d0%be%d1%80-%d1%82%d1%80%d0%b0%d0%b2-50%d0%b3\/"},"modified":"2026-01-19T09:42:15","modified_gmt":"2026-01-19T09:42:15","slug":"%d0%b0%d1%84%d1%80%d0%b0%d0%b7%d0%b5%d1%82%d0%b8%d0%bd-%d0%b0%d1%80%d1%84%d0%b0%d0%b7%d0%b5%d1%82%d0%b8%d0%bd-%d1%81%d0%b1%d0%be%d1%80-%d1%82%d1%80%d0%b0%d0%b2-50%d0%b3","status":"publish","type":"product","link":"https:\/\/beautysba.co.uk\/lt\/produktas\/%d0%b0%d1%84%d1%80%d0%b0%d0%b7%d0%b5%d1%82%d0%b8%d0%bd-%d0%b0%d1%80%d1%84%d0%b0%d0%b7%d0%b5%d1%82%d0%b8%d0%bd-%d1%81%d0%b1%d0%be%d1%80-%d1%82%d1%80%d0%b0%d0%b2-50%d0%b3\/","title":{"rendered":"Afrasetinas (Arfazetinas), vaista\u017eoli\u0173 rinkinys, 50g"},"content":{"rendered":"<p>Afrasetinas yra nat\u016bralus \u017eoleli\u0173 rinkinys, skirtas kasdienei mitybai ir bendrai gerovei. Subalansuotas lap\u0173 ir uog\u0173 derinys padeda palaikyti normali\u0105 med\u017eiag\u0173 apykait\u0105 ir nat\u016bral\u0173 organizmo tonus\u0105. Afrazetinas gali b\u016bti vartojamas kaip maisto papildas, pasitarus su gydytoju, kaip kompleksinio gydymo dalis pacientams, sergantiems II tipo lengvo sunkumo cukriniu diabetu.  <\/p>\n<p>Afrazetinas padeda ma\u017einti gliukoz\u0117s kiek\u012f kraujyje ir skatina glikogeno formavimo funkcij\u0105 kepenyse. Sergant cukriniu diabetu suma\u017e\u0117ja tolerancija angliavandeniams, nes suma\u017e\u0117ja i\u0161skiriamo insulino kiekis ir padid\u0117ja gliukoz\u0117s kiekis kraujyje. Afrazetinas padeda didinti tolerancij\u0105 angliavandeniams. Veikim\u0105 lemia flavonoidai, triterpen\u0173 glikozidai, antocian\u0173 glikozidas, silicio r\u016bg\u0161tis, karotinoidai ir organin\u0117s r\u016bg\u0161tys, saponinai, esantys rinkinio augalin\u0117se \u017ealiavose: m\u0117lyn\u0117se, pupeli\u0173 lapuose, er\u0161k\u0117tuog\u0117se, er\u0161k\u0117tro\u017ei\u0173 \u017eol\u0117je ir jona\u017eol\u0117se, ramun\u0117li\u0173 \u017eieduose.   <\/p>\n<p>Kontraindikacijos:<br \/>\nPadid\u0117j\u0119s jautrumas biologi\u0161kai aktyvioms vaisto med\u017eiagoms. Arterin\u0117 hipertenzija, nefritas, nefroz\u0117, nefrozonefritas, ligos, kuri\u0173 metu b\u016btina riboti skys\u010di\u0173 vartojim\u0105 (pvz., sunkios \u0161irdies ar inkst\u0173 ligos); skrand\u017eio ir dvylikapir\u0161t\u0117s \u017earnos opa; tul\u017eies p\u016bsl\u0117s akmenlig\u0117; padid\u0117j\u0119s jaudrumas, nemiga, epilepsija; n\u0117\u0161tumas, \u017eindymas, jaunesni kaip 18 met\u0173 vaikai. Draud\u017eiama kartu vartoti ciklosporin\u0105, takrolimus\u0105, amprenavir\u0105 ir kitus proteaz\u0117s inhibitorius, irinotekan\u0105 ir varfarin\u0105.  <\/p>\n<p>Atsargumo priemon\u0117s:<br \/>\nNenutraukite gydymo antidiabetiniais preparatais! Gydymo metu b\u016btina kontroliuoti gliukoz\u0117s kiek\u012f kraujyje! Gali prireikti keisti antidiabetini\u0173 preparat\u0173 doz\u0119! Jei b\u016bkl\u0117 blog\u0117ja, kreipkit\u0117s \u012f gydytoj\u0105!   <\/p>\n<p>Vaikai:<br \/>\nJaunesniems nei 18 met\u0173 vaikams vartoti nerekomenduojama, nes nepakanka duomen\u0173.<\/p>\n<p>S\u0105veika su vaistais:<br \/>\nNerekomenduojama vartoti pacientams, vartojantiems antikoaguliantus, antibiotikus, sulfonamidus, hipotenzinius vaistus (kalcio kanal\u0173 blokatorius), kontraceptikus, moteri\u0161kus lytinius hormonus, hipocholesteroleminius vaistus (statinus), \u0161irdies glikozid\u0173, teofilino, antidepresant\u0173, selektyvi\u0173 serotonino reabsorbcijos inhibitori\u0173, beta simpatomimetik\u0173, finasterido ir kit\u0173 fotosensibilizuojan\u010di\u0173 vaist\u0173 (pvz., tiazid\u0173, chinolon\u0173, piroksikamo). Galimas geriam\u0173j\u0173 kontraceptik\u0173 poveikio suma\u017e\u0117jimas ir aciklinio kraujavimo i\u0161sivystymas. Draud\u017eiama kartu vartoti ciklosporin\u0105, takrolimuz\u0105, amprenavir\u0105, indinavir\u0105 ir kitus proteaz\u0117s inhibitorius, irinotekan\u0105 ir varfarin\u0105. Galima s\u0105veika su anestetikais. Prie\u0161 planuojam\u0105 operacij\u0105 vaisto vartojim\u0105 reikia nutraukti. Jona\u017eol\u0117s taninai gali trukdyti gele\u017eies absorbcijai. Pacientai, vartojantys kit\u0173 vaist\u0173, prie\u0161 prad\u0117dami vartoti Arfazetin, turi pasitarti su gydytoju.      <\/p>\n<p>Vartojimas n\u0117\u0161tumo ir \u017eindymo laikotarpiu:<br \/>\nVartojimo saugumas n\u0117\u0161tumo ir \u017eindymo laikotarpiu nenustatytas. D\u0117l duomen\u0173 tr\u016bkumo \u0161iuo laikotarpiu vartoti nerekomenduojama. <\/p>\n<p>Poveikis geb\u0117jimui vairuoti:<br \/>\nVairuojant transporto priemones ir dirbant su potencialiai pavojingais mechanizmais reikia b\u016bti atsargiems.<\/p>\n<p>Vartojimo b\u016bdas ir dozavimas:<br \/>\n1 valgom\u0105j\u012f \u0161auk\u0161t\u0105 supilkite \u012f emaliuot\u0105 ind\u0105, u\u017epilkite 200 ml kambario temperat\u016bros verdan\u010dio vandens, u\u017edenkite ir 15 minu\u010di\u0173 palaikykite verdan\u010dio vandens vonel\u0117je. Atv\u0117sinkite kambario temperat\u016broje ne ma\u017eiau kaip 45 minutes, perko\u0161kite, likusi\u0105 dal\u012f i\u0161spauskite. U\u017evirinto vandens t\u016br\u012f padidinkite iki 200 ml. Vartokite \u0161ilt\u0105 2-3 kartus per dien\u0105 30 minu\u010di\u0173 prie\u0161 valg\u012f 20-30 dien\u0173 po 1\/3-1\/2 puodelio. Prie\u0161 vartojim\u0105 u\u017epil\u0105 suplakti. Po 10-15 dien\u0173 gydymo kurs\u0105 galima pakartoti. Per metus rekomenduojama atlikti 3-4 kursus.      <\/p>\n<p>Perdozavimas:<br \/>\nNesilaikant dozavimo ir ilgai vartojant, gali atsirasti kartumas burnoje, nemalon\u016bs poj\u016b\u010diai kepen\u0173 srityje. Gydymas yra simptominis. <\/p>\n<p>\u0160alutinis poveikis:<br \/>\nGalimos alergin\u0117s reakcijos, vir\u0161kinimo trakto sutrikimai, r\u0117muo, padid\u0117j\u0119s kraujosp\u016bdis, tachikardija, galvos skausmas, silpnumas, dirglumas, miego sutrikimai, fotosensibilizacija (reikia vengti UV spinduli\u0173), inkst\u0173 audini\u0173 dirginimas (skausmas apatin\u0117je nugaros dalyje ir \u0161lapinimosi metu). Jei pasirei\u0161k\u0117 \u0161alutinis poveikis, nutraukite vartojim\u0105 ir kreipkit\u0117s \u012f gydytoj\u0105. <\/p>\n<p>Galiojimo laikas:<br \/>\n2 metai<\/p>\n<p>Laikymo s\u0105lygos:<br \/>\nLaikyti 15-25 \u00b0C temperat\u016broje, saugoti nuo dr\u0117gm\u0117s ir \u0161viesos, vaikams nepasiekiamoje vietoje. Paruo\u0161t\u0105 vandenin\u012f ekstrakt\u0105 laikyti \u0161aldytuve (8-15\u00b0C) ne ilgiau kaip 2 dienas. <\/p>\n","protected":false},"excerpt":{"rendered":"<p>Afrasetinas yra nat\u016bralus \u017eoleli\u0173 rinkinys, skirtas kasdienei mitybai ir bendrai gerovei. Subalansuotas lap\u0173 ir uog\u0173 derinys padeda palaikyti normali\u0105 med\u017eiag\u0173 apykait\u0105 ir nat\u016bral\u0173 organizmo tonus\u0105. Afrazetinas gali b\u016bti vartojamas kaip maisto papildas, pasitarus su gydytoju, kaip kompleksinio gydymo dalis pacientams, sergantiems II tipo lengvo sunkumo cukriniu diabetu. Afrazetinas padeda ma\u017einti gliukoz\u0117s kiek\u012f kraujyje ir skatina [&hellip;]<\/p>\n","protected":false},"featured_media":18638,"comment_status":"open","ping_status":"closed","template":"","meta":[],"product_brand":[],"product_cat":[192,217,220],"product_tag":[],"class_list":{"0":"post-18640","1":"product","2":"type-product","3":"status-publish","4":"has-post-thumbnail","6":"product_cat-naujienos","7":"product_cat-sveikatos-prieziura","8":"product_cat-zarnyno-sveikata","10":"first","11":"instock","12":"shipping-taxable","13":"purchasable","14":"product-type-simple"},"_links":{"self":[{"href":"https:\/\/beautysba.co.uk\/lt\/wp-json\/wp\/v2\/product\/18640","targetHints":{"allow":["GET"]}}],"collection":[{"href":"https:\/\/beautysba.co.uk\/lt\/wp-json\/wp\/v2\/product"}],"about":[{"href":"https:\/\/beautysba.co.uk\/lt\/wp-json\/wp\/v2\/types\/product"}],"replies":[{"embeddable":true,"href":"https:\/\/beautysba.co.uk\/lt\/wp-json\/wp\/v2\/comments?post=18640"}],"wp:featuredmedia":[{"embeddable":true,"href":"https:\/\/beautysba.co.uk\/lt\/wp-json\/wp\/v2\/media\/18638"}],"wp:attachment":[{"href":"https:\/\/beautysba.co.uk\/lt\/wp-json\/wp\/v2\/media?parent=18640"}],"wp:term":[{"taxonomy":"product_brand","embeddable":true,"href":"https:\/\/beautysba.co.uk\/lt\/wp-json\/wp\/v2\/product_brand?post=18640"},{"taxonomy":"product_cat","embeddable":true,"href":"https:\/\/beautysba.co.uk\/lt\/wp-json\/wp\/v2\/product_cat?post=18640"},{"taxonomy":"product_tag","embeddable":true,"href":"https:\/\/beautysba.co.uk\/lt\/wp-json\/wp\/v2\/product_tag?post=18640"}],"curies":[{"name":"wp","href":"https:\/\/api.w.org\/{rel}","templated":true}]}}