{"id":18646,"date":"2026-01-19T08:20:00","date_gmt":"2026-01-19T08:20:00","guid":{"rendered":"https:\/\/beautysba.co.uk\/product\/%d0%b2%d0%b8%d1%82%d0%b0%d0%bc%d0%b8%d0%bd-d3-4000-iu-%d1%81-%d0%be%d0%bb%d0%b8%d0%b2%d0%ba%d0%be%d0%b2%d1%8b%d0%bc-%d0%bc%d0%b0%d1%81%d0%bb%d0%be%d0%bc-%d0%b2-%d0%ba%d0%b0%d0%bf%d1%81%d1%83%d0%bb\/"},"modified":"2026-01-19T09:40:30","modified_gmt":"2026-01-19T09:40:30","slug":"%d0%b2%d0%b8%d1%82%d0%b0%d0%bc%d0%b8%d0%bd-d3-4000-iu-%d1%81-%d0%be%d0%bb%d0%b8%d0%b2%d0%ba%d0%be%d0%b2%d1%8b%d0%bc-%d0%bc%d0%b0%d1%81%d0%bb%d0%be%d0%bc-%d0%b2-%d0%ba%d0%b0%d0%bf%d1%81%d1%83%d0%bb","status":"publish","type":"product","link":"https:\/\/beautysba.co.uk\/lt\/produktas\/%d0%b2%d0%b8%d1%82%d0%b0%d0%bc%d0%b8%d0%bd-d3-4000-iu-%d1%81-%d0%be%d0%bb%d0%b8%d0%b2%d0%ba%d0%be%d0%b2%d1%8b%d0%bc-%d0%bc%d0%b0%d1%81%d0%bb%d0%be%d0%bc-%d0%b2-%d0%ba%d0%b0%d0%bf%d1%81%d1%83%d0%bb\/","title":{"rendered":"Vitaminas D3 4000 TV su alyvuogi\u0173 aliejumi kapsul\u0117se &#8211; Vitateka"},"content":{"rendered":"<p>&#8220;Vitateka&#8221; Vitaminas D3 alyvuogi\u0173 aliejaus kapsul\u0117se yra patogus papildas, skirtas organizmui palaikyti. Kiekvienoje kapsul\u0117je yra 100 mcg (4000 TV) vitamino D3 kartu su nat\u016braliu \u0161alto spaudimo alyvuogi\u0173 aliejumi. Produktas, tiekiamas kompakti\u0161kame 90 kapsuli\u0173 indelyje, tinka vartoti ilg\u0105 laik\u0105 ir yra subalansuotos mitybos bei sveiko gyvenimo b\u016bdo dalis.  <\/p>\n<p>Kiekvienoje kapsul\u0117je yra vitamino D3: 4000 TV (100 mcg).<br \/>\nNat\u016bralus pagrindas: papildytas \u0161alto spaudimo alyvuogi\u0173 aliejumi.<br \/>\nI\u0161leidimo forma: 90 kapsuli\u0173 stiklainyje (27 g grynojo svorio).<br \/>\nGamybos \u0161alis: Estija.<br \/>\nGrynasis svoris: 27 g (90 kapsuli\u0173 \u00d7 300 mg)<\/p>\n<p>Sudedamosios dalys:<br \/>\nAlyvuogi\u0173 aliejus (\u0161alto spaudimo, nerafinuotas), vitaminas D3 (cholekalciferolis), kapsul\u0117s med\u017eiaga (\u017eelatina, glicerinas, vanduo), antioksidantas &#8211; tokoferoli\u0173 ekstraktas.<\/p>\n<p>Vartojimas:<br \/>\nRekomenduojama doz\u0117 &#8211; 1 kapsul\u0117 per dien\u0105. Vartojimo instrukcijos pateiktos ant pakuot\u0117s. <\/p>\n<p>Laikymo s\u0105lygos:<br \/>\nLaikyti sausoje ir v\u0117sioje vietoje, apsaugotoje nuo tiesiogini\u0173 saul\u0117s spinduli\u0173, ne auk\u0161tesn\u0117je kaip +25 \u00b0C temperat\u016broje.<\/p>\n","protected":false},"excerpt":{"rendered":"<p>&#8220;Vitateka&#8221; Vitaminas D3 alyvuogi\u0173 aliejaus kapsul\u0117se yra patogus papildas, skirtas organizmui palaikyti. Kiekvienoje kapsul\u0117je yra 100 mcg (4000 TV) vitamino D3 kartu su nat\u016braliu \u0161alto spaudimo alyvuogi\u0173 aliejumi. Produktas, tiekiamas kompakti\u0161kame 90 kapsuli\u0173 indelyje, tinka vartoti ilg\u0105 laik\u0105 ir yra subalansuotos mitybos bei sveiko gyvenimo b\u016bdo dalis. Kiekvienoje kapsul\u0117je yra vitamino D3: 4000 TV (100 [&hellip;]<\/p>\n","protected":false},"featured_media":18644,"comment_status":"open","ping_status":"closed","template":"","meta":[],"product_brand":[],"product_cat":[192,217,220],"product_tag":[],"class_list":{"0":"post-18646","1":"product","2":"type-product","3":"status-publish","4":"has-post-thumbnail","6":"product_cat-naujienos","7":"product_cat-sveikatos-prieziura","8":"product_cat-zarnyno-sveikata","10":"first","11":"instock","12":"shipping-taxable","13":"purchasable","14":"product-type-simple"},"_links":{"self":[{"href":"https:\/\/beautysba.co.uk\/lt\/wp-json\/wp\/v2\/product\/18646","targetHints":{"allow":["GET"]}}],"collection":[{"href":"https:\/\/beautysba.co.uk\/lt\/wp-json\/wp\/v2\/product"}],"about":[{"href":"https:\/\/beautysba.co.uk\/lt\/wp-json\/wp\/v2\/types\/product"}],"replies":[{"embeddable":true,"href":"https:\/\/beautysba.co.uk\/lt\/wp-json\/wp\/v2\/comments?post=18646"}],"wp:featuredmedia":[{"embeddable":true,"href":"https:\/\/beautysba.co.uk\/lt\/wp-json\/wp\/v2\/media\/18644"}],"wp:attachment":[{"href":"https:\/\/beautysba.co.uk\/lt\/wp-json\/wp\/v2\/media?parent=18646"}],"wp:term":[{"taxonomy":"product_brand","embeddable":true,"href":"https:\/\/beautysba.co.uk\/lt\/wp-json\/wp\/v2\/product_brand?post=18646"},{"taxonomy":"product_cat","embeddable":true,"href":"https:\/\/beautysba.co.uk\/lt\/wp-json\/wp\/v2\/product_cat?post=18646"},{"taxonomy":"product_tag","embeddable":true,"href":"https:\/\/beautysba.co.uk\/lt\/wp-json\/wp\/v2\/product_tag?post=18646"}],"curies":[{"name":"wp","href":"https:\/\/api.w.org\/{rel}","templated":true}]}}