{"id":18652,"date":"2026-01-19T08:22:09","date_gmt":"2026-01-19T08:22:09","guid":{"rendered":"https:\/\/beautysba.co.uk\/product\/%d0%b4%d0%b8%d0%bc%d0%b5%d0%ba%d1%81%d0%b8%d0%b4-99-dmso-100-%d0%bc%d0%bb-vitateka\/"},"modified":"2026-01-19T09:40:31","modified_gmt":"2026-01-19T09:40:31","slug":"%d0%b4%d0%b8%d0%bc%d0%b5%d0%ba%d1%81%d0%b8%d0%b4-99-dmso-100-%d0%bc%d0%bb-vitateka","status":"publish","type":"product","link":"https:\/\/beautysba.co.uk\/lt\/produktas\/%d0%b4%d0%b8%d0%bc%d0%b5%d0%ba%d1%81%d0%b8%d0%b4-99-dmso-100-%d0%bc%d0%bb-vitateka\/","title":{"rendered":"Dimeksidas 99% (DMSO) 100 ml-VITATEKA"},"content":{"rendered":"<p>Produkto apra\u0161ymas<br \/>\nDimexide yra i\u0161oriniam naudojimui skirtas produktas, naudojamas kaip pagalbinis komponentas kauk\u0117ms, kompresams ir kitoms proced\u016broms. Produktas padeda pagerinti veikli\u0173j\u0173 med\u017eiag\u0173 prasiskverbim\u0105 per od\u0105, tod\u0117l gali sustiprinti \u0161alia naudojam\u0173 produkt\u0173 poveik\u012f ir palengvinti j\u0173 patekim\u0105 \u012f gilesnius odos sluoksnius. <\/p>\n<p>Dimeksidas taip pat vertinamas d\u0117l savo savybi\u0173, kurios padeda suma\u017einti skausm\u0105, ma\u017eina patinim\u0105 ir pagreitina gijimo proces\u0105.<\/p>\n<p>Tai n\u0117ra vaistinis preparatas.<\/p>\n<p>Vartojimo ypatumai<br \/>\nSvarbu: Dimexid negalima tepti ant odos grynu pavidalu. J\u012f reikia skiesti vandeniu. Praktikoje da\u017enai naudojamos tokios koncentracijos:  <\/p>\n<p>25% tirpalas<br \/>\n50% tirpalas<br \/>\n70% tirpalas<br \/>\n90% tirpalas<br \/>\nSkiedimo laipsnis priklauso nuo naudojimo tikslo ir individualios odos reakcijos.<\/p>\n<p>\u012esp\u0117jimai ir kontraindikacijos<br \/>\nNenaudoti neskiesto.<br \/>\nVengti s\u0105ly\u010dio su akimis ir gleivin\u0117mis.<br \/>\nPrie\u0161 naudojant rekomenduojama atlikti jautrumo test\u0105.<br \/>\nNenaudoti esant individualiam netoleravimui.<br \/>\nTuri kontraindikacij\u0173:<\/p>\n<p>n\u0117\u0161tumas<br \/>\n\u017eindymo laikotarpis<br \/>\nglaukoma<br \/>\n\u0161irdies priepuolis<br \/>\ninsultas<br \/>\ninkst\u0173 nepakankamumas<br \/>\nkepen\u0173 nepakankamumas<br \/>\nPagal \u012fstatymus negalime pateikti i\u0161samesn\u0117s informacijos apie vaist\u0105. Jei reikia, j\u0105 galite rasti vie\u0161ai prieinamuose oficialiuose \u0161altiniuose. <\/p>\n<p>Svarbu<br \/>\nDimexid priklauso i\u0161orin\u0117ms pagalbin\u0117ms priemon\u0117ms ir vartojamas atsargiai. Tai n\u0117ra vaistinis preparatas. <\/p>\n","protected":false},"excerpt":{"rendered":"<p>Produkto apra\u0161ymas Dimexide yra i\u0161oriniam naudojimui skirtas produktas, naudojamas kaip pagalbinis komponentas kauk\u0117ms, kompresams ir kitoms proced\u016broms. Produktas padeda pagerinti veikli\u0173j\u0173 med\u017eiag\u0173 prasiskverbim\u0105 per od\u0105, tod\u0117l gali sustiprinti \u0161alia naudojam\u0173 produkt\u0173 poveik\u012f ir palengvinti j\u0173 patekim\u0105 \u012f gilesnius odos sluoksnius. Dimeksidas taip pat vertinamas d\u0117l savo savybi\u0173, kurios padeda suma\u017einti skausm\u0105, ma\u017eina patinim\u0105 ir pagreitina [&hellip;]<\/p>\n","protected":false},"featured_media":18650,"comment_status":"open","ping_status":"closed","template":"","meta":[],"product_brand":[],"product_cat":[218,192,217],"product_tag":[],"class_list":{"0":"post-18652","1":"product","2":"type-product","3":"status-publish","4":"has-post-thumbnail","6":"product_cat-kuno-prieziura","7":"product_cat-naujienos","8":"product_cat-sveikatos-prieziura","10":"first","11":"instock","12":"shipping-taxable","13":"purchasable","14":"product-type-simple"},"_links":{"self":[{"href":"https:\/\/beautysba.co.uk\/lt\/wp-json\/wp\/v2\/product\/18652","targetHints":{"allow":["GET"]}}],"collection":[{"href":"https:\/\/beautysba.co.uk\/lt\/wp-json\/wp\/v2\/product"}],"about":[{"href":"https:\/\/beautysba.co.uk\/lt\/wp-json\/wp\/v2\/types\/product"}],"replies":[{"embeddable":true,"href":"https:\/\/beautysba.co.uk\/lt\/wp-json\/wp\/v2\/comments?post=18652"}],"wp:featuredmedia":[{"embeddable":true,"href":"https:\/\/beautysba.co.uk\/lt\/wp-json\/wp\/v2\/media\/18650"}],"wp:attachment":[{"href":"https:\/\/beautysba.co.uk\/lt\/wp-json\/wp\/v2\/media?parent=18652"}],"wp:term":[{"taxonomy":"product_brand","embeddable":true,"href":"https:\/\/beautysba.co.uk\/lt\/wp-json\/wp\/v2\/product_brand?post=18652"},{"taxonomy":"product_cat","embeddable":true,"href":"https:\/\/beautysba.co.uk\/lt\/wp-json\/wp\/v2\/product_cat?post=18652"},{"taxonomy":"product_tag","embeddable":true,"href":"https:\/\/beautysba.co.uk\/lt\/wp-json\/wp\/v2\/product_tag?post=18652"}],"curies":[{"name":"wp","href":"https:\/\/api.w.org\/{rel}","templated":true}]}}