{"id":18664,"date":"2026-01-19T08:28:29","date_gmt":"2026-01-19T08:28:29","guid":{"rendered":"https:\/\/beautysba.co.uk\/product\/%d0%bf%d0%be%d0%bb%d0%b8%d0%b2%d0%b8%d1%82%d0%b0%d0%bc%d0%b8%d0%bd%d1%8b-ultra-500%d0%bc%d0%bb-vitateka-2\/"},"modified":"2026-01-19T09:39:46","modified_gmt":"2026-01-19T09:39:46","slug":"%d0%bf%d0%be%d0%bb%d0%b8%d0%b2%d0%b8%d1%82%d0%b0%d0%bc%d0%b8%d0%bd%d1%8b-ultra-500%d0%bc%d0%bb-vitateka-2","status":"publish","type":"product","link":"https:\/\/beautysba.co.uk\/lt\/produktas\/%d0%bf%d0%be%d0%bb%d0%b8%d0%b2%d0%b8%d1%82%d0%b0%d0%bc%d0%b8%d0%bd%d1%8b-ultra-500%d0%bc%d0%bb-vitateka-2\/","title":{"rendered":"Multivitaminai Ultra+ 500ml VITATEKA"},"content":{"rendered":"<p>Palaikykite energijos lyg\u012f su &#8220;Ultra+&#8221; multivitaminais. Skystos formos vitaminus organizmas geriau \u012fsisavina nei tablet\u0117se esan\u010dias med\u017eiagas. Multivitaminai skirti tiems, kurie nori sustiprinti savo sveikat\u0105 ir imunin\u0119 sistem\u0105. Tobulos sud\u0117ties multivitaminai palaiko ir stiprina vis\u0105 k\u016bn\u0105 ir dvasi\u0105. Ultra+ multivitamin\u0173 sud\u0117tyje yra kompleksini\u0173 mineral\u0173, aminor\u016bg\u0161\u010di\u0173, stebuklingojo maisto ir \u017een\u0161enio.    <\/p>\n<p>Maistin\u0117s med\u017eiagos skatina kraujotak\u0105, med\u017eiag\u0173 apykait\u0105, reg\u0117jim\u0105 ir imunin\u0119 sistem\u0105. Vitamin\u0173 vartojimas prisideda prie tvaraus sveiko gyvenimo b\u016bdo, kitaip tariant, tai energija, leid\u017eianti prad\u0117ti sveik\u0105 gyvenimo b\u016bd\u0105! <\/p>\n<p>Rekomenduojama paros doz\u0117: 15 ml kiekvien\u0105 ryt\u0105 33 dienas i\u0161 eil\u0117s. Prie buteliuko pridedamas specialus dozavimo puodelis. Prie\u0161 vartojim\u0105 suplakti.  <\/p>\n<p>Elkit\u0117s atsargiai:<\/p>\n<p>Nevir\u0161ykite rekomenduojamos paros doz\u0117s!<br \/>\nMaisto papildas nepakei\u010dia visavert\u0117s mitybos!<br \/>\nLaikykite vaikams nepasiekiamoje vietoje!<br \/>\nJei turite rimt\u0173 sveikatos problem\u0173, esate n\u0117\u0161\u010dia ar maitinate kr\u016btimi, prie\u0161 vartodami visada pasitarkite su gydytoju.<br \/>\nLaikykite v\u0117sioje vietoje. Venkite tiesiogini\u0173 saul\u0117s spinduli\u0173. Atidaryt\u0105 laikyti v\u0117sioje vietoje ir (arba) \u0161aldytuve. Atidarius, sunaudoti per du m\u0117nesius.<br \/>\nSudedamosios dalys: apelsin\u0173, obuoli\u0173, mandarin\u0173, gvajav\u0173, papaj\u0173, laim\u0173, mang\u0173, ananas\u0173, vynuogi\u0173, saldiklis (fruktoz\u0117), L-askorbo r\u016bg\u0161tis, kalio citratas, kalcio gliukonatas, magnio gliukonatas, nat\u016bralios kvapiosios med\u017eiagos (nat\u016bralus apelsinas, nat\u016brali bra\u0161k\u0117), hidrolizuotas kolagenas; sud\u0117tyje yra aminor\u016bg\u0161\u010di\u0173 l-glicino, l-prolino, l-alanino, l-hidroksiprolino, l-glutamo r\u016bg\u0161ties, l-arginino, l-asparto r\u016bg\u0161ties, l-serino, l-lizino, l-leucino, l-valinas, l-treoninas, l-fenilalaninas, l-izoleucinas, l-hidroksilizinas, l-metioninas, l-histidinas, l-tirozinas, l-cisteinas, cinko gliukonatas, paprastasis \u017een\u0161enis, meyer citrinos, bevandenis kofeinas, konservantai (kalio sorbatas, natrio benzoatas), cholino bitartratas, ksantino milteliai, emulsiklis (ksantano derva), kalcio D-pantotenatas, tiamino HCl, riboflavinas, niacinamidas, piridoksino HCl, inozitolis, dl-alfa-tokoferilacetatas, mangano gliukonatas, l-taurinas, l-karnitinas, l-glutaminas, cholekalciferolis, CoQ10, liuteinas, kvapioji med\u017eiaga (nat\u016brali vanil\u0117), 4-aminobenzoin\u0117 r\u016bg\u0161tis, vario gliukonatas, saldiklis (steviolio glikozidai), chromo pikolinatas, folio r\u016bg\u0161tis, citrusini\u0173 bioflavonoid\u0173 milteliai, burok\u0117li\u0173 milteliai, psiliumo milteliai, liucernos milteliai, brokoli\u0173 milteliai, spirulinos milteliai, alavijo milteliai, \u017ealiosios arbatos milteliai, \u017ealiosios kavos pupeli\u0173 milteliai, vynuogi\u0173 s\u0117kl\u0173 milteliai, likopeno milteliai, lecitino milteliai, konservantai (citrin\u0173 r\u016bg\u0161tis, obuoli\u0173 r\u016bg\u0161tis), d-biotinas, retinolio palmitatas, kalio jodidas, nat\u016bralus da\u017eiklis (beta karotenas), menachinonas, natrio selenitas, cianokobalaminas.<\/p>\n<p>15 ml yra: NRV %*<\/p>\n<p>Vitaminas A (palmitatas, beta karotenas) 800 mcg 100%<br \/>\nVitaminas C Askorbo r\u016bg\u0161tis 120 mcg 625%<br \/>\nVitaminas D3 kolekalciferolis 15 mcg 300%<br \/>\nVitaminas E (dl-alfa-tokoferilacetatas) 48 mg 400%<br \/>\nVitaminas B1 Tiaminas 25 mg 2250%<br \/>\nVitaminas B2 Riboflavinas 25 mg 1790%<br \/>\nVitaminas B3 Niacinas 25mg 156%<br \/>\nVitaminas B6 piridoksinas 20mg 1428%<br \/>\nVitaminas B9 Folio r\u016bg\u0161tis 400 mcg 200%<br \/>\nVitaminas B12 Cianokobalaminas 50 mcg 2000%<br \/>\nVitaminas B7 Biotinas 300 mcg 600%<br \/>\nVitaminas B5 Pantoteno r\u016bg\u0161tis 30 mg 500%<br \/>\nVitaminas K 75mcg 100%<br \/>\nKalcis (gliukonatas) 25 mg 3%<br \/>\nMagnis (gliukonatas) 13 mg 4%<br \/>\nCinkas (gliukonatas) 7 mg 70%<br \/>\nSelenas 50 mcg 90%<br \/>\nVaris (gliukonatas) 500 mcg 50%<br \/>\nManganas (gliukonatas) 2 mg 100%<br \/>\nChromas (pikolinatas) 120 mcg 300%<br \/>\nKalis (citratas) 110 mg 5,5%<br \/>\nJodas 150 mcg 100%<br \/>\nCholino L-bitartratas 12,5 mg **<br \/>\nVitaminas B8 inozitolis 25 mg**<br \/>\nPABA 6 mg**<br \/>\nCoQ10 5 mg**<br \/>\nLiuteinas 10 mg**<br \/>\nZeaksantinas 2,5 mg**<\/p>\n","protected":false},"excerpt":{"rendered":"<p>Palaikykite energijos lyg\u012f su &#8220;Ultra+&#8221; multivitaminais. Skystos formos vitaminus organizmas geriau \u012fsisavina nei tablet\u0117se esan\u010dias med\u017eiagas. Multivitaminai skirti tiems, kurie nori sustiprinti savo sveikat\u0105 ir imunin\u0119 sistem\u0105. Tobulos sud\u0117ties multivitaminai palaiko ir stiprina vis\u0105 k\u016bn\u0105 ir dvasi\u0105. Ultra+ multivitamin\u0173 sud\u0117tyje yra kompleksini\u0173 mineral\u0173, aminor\u016bg\u0161\u010di\u0173, stebuklingojo maisto ir \u017een\u0161enio. Maistin\u0117s med\u017eiagos skatina kraujotak\u0105, med\u017eiag\u0173 apykait\u0105, reg\u0117jim\u0105 [&hellip;]<\/p>\n","protected":false},"featured_media":18662,"comment_status":"open","ping_status":"closed","template":"","meta":[],"product_brand":[],"product_cat":[217,220],"product_tag":[],"class_list":{"0":"post-18664","1":"product","2":"type-product","3":"status-publish","4":"has-post-thumbnail","6":"product_cat-sveikatos-prieziura","7":"product_cat-zarnyno-sveikata","9":"first","10":"instock","11":"shipping-taxable","12":"purchasable","13":"product-type-simple"},"_links":{"self":[{"href":"https:\/\/beautysba.co.uk\/lt\/wp-json\/wp\/v2\/product\/18664","targetHints":{"allow":["GET"]}}],"collection":[{"href":"https:\/\/beautysba.co.uk\/lt\/wp-json\/wp\/v2\/product"}],"about":[{"href":"https:\/\/beautysba.co.uk\/lt\/wp-json\/wp\/v2\/types\/product"}],"replies":[{"embeddable":true,"href":"https:\/\/beautysba.co.uk\/lt\/wp-json\/wp\/v2\/comments?post=18664"}],"wp:featuredmedia":[{"embeddable":true,"href":"https:\/\/beautysba.co.uk\/lt\/wp-json\/wp\/v2\/media\/18662"}],"wp:attachment":[{"href":"https:\/\/beautysba.co.uk\/lt\/wp-json\/wp\/v2\/media?parent=18664"}],"wp:term":[{"taxonomy":"product_brand","embeddable":true,"href":"https:\/\/beautysba.co.uk\/lt\/wp-json\/wp\/v2\/product_brand?post=18664"},{"taxonomy":"product_cat","embeddable":true,"href":"https:\/\/beautysba.co.uk\/lt\/wp-json\/wp\/v2\/product_cat?post=18664"},{"taxonomy":"product_tag","embeddable":true,"href":"https:\/\/beautysba.co.uk\/lt\/wp-json\/wp\/v2\/product_tag?post=18664"}],"curies":[{"name":"wp","href":"https:\/\/api.w.org\/{rel}","templated":true}]}}