{"id":18671,"date":"2026-01-19T08:30:15","date_gmt":"2026-01-19T08:30:15","guid":{"rendered":"https:\/\/beautysba.co.uk\/product\/%d0%b2%d0%b8%d1%82%d0%b0%d0%bc%d0%b8%d0%bd-d3-%d1%81%d0%bf%d1%80%d0%b5%d0%b9-%d0%bf%d0%b8%d1%89%d0%b5%d0%b2%d0%b0%d1%8f-%d0%b4%d0%be%d0%b1%d0%b0%d0%b2%d0%ba%d0%b0-100-%d0%bc%d0%ba%d0%b3-40\/"},"modified":"2026-01-19T09:40:32","modified_gmt":"2026-01-19T09:40:32","slug":"%d0%b2%d0%b8%d1%82%d0%b0%d0%bc%d0%b8%d0%bd-d3-%d1%81%d0%bf%d1%80%d0%b5%d0%b9-%d0%bf%d0%b8%d1%89%d0%b5%d0%b2%d0%b0%d1%8f-%d0%b4%d0%be%d0%b1%d0%b0%d0%b2%d0%ba%d0%b0-100-%d0%bc%d0%ba%d0%b3-40","status":"publish","type":"product","link":"https:\/\/beautysba.co.uk\/lt\/produktas\/%d0%b2%d0%b8%d1%82%d0%b0%d0%bc%d0%b8%d0%bd-d3-%d1%81%d0%bf%d1%80%d0%b5%d0%b9-%d0%bf%d0%b8%d1%89%d0%b5%d0%b2%d0%b0%d1%8f-%d0%b4%d0%be%d0%b1%d0%b0%d0%b2%d0%ba%d0%b0-100-%d0%bc%d0%ba%d0%b3-40\/","title":{"rendered":"Vitaminas D3 pur\u0161kiamas &#8211; maisto papildas, 100 mcg (4000 TV) &#8211; Vitateka"},"content":{"rendered":"<p>Vitaminas D3 pur\u0161kalas &#8211; maisto papildas, 100 mcg (4000 TV)<br \/>\nApra\u0161ymas: Vitaminas D3 geriamasis pur\u0161kalas, skatina normali\u0105 imunin\u0117s sistemos veikl\u0105, padeda palaikyti sveikus kaulus, dantis ir raumenis.<\/p>\n<p>Sudedamosios dalys: vidutin\u0117s grandin\u0117s trigliceridai (MCT aliejus), vitaminas D3 (cholekalciferolis)<\/p>\n<p>Rekomenduojama paros doz\u0117: 1 pur\u0161kalas per dien\u0105 per burn\u0105 arba pagal gydytojo rekomendacijas.<\/p>\n<p>Vienos doz\u0117s maistin\u0117 vert\u0117:<\/p>\n<p>Sudedamoji dalis 1 pur\u0161kalas % NRV*<br \/>\nVitaminas D3 100 mcg (4000 TV) 2000%<br \/>\n*NRV &#8211; tai referencin\u0117 paros vert\u0117 suaugusiesiems<\/p>\n<p>\u012esp\u0117jimai:<\/p>\n<p>Nenaudokite kaip visavert\u0117s mitybos pakaitalo.<br \/>\nNevir\u0161ykite rekomenduojamos paros doz\u0117s.<br \/>\nNenaudokite, jei netoleruojate sudedam\u0173j\u0173 dali\u0173.<br \/>\nLaikyti vaikams nepasiekiamoje vietoje.<br \/>\nN\u0117\u0161\u010dios ir \u017eindan\u010dios moterys prie\u0161 vartojim\u0105 tur\u0117t\u0173 pasitarti su gydytoju.<br \/>\nLaikymas: Laikyti kambario temperat\u016broje, tamsioje, sausoje vietoje, originalioje pakuot\u0117je, vaikams nepasiekiamoje vietoje.<\/p>\n","protected":false},"excerpt":{"rendered":"<p>Vitaminas D3 pur\u0161kalas &#8211; maisto papildas, 100 mcg (4000 TV) Apra\u0161ymas: Vitaminas D3 geriamasis pur\u0161kalas, skatina normali\u0105 imunin\u0117s sistemos veikl\u0105, padeda palaikyti sveikus kaulus, dantis ir raumenis. Sudedamosios dalys: vidutin\u0117s grandin\u0117s trigliceridai (MCT aliejus), vitaminas D3 (cholekalciferolis) Rekomenduojama paros doz\u0117: 1 pur\u0161kalas per dien\u0105 per burn\u0105 arba pagal gydytojo rekomendacijas. Vienos doz\u0117s maistin\u0117 vert\u0117: Sudedamoji [&hellip;]<\/p>\n","protected":false},"featured_media":18668,"comment_status":"open","ping_status":"closed","template":"","meta":[],"product_brand":[],"product_cat":[192,217,220],"product_tag":[],"class_list":{"0":"post-18671","1":"product","2":"type-product","3":"status-publish","4":"has-post-thumbnail","6":"product_cat-naujienos","7":"product_cat-sveikatos-prieziura","8":"product_cat-zarnyno-sveikata","10":"first","11":"instock","12":"shipping-taxable","13":"purchasable","14":"product-type-simple"},"_links":{"self":[{"href":"https:\/\/beautysba.co.uk\/lt\/wp-json\/wp\/v2\/product\/18671","targetHints":{"allow":["GET"]}}],"collection":[{"href":"https:\/\/beautysba.co.uk\/lt\/wp-json\/wp\/v2\/product"}],"about":[{"href":"https:\/\/beautysba.co.uk\/lt\/wp-json\/wp\/v2\/types\/product"}],"replies":[{"embeddable":true,"href":"https:\/\/beautysba.co.uk\/lt\/wp-json\/wp\/v2\/comments?post=18671"}],"wp:featuredmedia":[{"embeddable":true,"href":"https:\/\/beautysba.co.uk\/lt\/wp-json\/wp\/v2\/media\/18668"}],"wp:attachment":[{"href":"https:\/\/beautysba.co.uk\/lt\/wp-json\/wp\/v2\/media?parent=18671"}],"wp:term":[{"taxonomy":"product_brand","embeddable":true,"href":"https:\/\/beautysba.co.uk\/lt\/wp-json\/wp\/v2\/product_brand?post=18671"},{"taxonomy":"product_cat","embeddable":true,"href":"https:\/\/beautysba.co.uk\/lt\/wp-json\/wp\/v2\/product_cat?post=18671"},{"taxonomy":"product_tag","embeddable":true,"href":"https:\/\/beautysba.co.uk\/lt\/wp-json\/wp\/v2\/product_tag?post=18671"}],"curies":[{"name":"wp","href":"https:\/\/api.w.org\/{rel}","templated":true}]}}