{"id":18677,"date":"2026-01-19T08:31:53","date_gmt":"2026-01-19T08:31:53","guid":{"rendered":"https:\/\/beautysba.co.uk\/product\/%d0%b8%d0%bd%d0%ba%d0%b0%d0%bf%d1%81%d1%83%d0%bb%d0%b8%d1%80%d0%be%d0%b2%d0%b0%d0%bd%d0%bd%d1%8b%d0%b5-%d0%bf%d1%80%d0%be%d0%b1%d0%b8%d0%be%d1%82%d0%b8%d0%ba%d0%b8-500-%d0%bc%d0%bb-vitateka\/"},"modified":"2026-01-19T09:40:31","modified_gmt":"2026-01-19T09:40:31","slug":"%d0%b8%d0%bd%d0%ba%d0%b0%d0%bf%d1%81%d1%83%d0%bb%d0%b8%d1%80%d0%be%d0%b2%d0%b0%d0%bd%d0%bd%d1%8b%d0%b5-%d0%bf%d1%80%d0%be%d0%b1%d0%b8%d0%be%d1%82%d0%b8%d0%ba%d0%b8-500-%d0%bc%d0%bb-vitateka","status":"publish","type":"product","link":"https:\/\/beautysba.co.uk\/lt\/produktas\/%d0%b8%d0%bd%d0%ba%d0%b0%d0%bf%d1%81%d1%83%d0%bb%d0%b8%d1%80%d0%be%d0%b2%d0%b0%d0%bd%d0%bd%d1%8b%d0%b5-%d0%bf%d1%80%d0%be%d0%b1%d0%b8%d0%be%d1%82%d0%b8%d0%ba%d0%b8-500-%d0%bc%d0%bb-vitateka\/","title":{"rendered":"\u012ekapsuluoti probiotikai 500 ml Vitateka"},"content":{"rendered":"<p>Pristatome nauj\u0105 &#8220;Vitateka&#8221; produkt\u0105 &#8211; nat\u016bralius citrin\u0173 skonio probiotikus, kurie pad\u0117s j\u016bs\u0173 organizmui palaikyti sveik\u0105 \u017earnyno flor\u0105 ir imunin\u0119 sistem\u0105. Bet tai dar ne viskas! M\u016bs\u0173 produkto sud\u0117tyje taip pat yra aminor\u016bg\u0161ties L-glutamino ir vitamino C &#8211; dviej\u0173 pagrindini\u0173 imunin\u0117s sistemos stiprinimo veik\u0117j\u0173.  <\/p>\n<p>M\u016bs\u0173 unikali formul\u0117 apima galing\u0105 ingredient\u0173 derin\u012f, kuris ne tik stiprina imunin\u0119 sistem\u0105, bet ir palaiko deguonies perne\u0161im\u0105 organizme, padeda i\u0161vengti lig\u0173, ma\u017eina lig\u0173 simptomus, neutralizuoja toksinus ir palaiko sveik\u0105 svor\u012f.<\/p>\n<p>Vartojimas: 15 ml per dien\u0105<\/p>\n<p>Sudedamosios dalys: Daugiafiltruotas vanduo, bifidobacterium lactis, vegani\u0161kos Lactobacillus acidophilus, vegani\u0161kos Lactobacillus plantarum, vegani\u0161kos Lactobacillus salivarius, vitaminas C, nat\u016brali vaisi\u0173 kvapioji med\u017eiaga, nat\u016bralus da\u017eiklis (ciber\u017eol\u0117). ), emulsiklis (ksantano derva), konservantai (kalio sorbatas, natrio benzoatas), saldiklis (sukraloz\u0117, kalio acesulfamas), reguliatorius (citrin\u0173 r\u016bg\u0161tis).<\/p>\n<p>Jei esate n\u0117\u0161\u010dia, maitinate kr\u016btimi ar turite kit\u0173 sveikatos sutrikim\u0173, prie\u0161 vartodama \u0161\u012f produkt\u0105 pasitarkite su gydytoju. Jei pasirei\u0161kia alergin\u0117s reakcijos, nutraukite vartojim\u0105. Maisto papildas nepakei\u010dia visavert\u0117s ir pilnavert\u0117s mitybos bei sveiko gyvenimo b\u016bdo.  <\/p>\n<p>Laikykite v\u0117sioje, tamsioje ir vaikams nepasiekiamoje vietoje. Atidarius laikyti \u0161aldytuve ir sunaudoti per 2 m\u0117nesius. <\/p>\n<p>15 ml sud\u0117tyje yra:<\/p>\n<p>Vitaminas C (L-askorbo r\u016bg\u0161tis) 80mg 100%<\/p>\n<p>Sveiki probiotikai (vegani\u0161ki) 10 mlrd. KSV<\/p>\n<p>Mikrokapsul\u0117se esanti Bifidobacterium lactis<\/p>\n<p>Mikrokapsul\u0117je esantis Lactobacillus acidophilus<\/p>\n<p>Mikrokapsul\u0117je esantis Lactobacillus plantarum<\/p>\n<p>Mikrokapsul\u0117se esantis Lactobacillus salivarius<\/p>\n<p>L-glutaminas (vegani\u0161kas) 50 mg<\/p>\n<p>%* &#8211; rekomenduojamos paros normos procentin\u0117 dalis<\/p>\n","protected":false},"excerpt":{"rendered":"<p>Pristatome nauj\u0105 &#8220;Vitateka&#8221; produkt\u0105 &#8211; nat\u016bralius citrin\u0173 skonio probiotikus, kurie pad\u0117s j\u016bs\u0173 organizmui palaikyti sveik\u0105 \u017earnyno flor\u0105 ir imunin\u0119 sistem\u0105. Bet tai dar ne viskas! M\u016bs\u0173 produkto sud\u0117tyje taip pat yra aminor\u016bg\u0161ties L-glutamino ir vitamino C &#8211; dviej\u0173 pagrindini\u0173 imunin\u0117s sistemos stiprinimo veik\u0117j\u0173. M\u016bs\u0173 unikali formul\u0117 apima galing\u0105 ingredient\u0173 derin\u012f, kuris ne tik stiprina imunin\u0119 [&hellip;]<\/p>\n","protected":false},"featured_media":18675,"comment_status":"open","ping_status":"closed","template":"","meta":[],"product_brand":[],"product_cat":[192,333,217,220],"product_tag":[],"class_list":{"0":"post-18677","1":"product","2":"type-product","3":"status-publish","4":"has-post-thumbnail","6":"product_cat-naujienos","7":"product_cat-persalimo-ligoms-ir-psichinei-sveikatai","8":"product_cat-sveikatos-prieziura","9":"product_cat-zarnyno-sveikata","11":"first","12":"instock","13":"shipping-taxable","14":"purchasable","15":"product-type-simple"},"_links":{"self":[{"href":"https:\/\/beautysba.co.uk\/lt\/wp-json\/wp\/v2\/product\/18677","targetHints":{"allow":["GET"]}}],"collection":[{"href":"https:\/\/beautysba.co.uk\/lt\/wp-json\/wp\/v2\/product"}],"about":[{"href":"https:\/\/beautysba.co.uk\/lt\/wp-json\/wp\/v2\/types\/product"}],"replies":[{"embeddable":true,"href":"https:\/\/beautysba.co.uk\/lt\/wp-json\/wp\/v2\/comments?post=18677"}],"wp:featuredmedia":[{"embeddable":true,"href":"https:\/\/beautysba.co.uk\/lt\/wp-json\/wp\/v2\/media\/18675"}],"wp:attachment":[{"href":"https:\/\/beautysba.co.uk\/lt\/wp-json\/wp\/v2\/media?parent=18677"}],"wp:term":[{"taxonomy":"product_brand","embeddable":true,"href":"https:\/\/beautysba.co.uk\/lt\/wp-json\/wp\/v2\/product_brand?post=18677"},{"taxonomy":"product_cat","embeddable":true,"href":"https:\/\/beautysba.co.uk\/lt\/wp-json\/wp\/v2\/product_cat?post=18677"},{"taxonomy":"product_tag","embeddable":true,"href":"https:\/\/beautysba.co.uk\/lt\/wp-json\/wp\/v2\/product_tag?post=18677"}],"curies":[{"name":"wp","href":"https:\/\/api.w.org\/{rel}","templated":true}]}}