{"id":18683,"date":"2026-01-19T08:33:49","date_gmt":"2026-01-19T08:33:49","guid":{"rendered":"https:\/\/beautysba.co.uk\/product\/%d0%b6%d0%b8%d0%b2%d0%be%d0%ba%d0%be%d1%81%d1%82-%d0%bd%d0%b0-%d0%b3%d1%83%d1%81%d0%b8%d0%bd%d0%be%d0%bc-%d0%b6%d0%b8%d1%80%d0%b5-%d0%ba%d1%80%d0%b5%d0%bc-%d0%b4%d0%bb%d1%8f-%d1%82%d0%b5%d0%bb%d0%b0\/"},"modified":"2026-01-19T09:40:32","modified_gmt":"2026-01-19T09:40:32","slug":"%d0%b6%d0%b8%d0%b2%d0%be%d0%ba%d0%be%d1%81%d1%82-%d0%bd%d0%b0-%d0%b3%d1%83%d1%81%d0%b8%d0%bd%d0%be%d0%bc-%d0%b6%d0%b8%d1%80%d0%b5-%d0%ba%d1%80%d0%b5%d0%bc-%d0%b4%d0%bb%d1%8f-%d1%82%d0%b5%d0%bb%d0%b0","status":"publish","type":"product","link":"https:\/\/beautysba.co.uk\/lt\/produktas\/%d0%b6%d0%b8%d0%b2%d0%be%d0%ba%d0%be%d1%81%d1%82-%d0%bd%d0%b0-%d0%b3%d1%83%d1%81%d0%b8%d0%bd%d0%be%d0%bc-%d0%b6%d0%b8%d1%80%d0%b5-%d0%ba%d1%80%d0%b5%d0%bc-%d0%b4%d0%bb%d1%8f-%d1%82%d0%b5%d0%bb%d0%b0\/","title":{"rendered":"Zivokost ant \u017e\u0105s\u0173 tauk\u0173, k\u016bno kremas, 50 g &#8211; VITATEKA"},"content":{"rendered":"<p>Apra\u0161ymas<br \/>\n\u017d\u0105s\u0173 riebal\u0173 pagrindo kremas su belakosta maitina ir mink\u0161tina od\u0105, padeda i\u0161laikyti j\u0105 lygi\u0105, \u0161velni\u0105 ir elasting\u0105. Smilg\u0117li\u0173 ekstraktas r\u016bpinasi sausa ir jautria oda, suteikdamas jai komforto poj\u016bt\u012f. Lanolinas sudaro lengv\u0105 apsaugin\u0119 pl\u0117vel\u0119, padedan\u010di\u0105 i\u0161laikyti dr\u0117gm\u0119 ir saugan\u010di\u0105 nuo i\u0161saus\u0117jimo.  <\/p>\n<p>K\u016bno kremas, 50 g<br \/>\nI\u0161oriniam naudojimui<\/p>\n<p>Sud\u0117tis (pagrindin\u0117s veikliosios med\u017eiagos)<br \/>\n\u017d\u0105s\u0173 taukai<br \/>\nLarkspur ekstraktas<br \/>\nLanolinas<br \/>\nNaudojimas<br \/>\nNedidel\u012f kiek\u012f kremo tepkite ant \u0161varios ir sausos odos. \u0160velniai masa\u017euokite, kol visi\u0161kai \u012fsigers.  Naudokite pagal poreik\u012f.<\/p>\n<p>\u012esp\u0117jimai<br \/>\nTik i\u0161oriniam naudojimui.<br \/>\nNenaudoti jaunesniems nei 3 met\u0173 vaikams.<br \/>\nLaikyti vaikams nepasiekiamoje vietoje.<br \/>\nNenaudoti esant individualiam jautrumui sudedamosioms dalims.<br \/>\nVengti kontakto su akimis ir gleivin\u0117mis.<br \/>\nJei pasirei\u0161k\u0117 dirginimas ar alergin\u0117 reakcija, nutraukite naudojim\u0105 ir kreipkit\u0117s \u012f gydytoj\u0105.<br \/>\nLaikymas<br \/>\nLaikyti v\u0117sioje ir sausoje vietoje, apsaugotoje nuo tiesiogini\u0173 saul\u0117s spinduli\u0173.<\/p>\n","protected":false},"excerpt":{"rendered":"<p>Apra\u0161ymas \u017d\u0105s\u0173 riebal\u0173 pagrindo kremas su belakosta maitina ir mink\u0161tina od\u0105, padeda i\u0161laikyti j\u0105 lygi\u0105, \u0161velni\u0105 ir elasting\u0105. Smilg\u0117li\u0173 ekstraktas r\u016bpinasi sausa ir jautria oda, suteikdamas jai komforto poj\u016bt\u012f. Lanolinas sudaro lengv\u0105 apsaugin\u0119 pl\u0117vel\u0119, padedan\u010di\u0105 i\u0161laikyti dr\u0117gm\u0119 ir saugan\u010di\u0105 nuo i\u0161saus\u0117jimo. K\u016bno kremas, 50 g I\u0161oriniam naudojimui Sud\u0117tis (pagrindin\u0117s veikliosios med\u017eiagos) \u017d\u0105s\u0173 taukai Larkspur ekstraktas [&hellip;]<\/p>\n","protected":false},"featured_media":18681,"comment_status":"open","ping_status":"closed","template":"","meta":[],"product_brand":[],"product_cat":[218,192,201,217,305],"product_tag":[],"class_list":{"0":"post-18683","1":"product","2":"type-product","3":"status-publish","4":"has-post-thumbnail","6":"product_cat-kuno-prieziura","7":"product_cat-naujienos","8":"product_cat-skausmo-malsinimas","9":"product_cat-sveikatos-prieziura","10":"product_cat------lt","12":"first","13":"instock","14":"shipping-taxable","15":"purchasable","16":"product-type-simple"},"_links":{"self":[{"href":"https:\/\/beautysba.co.uk\/lt\/wp-json\/wp\/v2\/product\/18683","targetHints":{"allow":["GET"]}}],"collection":[{"href":"https:\/\/beautysba.co.uk\/lt\/wp-json\/wp\/v2\/product"}],"about":[{"href":"https:\/\/beautysba.co.uk\/lt\/wp-json\/wp\/v2\/types\/product"}],"replies":[{"embeddable":true,"href":"https:\/\/beautysba.co.uk\/lt\/wp-json\/wp\/v2\/comments?post=18683"}],"wp:featuredmedia":[{"embeddable":true,"href":"https:\/\/beautysba.co.uk\/lt\/wp-json\/wp\/v2\/media\/18681"}],"wp:attachment":[{"href":"https:\/\/beautysba.co.uk\/lt\/wp-json\/wp\/v2\/media?parent=18683"}],"wp:term":[{"taxonomy":"product_brand","embeddable":true,"href":"https:\/\/beautysba.co.uk\/lt\/wp-json\/wp\/v2\/product_brand?post=18683"},{"taxonomy":"product_cat","embeddable":true,"href":"https:\/\/beautysba.co.uk\/lt\/wp-json\/wp\/v2\/product_cat?post=18683"},{"taxonomy":"product_tag","embeddable":true,"href":"https:\/\/beautysba.co.uk\/lt\/wp-json\/wp\/v2\/product_tag?post=18683"}],"curies":[{"name":"wp","href":"https:\/\/api.w.org\/{rel}","templated":true}]}}