{"id":18689,"date":"2026-01-19T08:35:35","date_gmt":"2026-01-19T08:35:35","guid":{"rendered":"https:\/\/beautysba.co.uk\/product\/%d1%82%d1%83%d1%80%d0%b1%d0%be%d1%81%d0%bb%d0%b8%d0%bc-%d1%8d%d0%ba%d1%81%d0%bf%d1%80%d0%b5%d1%81%d1%81-n60-vitateka\/"},"modified":"2026-01-19T09:40:38","modified_gmt":"2026-01-19T09:40:38","slug":"%d1%82%d1%83%d1%80%d0%b1%d0%be%d1%81%d0%bb%d0%b8%d0%bc-%d1%8d%d0%ba%d1%81%d0%bf%d1%80%d0%b5%d1%81%d1%81-n60-vitateka","status":"publish","type":"product","link":"https:\/\/beautysba.co.uk\/lt\/produktas\/%d1%82%d1%83%d1%80%d0%b1%d0%be%d1%81%d0%bb%d0%b8%d0%bc-%d1%8d%d0%ba%d1%81%d0%bf%d1%80%d0%b5%d1%81%d1%81-n60-vitateka\/","title":{"rendered":"Turboslim Express N60 &#8211; Vitateka"},"content":{"rendered":"<p>Maisto papildas<\/p>\n<p>Apra\u0161ymas<br \/>\nTURBOSLIM Express &#8211; tai maisto papildas su augalini\u0173 ekstrakt\u0173, aminor\u016bg\u0161\u010di\u0173 ir kit\u0173 veikli\u0173j\u0173 med\u017eiag\u0173 kompleksu, skirtas svorio kontrol\u0117s programoms ir med\u017eiag\u0173 apykaitos procesams palaikyti. Formul\u0117je derinami Garcinia garsinijos, \u017ealiosios arbatos ir \u017ealiosios kavos ekstraktai, taip pat L-karnitinas, kofeinas, taurinas ir chromas &#8211; komponentai, kurie tradici\u0161kai naudojami maisto papilduose, skirtuose energijos balansui ir med\u017eiag\u0173 apykaitai palaikyti. <\/p>\n<p>Kaip veikia produktas<br \/>\nTURBOSLIM Express sudedamosios dalys gali prisid\u0117ti prie:<\/p>\n<p>palaiko med\u017eiag\u0173 apykait\u0105 ir energijos balans\u0105;<br \/>\nd\u0117l sud\u0117tyje esan\u010dio kofeino ir augalini\u0173 ekstrakt\u0173 didina budrum\u0105 ir darbingum\u0105;<br \/>\nkontroliuoja apetit\u0105 ir valgymo \u012fpro\u010dius, i\u0161laikant subalansuot\u0105 mityb\u0105;<br \/>\npalaiko procesus, susijusius su riebal\u0173, kaip energijos \u0161altinio, panaudojimu.<br \/>\nProdukt\u0105 rekomenduojama vartoti kartu su \u012fvairia ir subalansuota mityba bei aktyviu gyvenimo b\u016bdu.<\/p>\n<p>Sudedamosios dalys<br \/>\nGarcinia cambogia vaisi\u0173 ekstraktas, bevandenis kofeinas, L-taurinas, \u017ealiosios kavos pupeli\u0173 ekstraktas (Coffea canephora), L-karnitino-L-tartratas, \u017ealiosios arbatos lap\u0173 ekstraktas (Camellia sinensis), bromelainas (\u0161altinis: Ananas comosus), papainas (\u0161altinis: Carica papaya), juod\u0173j\u0173 pipir\u0173 s\u0117kl\u0173 ekstraktas (Piper nigrum), chromo pikolinatas, mikrokristalin\u0117 celiulioz\u0117, silicio dioksidas, magnio stearatas, \u017eelatina (kapsul\u0117s apvalkalas).<\/p>\n<p>Vartojimo instrukcijos<br \/>\nSuaugusiesiems gerti po 1 kapsul\u0119 1-2 kartus per dien\u0105 valgio metu.<\/p>\n<p>\u012esp\u0117jimai<br \/>\nNevartoti esant individualiam ingredient\u0173 netoleravimui.<br \/>\nNevartoti n\u0117\u0161tumo ir \u017eindymo laikotarpiu.<br \/>\nNevir\u0161yti rekomenduojamos paros doz\u0117s.<br \/>\nNevartoti kaip \u012fvairios ir subalansuotos mitybos pakaitalo.<br \/>\nSvarbu laikytis sveikos gyvensenos.<br \/>\nLaikyti vaikams nepasiekiamoje vietoje.<br \/>\nLaikymo s\u0105lygos<br \/>\nLaikyti sausoje, nuo \u0161viesos apsaugotoje vietoje, ne auk\u0161tesn\u0117je kaip +25 \u00b0C temperat\u016broje.<\/p>\n","protected":false},"excerpt":{"rendered":"<p>Maisto papildas Apra\u0161ymas TURBOSLIM Express &#8211; tai maisto papildas su augalini\u0173 ekstrakt\u0173, aminor\u016bg\u0161\u010di\u0173 ir kit\u0173 veikli\u0173j\u0173 med\u017eiag\u0173 kompleksu, skirtas svorio kontrol\u0117s programoms ir med\u017eiag\u0173 apykaitos procesams palaikyti. Formul\u0117je derinami Garcinia garsinijos, \u017ealiosios arbatos ir \u017ealiosios kavos ekstraktai, taip pat L-karnitinas, kofeinas, taurinas ir chromas &#8211; komponentai, kurie tradici\u0161kai naudojami maisto papilduose, skirtuose energijos balansui ir [&hellip;]<\/p>\n","protected":false},"featured_media":18687,"comment_status":"open","ping_status":"closed","template":"","meta":[],"product_brand":[],"product_cat":[192,217,220],"product_tag":[],"class_list":{"0":"post-18689","1":"product","2":"type-product","3":"status-publish","4":"has-post-thumbnail","6":"product_cat-naujienos","7":"product_cat-sveikatos-prieziura","8":"product_cat-zarnyno-sveikata","10":"first","11":"instock","12":"shipping-taxable","13":"purchasable","14":"product-type-simple"},"_links":{"self":[{"href":"https:\/\/beautysba.co.uk\/lt\/wp-json\/wp\/v2\/product\/18689","targetHints":{"allow":["GET"]}}],"collection":[{"href":"https:\/\/beautysba.co.uk\/lt\/wp-json\/wp\/v2\/product"}],"about":[{"href":"https:\/\/beautysba.co.uk\/lt\/wp-json\/wp\/v2\/types\/product"}],"replies":[{"embeddable":true,"href":"https:\/\/beautysba.co.uk\/lt\/wp-json\/wp\/v2\/comments?post=18689"}],"wp:featuredmedia":[{"embeddable":true,"href":"https:\/\/beautysba.co.uk\/lt\/wp-json\/wp\/v2\/media\/18687"}],"wp:attachment":[{"href":"https:\/\/beautysba.co.uk\/lt\/wp-json\/wp\/v2\/media?parent=18689"}],"wp:term":[{"taxonomy":"product_brand","embeddable":true,"href":"https:\/\/beautysba.co.uk\/lt\/wp-json\/wp\/v2\/product_brand?post=18689"},{"taxonomy":"product_cat","embeddable":true,"href":"https:\/\/beautysba.co.uk\/lt\/wp-json\/wp\/v2\/product_cat?post=18689"},{"taxonomy":"product_tag","embeddable":true,"href":"https:\/\/beautysba.co.uk\/lt\/wp-json\/wp\/v2\/product_tag?post=18689"}],"curies":[{"name":"wp","href":"https:\/\/api.w.org\/{rel}","templated":true}]}}