{"id":18695,"date":"2026-01-19T08:37:45","date_gmt":"2026-01-19T08:37:45","guid":{"rendered":"https:\/\/beautysba.co.uk\/product\/%d1%82%d0%b8%d0%b3%d1%80%d0%be%d0%b2%d1%8b%d0%b9-%d0%b1%d0%b0%d0%bb%d1%8c%d0%b7%d0%b0%d0%bc-tiger-balm-50%d0%b3%d1%80-vitateka\/"},"modified":"2026-01-19T09:40:39","modified_gmt":"2026-01-19T09:40:39","slug":"%d1%82%d0%b8%d0%b3%d1%80%d0%be%d0%b2%d1%8b%d0%b9-%d0%b1%d0%b0%d0%bb%d1%8c%d0%b7%d0%b0%d0%bc-tiger-balm-50%d0%b3%d1%80-vitateka","status":"publish","type":"product","link":"https:\/\/beautysba.co.uk\/lt\/produktas\/%d1%82%d0%b8%d0%b3%d1%80%d0%be%d0%b2%d1%8b%d0%b9-%d0%b1%d0%b0%d0%bb%d1%8c%d0%b7%d0%b0%d0%bc-tiger-balm-50%d0%b3%d1%80-vitateka\/","title":{"rendered":"Tigrinis balzamas &#8220;Tigrinis balzamas&#8221; 50g, Vitateka"},"content":{"rendered":"<p>Tigrinis balzamas yra legendinis balzamas, naudojamas visame pasaulyje jau daugiau nei \u0161imtmet\u012f. Nat\u016brali eterini\u0173 aliej\u0173 pagrindu sukurta formul\u0117 skatina atsipalaidavim\u0105, padeda suma\u017einti \u012ftampos ir nuovargio jausm\u0105, atkurti komforto ir gaivumo poj\u016bt\u012f. <\/p>\n<p>Padeda sukurti palengv\u0117jimo poj\u016bt\u012f: nat\u016bral\u016bs ingredientai, tokie kaip kamparas ir mentolis, padeda pagerinti mikrocirkuliacij\u0105 ir suteikia \u0161ilumos arba v\u0117sos poj\u016bt\u012f.<br \/>\nTigrinis balzamas padeda pri\u017ei\u016br\u0117ti k\u016bn\u0105 po fizinio aktyvumo, ilgo darbo prie kompiuterio ar pervargimo.<br \/>\nNat\u016brali sud\u0117tis: kamparmed\u017eio, pipirm\u0117t\u0117s, eukalipto, gvazdik\u0117li\u0173 ir kanjuptos aliejai harmoningai dera tarpusavyje ir padeda sukurti atsipalaidavimo ir lengvumo poj\u016bt\u012f.<br \/>\nPatogios formos: tepalas, gelis, pur\u0161kalas ir pleistrai &#8211; pasirinkite jums tinkam\u0105 form\u0105.<br \/>\n\u012ekv\u0117ptas tradicij\u0173: Tigrinio balzamo sud\u0117tis pagr\u012fsta nat\u016brali\u0173 ingredient\u0173 deriniu ir senomis \u017einiomis apie augal\u0173 ekstraktus.<br \/>\nKaip naudoti:<br \/>\nNedidel\u012f kiek\u012f balzamo u\u017etepkite ant \u0161varios, sausos odos ir \u0161velniai \u012ftrinkite, kol visi\u0161kai \u012fsigers. Naudokite kelis kartus per dien\u0105 pagal poreik\u012f. Venkite kontakto su akimis, gleivin\u0117mis ir pa\u017eeista oda.  <\/p>\n<p>Kod\u0117l verta rinktis &#8220;Tiger Balm&#8221;:<br \/>\nSkatina atsipalaidavim\u0105 ir lengvumo poj\u016bt\u012f<br \/>\nTinka aktyviems ir kasdien savimi besir\u016bpinantiems \u017emon\u0117ms<br \/>\nSukuria malon\u0173 \u0161ilumos ar v\u0117sos poj\u016bt\u012f<br \/>\nLaiko patikrinta kokyb\u0117 ir nat\u016bralios sudedamosios dalys<br \/>\nPagrindin\u0117s sudedamosios dalys:<br \/>\nMentolis, kamparas, metilo salicilatas, kajeno pipir\u0173 ekstraktas, gvazdik\u0117li\u0173, eukalipt\u0173 ir pipirm\u0117\u010di\u0173 aliejai.<\/p>\n<p>Svarbu:<br \/>\nTik i\u0161oriniam naudojimui. Nenaudoti ant sudirgintos odos ir atvir\u0173 \u017eaizd\u0173. Prie\u0161 naudojant rekomenduojama atlikti jautrumo test\u0105.  <\/p>\n","protected":false},"excerpt":{"rendered":"<p>Tigrinis balzamas yra legendinis balzamas, naudojamas visame pasaulyje jau daugiau nei \u0161imtmet\u012f. Nat\u016brali eterini\u0173 aliej\u0173 pagrindu sukurta formul\u0117 skatina atsipalaidavim\u0105, padeda suma\u017einti \u012ftampos ir nuovargio jausm\u0105, atkurti komforto ir gaivumo poj\u016bt\u012f. Padeda sukurti palengv\u0117jimo poj\u016bt\u012f: nat\u016bral\u016bs ingredientai, tokie kaip kamparas ir mentolis, padeda pagerinti mikrocirkuliacij\u0105 ir suteikia \u0161ilumos arba v\u0117sos poj\u016bt\u012f. Tigrinis balzamas padeda pri\u017ei\u016br\u0117ti [&hellip;]<\/p>\n","protected":false},"featured_media":18693,"comment_status":"open","ping_status":"closed","template":"","meta":[],"product_brand":[],"product_cat":[221,218,192,219,201,217,305],"product_tag":[],"class_list":{"0":"post-18695","1":"product","2":"type-product","3":"status-publish","4":"has-post-thumbnail","6":"product_cat-aliejai","7":"product_cat-kuno-prieziura","8":"product_cat-naujienos","9":"product_cat-pedu-prieziura-lt","10":"product_cat-skausmo-malsinimas","11":"product_cat-sveikatos-prieziura","12":"product_cat------lt","14":"first","15":"outofstock","16":"shipping-taxable","17":"purchasable","18":"product-type-simple"},"_links":{"self":[{"href":"https:\/\/beautysba.co.uk\/lt\/wp-json\/wp\/v2\/product\/18695","targetHints":{"allow":["GET"]}}],"collection":[{"href":"https:\/\/beautysba.co.uk\/lt\/wp-json\/wp\/v2\/product"}],"about":[{"href":"https:\/\/beautysba.co.uk\/lt\/wp-json\/wp\/v2\/types\/product"}],"replies":[{"embeddable":true,"href":"https:\/\/beautysba.co.uk\/lt\/wp-json\/wp\/v2\/comments?post=18695"}],"wp:featuredmedia":[{"embeddable":true,"href":"https:\/\/beautysba.co.uk\/lt\/wp-json\/wp\/v2\/media\/18693"}],"wp:attachment":[{"href":"https:\/\/beautysba.co.uk\/lt\/wp-json\/wp\/v2\/media?parent=18695"}],"wp:term":[{"taxonomy":"product_brand","embeddable":true,"href":"https:\/\/beautysba.co.uk\/lt\/wp-json\/wp\/v2\/product_brand?post=18695"},{"taxonomy":"product_cat","embeddable":true,"href":"https:\/\/beautysba.co.uk\/lt\/wp-json\/wp\/v2\/product_cat?post=18695"},{"taxonomy":"product_tag","embeddable":true,"href":"https:\/\/beautysba.co.uk\/lt\/wp-json\/wp\/v2\/product_tag?post=18695"}],"curies":[{"name":"wp","href":"https:\/\/api.w.org\/{rel}","templated":true}]}}