{"id":18701,"date":"2026-01-19T08:39:29","date_gmt":"2026-01-19T08:39:29","guid":{"rendered":"https:\/\/beautysba.co.uk\/product\/%d0%ba%d0%be%d0%bd%d1%86%d0%b5%d0%bd%d1%82%d1%80%d0%b8%d1%80%d0%be%d0%b2%d0%b0%d0%bd%d0%bd%d1%8b%d0%b9-%d0%bb%d0%be%d1%81%d1%8c%d0%be%d0%bd-%d0%b4%d0%bb%d1%8f-%d1%82%d0%b5%d0%bb%d0%b0-%d0%b8-%d1%80\/"},"modified":"2026-01-19T09:39:47","modified_gmt":"2026-01-19T09:39:47","slug":"%d0%ba%d0%be%d0%bd%d1%86%d0%b5%d0%bd%d1%82%d1%80%d0%b8%d1%80%d0%be%d0%b2%d0%b0%d0%bd%d0%bd%d1%8b%d0%b9-%d0%bb%d0%be%d1%81%d1%8c%d0%be%d0%bd-%d0%b4%d0%bb%d1%8f-%d1%82%d0%b5%d0%bb%d0%b0-%d0%b8-%d1%80","status":"publish","type":"product","link":"https:\/\/beautysba.co.uk\/lt\/produktas\/%d0%ba%d0%be%d0%bd%d1%86%d0%b5%d0%bd%d1%82%d1%80%d0%b8%d1%80%d0%be%d0%b2%d0%b0%d0%bd%d0%bd%d1%8b%d0%b9-%d0%bb%d0%be%d1%81%d1%8c%d0%be%d0%bd-%d0%b4%d0%bb%d1%8f-%d1%82%d0%b5%d0%bb%d0%b0-%d0%b8-%d1%80\/","title":{"rendered":"Koncentruotas k\u016bno ir rank\u0173 losjonas sausai ir atopinei odai &#8220;ATOPY SKIN&#8221;, 400 ml &#8211; Vitateka"},"content":{"rendered":"<p>&#8220;Atopy Skin&#8221; yra apsauginis k\u016bno ir rank\u0173 losjonas, specialiai sukurtas sausai ir atopi\u0161kai odai pri\u017ei\u016br\u0117ti. Jis veiksmingai atkuria nat\u016bral\u0173 odos apsaugin\u012f sluoksn\u012f, ma\u017eina sudirgusi\u0173 viet\u0173 nie\u017eul\u012f ir deginim\u0105 bei suma\u017eina sausumo poj\u016bt\u012f. Priemon\u0117 turi fiziologin\u012f pH lyg\u012f, joje n\u0117ra kvapi\u0173j\u0173 med\u017eiag\u0173 ir tinka net jautriai odai. Produktas taip pat rekomenduojamas vyresniems nei 3 met\u0173 vaikams.   <\/p>\n<p>Odos barjero atk\u016brimas: padeda sustiprinti nat\u016brali\u0105 odos apsaug\u0105 ir neleid\u017eia jai prarasti dr\u0117gm\u0117s.<br \/>\nDirginimo ma\u017einimas: ma\u017eina paraudim\u0105, nie\u017eul\u012f ir tempim\u0105.<br \/>\nDr\u0117kinimas ir mink\u0161tinimas: d\u0117l dr\u0117kinam\u0173j\u0173 ingredient\u0173 oda tampa lygesn\u0117 ir elastingesn\u0117.<br \/>\nTinka visai \u0161eimai: saugu naudoti kasdien, \u012fskaitant vaikus nuo 3 met\u0173.<br \/>\nVeikliosios med\u017eiagos:<br \/>\nBetulino r\u016bg\u0161tis, betulinas ir iridoidai i\u0161 ber\u017e\u0173 \u017eiev\u0117s ir noriwort ekstrakt\u0173 komplekso &#8211; ma\u017eina odos polink\u012f \u012f u\u017edegimus, didina jos nat\u016brali\u0105 apsaug\u0105 ir atsparum\u0105 dirgikliams.<\/p>\n<p>Pagalbin\u0117s med\u017eiagos:<br \/>\nkarbamidas, pantenolis, glicerinas, alantoinas, medviln\u0117s s\u0117kl\u0173 aliejus, trigliceridai (identi\u0161ki odai), vitaminas E, natrio hialuronatas.<\/p>\n<p>Naudojimas:<br \/>\nTepkite ant nuvalytos k\u016bno ir rank\u0173 odos lengvais masa\u017euojamaisiais judesiais 1-2 kartus per dien\u0105 arba pagal poreik\u012f.<\/p>\n<p>\u012esp\u0117jimai:<br \/>\nNenaudokite, jei netoleruojate sudedam\u0173j\u0173 dali\u0173. Vengti patekimo \u012f akis. Laikyti vaikams nepasiekiamoje vietoje.<\/p>\n<p>Laikymo s\u0105lygos:<br \/>\nLaikyti v\u0117sioje, sausoje, nuo tiesiogini\u0173 saul\u0117s spinduli\u0173 apsaugotoje vietoje.<\/p>\n<p>Gamintojas: nurodytas ant pakuot\u0117s.<\/p>\n","protected":false},"excerpt":{"rendered":"<p>&#8220;Atopy Skin&#8221; yra apsauginis k\u016bno ir rank\u0173 losjonas, specialiai sukurtas sausai ir atopi\u0161kai odai pri\u017ei\u016br\u0117ti. Jis veiksmingai atkuria nat\u016bral\u0173 odos apsaugin\u012f sluoksn\u012f, ma\u017eina sudirgusi\u0173 viet\u0173 nie\u017eul\u012f ir deginim\u0105 bei suma\u017eina sausumo poj\u016bt\u012f. Priemon\u0117 turi fiziologin\u012f pH lyg\u012f, joje n\u0117ra kvapi\u0173j\u0173 med\u017eiag\u0173 ir tinka net jautriai odai. Produktas taip pat rekomenduojamas vyresniems nei 3 met\u0173 vaikams. [&hellip;]<\/p>\n","protected":false},"featured_media":18699,"comment_status":"open","ping_status":"closed","template":"","meta":[],"product_brand":[],"product_cat":[121,218,119,192,217],"product_tag":[],"class_list":{"0":"post-18701","1":"product","2":"type-product","3":"status-publish","4":"has-post-thumbnail","6":"product_cat-kuno-kremai-aliejai","7":"product_cat-kuno-prieziura","8":"product_cat-kuno-produktai","9":"product_cat-naujienos","10":"product_cat-sveikatos-prieziura","12":"first","13":"instock","14":"shipping-taxable","15":"purchasable","16":"product-type-simple"},"_links":{"self":[{"href":"https:\/\/beautysba.co.uk\/lt\/wp-json\/wp\/v2\/product\/18701","targetHints":{"allow":["GET"]}}],"collection":[{"href":"https:\/\/beautysba.co.uk\/lt\/wp-json\/wp\/v2\/product"}],"about":[{"href":"https:\/\/beautysba.co.uk\/lt\/wp-json\/wp\/v2\/types\/product"}],"replies":[{"embeddable":true,"href":"https:\/\/beautysba.co.uk\/lt\/wp-json\/wp\/v2\/comments?post=18701"}],"wp:featuredmedia":[{"embeddable":true,"href":"https:\/\/beautysba.co.uk\/lt\/wp-json\/wp\/v2\/media\/18699"}],"wp:attachment":[{"href":"https:\/\/beautysba.co.uk\/lt\/wp-json\/wp\/v2\/media?parent=18701"}],"wp:term":[{"taxonomy":"product_brand","embeddable":true,"href":"https:\/\/beautysba.co.uk\/lt\/wp-json\/wp\/v2\/product_brand?post=18701"},{"taxonomy":"product_cat","embeddable":true,"href":"https:\/\/beautysba.co.uk\/lt\/wp-json\/wp\/v2\/product_cat?post=18701"},{"taxonomy":"product_tag","embeddable":true,"href":"https:\/\/beautysba.co.uk\/lt\/wp-json\/wp\/v2\/product_tag?post=18701"}],"curies":[{"name":"wp","href":"https:\/\/api.w.org\/{rel}","templated":true}]}}