{"id":18713,"date":"2026-01-19T08:45:31","date_gmt":"2026-01-19T08:45:31","guid":{"rendered":"https:\/\/beautysba.co.uk\/product\/%d1%88%d0%b0%d0%bc%d0%bf%d1%83%d0%bd%d1%8c-%d1%86%d0%b8%d0%bd%d0%ba%d0%be%d0%b2%d1%8b%d0%b9-%d0%bf%d1%80%d0%be%d1%82%d0%b8%d0%b2-%d0%bf%d0%b5%d1%80%d1%85%d0%be%d1%82%d0%b8-400-%d0%bc%d0%bb\/"},"modified":"2026-01-19T09:39:48","modified_gmt":"2026-01-19T09:39:48","slug":"%d1%88%d0%b0%d0%bc%d0%bf%d1%83%d0%bd%d1%8c-%d1%86%d0%b8%d0%bd%d0%ba%d0%be%d0%b2%d1%8b%d0%b9-%d0%bf%d1%80%d0%be%d1%82%d0%b8%d0%b2-%d0%bf%d0%b5%d1%80%d1%85%d0%be%d1%82%d0%b8-400-%d0%bc%d0%bb","status":"publish","type":"product","link":"https:\/\/beautysba.co.uk\/lt\/produktas\/%d1%88%d0%b0%d0%bc%d0%bf%d1%83%d0%bd%d1%8c-%d1%86%d0%b8%d0%bd%d0%ba%d0%be%d0%b2%d1%8b%d0%b9-%d0%bf%d1%80%d0%be%d1%82%d0%b8%d0%b2-%d0%bf%d0%b5%d1%80%d1%85%d0%be%d1%82%d0%b8-400-%d0%bc%d0%bb\/","title":{"rendered":"Cinko \u0161amp\u016bnas nuo pleiskan\u0173, 400 ml &#8211; Vitateka"},"content":{"rendered":"<p>&#8220;Vitateka&#8221; cinko \u0161amp\u016bnas skirtas plaukams ir galvos odai, linkusiems pleiskanoti. Formul\u0117 su cinko jonais, pantenoliu ir augaliniu betainu \u0161velniai valo, padeda ma\u017einti pleiskan\u0173 atsiradim\u0105 ir palaiko galvos odos komfort\u0105. Sud\u0117tyje n\u0117ra paraben\u0173, silikon\u0173 ir sintetini\u0173 da\u017eikli\u0173. Sud\u0117tyje yra ber\u017e\u0173 \u017eiev\u0117s aliejaus (Betula Alba Oil).   <\/p>\n<p>Poveikis nuo pleiskan\u0173: cinko jonai kartu su kondicionuojan\u010diais polimerais padeda i\u0161valyti galvos od\u0105.<br \/>\nGalvos odos prie\u017ei\u016bra: pantenolis ir betainas padeda i\u0161laikyti galvos odos dr\u0117gm\u0119 ir komfort\u0105.<br \/>\n\u0160velnus valymas neperkraunant: pagrindas &#8211; \u0161velnios pavir\u0161inio aktyvumo med\u017eiagos.<br \/>\nNeperkrautas: be paraben\u0173, silikon\u0173 ir sintetini\u0173 da\u017eikli\u0173.<br \/>\nT\u016bris: 400 ml<\/p>\n<p>Kaip naudoti:<br \/>\n\u0160amp\u016bn\u0105 tepkite ant dr\u0117gn\u0173 plauk\u0173 ir galvos odos, \u0161velniai \u012fmasa\u017euokite sukamaisiais judesiais ir kruop\u0161\u010diai nuplaukite \u0161iltu vandeniu. Jei reikia, pakartokite. Rekomenduojama naudoti 3 kartus per savait\u0119.  <\/p>\n<p>Sud\u0117tis (INCI):<br \/>\nSud\u0117tis: vanduo, kokamidopropil betainas, betainas, polisorbatas 20, natrio kokoamfoacetatas, glicerinas, hidroksietilceliulioz\u0117, kokoso gliukozidas, Betula Alba aliejus, pantenolis, cinko sulfatas, Polikvaterniumas-10, glicerilo oleatas, hidrint\u0173 palmi\u0173 glicerid\u0173 citratas, natrio benzoatas, kalio sorbatas, dinatrio EDTA, citrin\u0173 r\u016bg\u0161tis, parfumas, alfa-izometiljononas, limonenas.<\/p>\n<p>Aromatiniai alergenai pagal INCI: alfa-izometilo jononas, limonenas.<\/p>\n<p>\u012esp\u0117jimai:<br \/>\nTik i\u0161oriniam naudojimui. Venkite patekimo \u012f akis. Jei atsiranda dirginimas, nutraukite naudojim\u0105. Laikyti vaikams nepasiekiamoje vietoje.<\/p>\n<p>Gamintojas ir importuotojas:<br \/>\nPagaminta ES (Lenkijoje). Sukurta Estijoje. Importuotojas: VITATEKA O\u00dc, Estija. Galiojimo laikas ir partija: \u017er. ant pakuot\u0117s.   <\/p>\n","protected":false},"excerpt":{"rendered":"<p>&#8220;Vitateka&#8221; cinko \u0161amp\u016bnas skirtas plaukams ir galvos odai, linkusiems pleiskanoti. Formul\u0117 su cinko jonais, pantenoliu ir augaliniu betainu \u0161velniai valo, padeda ma\u017einti pleiskan\u0173 atsiradim\u0105 ir palaiko galvos odos komfort\u0105. Sud\u0117tyje n\u0117ra paraben\u0173, silikon\u0173 ir sintetini\u0173 da\u017eikli\u0173. Sud\u0117tyje yra ber\u017e\u0173 \u017eiev\u0117s aliejaus (Betula Alba Oil). Poveikis nuo pleiskan\u0173: cinko jonai kartu su kondicionuojan\u010diais polimerais padeda i\u0161valyti [&hellip;]<\/p>\n","protected":false},"featured_media":18711,"comment_status":"open","ping_status":"closed","template":"","meta":[],"product_brand":[],"product_cat":[211,192,216],"product_tag":[],"class_list":{"0":"post-18713","1":"product","2":"type-product","3":"status-publish","4":"has-post-thumbnail","6":"product_cat-hair-lt","7":"product_cat-naujienos","8":"product_cat-sampunai","10":"first","11":"instock","12":"shipping-taxable","13":"purchasable","14":"product-type-simple"},"_links":{"self":[{"href":"https:\/\/beautysba.co.uk\/lt\/wp-json\/wp\/v2\/product\/18713","targetHints":{"allow":["GET"]}}],"collection":[{"href":"https:\/\/beautysba.co.uk\/lt\/wp-json\/wp\/v2\/product"}],"about":[{"href":"https:\/\/beautysba.co.uk\/lt\/wp-json\/wp\/v2\/types\/product"}],"replies":[{"embeddable":true,"href":"https:\/\/beautysba.co.uk\/lt\/wp-json\/wp\/v2\/comments?post=18713"}],"wp:featuredmedia":[{"embeddable":true,"href":"https:\/\/beautysba.co.uk\/lt\/wp-json\/wp\/v2\/media\/18711"}],"wp:attachment":[{"href":"https:\/\/beautysba.co.uk\/lt\/wp-json\/wp\/v2\/media?parent=18713"}],"wp:term":[{"taxonomy":"product_brand","embeddable":true,"href":"https:\/\/beautysba.co.uk\/lt\/wp-json\/wp\/v2\/product_brand?post=18713"},{"taxonomy":"product_cat","embeddable":true,"href":"https:\/\/beautysba.co.uk\/lt\/wp-json\/wp\/v2\/product_cat?post=18713"},{"taxonomy":"product_tag","embeddable":true,"href":"https:\/\/beautysba.co.uk\/lt\/wp-json\/wp\/v2\/product_tag?post=18713"}],"curies":[{"name":"wp","href":"https:\/\/api.w.org\/{rel}","templated":true}]}}