{"id":18725,"date":"2026-01-19T08:48:30","date_gmt":"2026-01-19T08:48:30","guid":{"rendered":"https:\/\/beautysba.co.uk\/product\/%d0%bc%d1%83%d1%80%d0%b0%d0%b2%d1%8c%d0%b8%d0%bd%d0%b0%d1%8f-%d0%ba%d0%b8%d1%81%d0%bb%d0%be%d1%82%d0%b0-14-50-%d0%bc%d0%bb-vitateka\/"},"modified":"2026-01-19T09:39:47","modified_gmt":"2026-01-19T09:39:47","slug":"%d0%bc%d1%83%d1%80%d0%b0%d0%b2%d1%8c%d0%b8%d0%bd%d0%b0%d1%8f-%d0%ba%d0%b8%d1%81%d0%bb%d0%be%d1%82%d0%b0-14-50-%d0%bc%d0%bb-vitateka","status":"publish","type":"product","link":"https:\/\/beautysba.co.uk\/lt\/produktas\/%d0%bc%d1%83%d1%80%d0%b0%d0%b2%d1%8c%d0%b8%d0%bd%d0%b0%d1%8f-%d0%ba%d0%b8%d1%81%d0%bb%d0%be%d1%82%d0%b0-14-50-%d0%bc%d0%bb-vitateka\/","title":{"rendered":"Skruzd\u017ei\u0173 r\u016bg\u0161tis 1,4 %, 50 ml &#8211; Vitateka"},"content":{"rendered":"<p>Skruzd\u017ei\u0173 r\u016bg\u0161ties 1,4 % tirpalas &#8211; tai skysta priemon\u0117 patogioje 50 ml talpos talpykl\u0117je. Skruzd\u017ei\u0173 r\u016bg\u0161tis (skruzd\u017ei\u0173 r\u016bg\u0161tis) nuo seno naudojama buityje, pramon\u0117je, veterinarijoje ir liaudies medicinoje kaip priemon\u0117, pasi\u017eyminti ry\u0161kiu antiseptiniu, \u0161ildomuoju ir vietiniu dirginamuoju poveikiu (tik i\u0161oriniam naudojimui!).  D\u0117mesio! Produkto sud\u0117tyje yra laki\u0173j\u0173 med\u017eiag\u0173, tod\u0117l reikia grie\u017etai laikytis saugos priemoni\u0173!<\/p>\n<p>Sud\u0117tis<br \/>\nPropan-2-olis<br \/>\nEtanolis<br \/>\nSkruzd\u017ei\u0173 r\u016bg\u0161tis<br \/>\nButan-2-onas<br \/>\nSud\u0117tyje yra<br \/>\nPropan-2-olis (izopropanolis)<\/p>\n<p>Savyb\u0117s<br \/>\nForma: skysta<\/p>\n<p>Skruzd\u017ei\u0173 r\u016bg\u0161ties koncentracija: 1,4 %<\/p>\n<p>T\u016bris: 50 ml<\/p>\n<p>Laikymas<br \/>\nLaikyti sandariai u\u017edarytame buteliuke, v\u0117sioje, sausoje ir tamsioje vietoje, nuo +5\u00b0C iki +30\u00b0C temperat\u016broje. Laikyti atokiau nuo \u0161ilumos \u0161altini\u0173 ir tiesiogini\u0173 saul\u0117s spinduli\u0173. <\/p>\n<p>Atsargumo priemon\u0117s<br \/>\n\u26a0\ufe0f D\u0116MESIO:<\/p>\n<p>Gali sukelti mieguistum\u0105 ar galvos svaigim\u0105.<br \/>\nEidami pas gydytoj\u0105 tur\u0117tum\u0117te su savimi tur\u0117ti vaisto pakuot\u0119 arba etiket\u0119.<br \/>\nLaikyti vaikams nepasiekiamoje vietoje.<\/p>\n","protected":false},"excerpt":{"rendered":"<p>Skruzd\u017ei\u0173 r\u016bg\u0161ties 1,4 % tirpalas &#8211; tai skysta priemon\u0117 patogioje 50 ml talpos talpykl\u0117je. Skruzd\u017ei\u0173 r\u016bg\u0161tis (skruzd\u017ei\u0173 r\u016bg\u0161tis) nuo seno naudojama buityje, pramon\u0117je, veterinarijoje ir liaudies medicinoje kaip priemon\u0117, pasi\u017eyminti ry\u0161kiu antiseptiniu, \u0161ildomuoju ir vietiniu dirginamuoju poveikiu (tik i\u0161oriniam naudojimui!). D\u0117mesio! Produkto sud\u0117tyje yra laki\u0173j\u0173 med\u017eiag\u0173, tod\u0117l reikia grie\u017etai laikytis saugos priemoni\u0173! Sud\u0117tis Propan-2-olis Etanolis [&hellip;]<\/p>\n","protected":false},"featured_media":18723,"comment_status":"open","ping_status":"closed","template":"","meta":[],"product_brand":[],"product_cat":[218,192,217],"product_tag":[],"class_list":{"0":"post-18725","1":"product","2":"type-product","3":"status-publish","4":"has-post-thumbnail","6":"product_cat-kuno-prieziura","7":"product_cat-naujienos","8":"product_cat-sveikatos-prieziura","10":"first","11":"instock","12":"shipping-taxable","13":"purchasable","14":"product-type-simple"},"_links":{"self":[{"href":"https:\/\/beautysba.co.uk\/lt\/wp-json\/wp\/v2\/product\/18725","targetHints":{"allow":["GET"]}}],"collection":[{"href":"https:\/\/beautysba.co.uk\/lt\/wp-json\/wp\/v2\/product"}],"about":[{"href":"https:\/\/beautysba.co.uk\/lt\/wp-json\/wp\/v2\/types\/product"}],"replies":[{"embeddable":true,"href":"https:\/\/beautysba.co.uk\/lt\/wp-json\/wp\/v2\/comments?post=18725"}],"wp:featuredmedia":[{"embeddable":true,"href":"https:\/\/beautysba.co.uk\/lt\/wp-json\/wp\/v2\/media\/18723"}],"wp:attachment":[{"href":"https:\/\/beautysba.co.uk\/lt\/wp-json\/wp\/v2\/media?parent=18725"}],"wp:term":[{"taxonomy":"product_brand","embeddable":true,"href":"https:\/\/beautysba.co.uk\/lt\/wp-json\/wp\/v2\/product_brand?post=18725"},{"taxonomy":"product_cat","embeddable":true,"href":"https:\/\/beautysba.co.uk\/lt\/wp-json\/wp\/v2\/product_cat?post=18725"},{"taxonomy":"product_tag","embeddable":true,"href":"https:\/\/beautysba.co.uk\/lt\/wp-json\/wp\/v2\/product_tag?post=18725"}],"curies":[{"name":"wp","href":"https:\/\/api.w.org\/{rel}","templated":true}]}}