{"id":18732,"date":"2026-01-19T08:51:33","date_gmt":"2026-01-19T08:51:33","guid":{"rendered":"https:\/\/beautysba.co.uk\/product\/%d0%b2%d0%b8%d1%82%d0%b0%d0%bc%d0%b8%d0%bd-d3-c-%d0%bc%d0%b0%d1%81%d0%bb%d0%be%d0%bc-%d1%87%d0%b5%d1%80%d0%bd%d0%be%d0%b3%d0%be-%d1%82%d0%bc%d0%b8%d0%bd%d0%b0-4000iu-vitateka\/"},"modified":"2026-01-19T09:39:47","modified_gmt":"2026-01-19T09:39:47","slug":"%d0%b2%d0%b8%d1%82%d0%b0%d0%bc%d0%b8%d0%bd-d3-c-%d0%bc%d0%b0%d1%81%d0%bb%d0%be%d0%bc-%d1%87%d0%b5%d1%80%d0%bd%d0%be%d0%b3%d0%be-%d1%82%d0%bc%d0%b8%d0%bd%d0%b0-4000iu-vitateka","status":"publish","type":"product","link":"https:\/\/beautysba.co.uk\/lt\/produktas\/%d0%b2%d0%b8%d1%82%d0%b0%d0%bc%d0%b8%d0%bd-d3-c-%d0%bc%d0%b0%d1%81%d0%bb%d0%be%d0%bc-%d1%87%d0%b5%d1%80%d0%bd%d0%be%d0%b3%d0%be-%d1%82%d0%bc%d0%b8%d0%bd%d0%b0-4000iu-vitateka\/","title":{"rendered":"Vitaminas D3 su juod\u0173j\u0173 kmyn\u0173 s\u0117kl\u0173 aliejumi 4000IU &#8211; Vitateka"},"content":{"rendered":"<p>Vitaminas D3 la\u0161ais 4000 mU, maisto papildas 10 ml<\/p>\n<p>SUDEDAMOSIOS DALYS: juod\u0173j\u0173 kmyn\u0173 aliejus (Cuminum cyminum), vitaminas D3 (CHOLECALCIFEROL), tokoferalai, antioksidantai.<\/p>\n<p>Dozavimas ( 1 la\u0161as ): Vitaminas D 100 MKF \/ 4000 ME, (CHOLECALCIFEROL) -(2000%*) * rekomenduojamos paros normos.<\/p>\n<p>NAUDOJIMO REKOMENDACIJOS:<\/p>\n<p>Gerti po 1 la\u0161\u0105 per dien\u0105 arba kaip rekomenduoja gydytojas.<\/p>\n<p>\u012eSP\u0116JIMAI:<\/p>\n<p>Nevartokite maisto papildo kaip visavert\u0117s ir subalansuotos mitybos pakaitalo. Nevir\u0161ykite rekomenduojamos paros doz\u0117s. Laikyti vaikams nepasiekiamoje vietoje. Nenaudokite, jei netoleruojate sudedam\u0173j\u0173 dali\u0173. N\u0117\u0161\u010dios ir maitinan\u010dios motinos prie\u0161 vartojim\u0105 tur\u0117t\u0173 pasitarti su gydytoju.<\/p>\n<p>LAIKYMAS:<\/p>\n<p>Laikyti kambario temperat\u016broje, u\u017edarytoje originalioje pakuot\u0117je, vaikams nepasiekiamoje vietoje.<\/p>\n","protected":false},"excerpt":{"rendered":"<p>Vitaminas D3 la\u0161ais 4000 mU, maisto papildas 10 ml SUDEDAMOSIOS DALYS: juod\u0173j\u0173 kmyn\u0173 aliejus (Cuminum cyminum), vitaminas D3 (CHOLECALCIFEROL), tokoferalai, antioksidantai. Dozavimas ( 1 la\u0161as ): Vitaminas D 100 MKF \/ 4000 ME, (CHOLECALCIFEROL) -(2000%*) * rekomenduojamos paros normos. NAUDOJIMO REKOMENDACIJOS: Gerti po 1 la\u0161\u0105 per dien\u0105 arba kaip rekomenduoja gydytojas. \u012eSP\u0116JIMAI: Nevartokite maisto papildo [&hellip;]<\/p>\n","protected":false},"featured_media":18730,"comment_status":"open","ping_status":"closed","template":"","meta":[],"product_brand":[],"product_cat":[192,333,217,220],"product_tag":[],"class_list":{"0":"post-18732","1":"product","2":"type-product","3":"status-publish","4":"has-post-thumbnail","6":"product_cat-naujienos","7":"product_cat-persalimo-ligoms-ir-psichinei-sveikatai","8":"product_cat-sveikatos-prieziura","9":"product_cat-zarnyno-sveikata","11":"first","12":"instock","13":"shipping-taxable","14":"purchasable","15":"product-type-simple"},"_links":{"self":[{"href":"https:\/\/beautysba.co.uk\/lt\/wp-json\/wp\/v2\/product\/18732","targetHints":{"allow":["GET"]}}],"collection":[{"href":"https:\/\/beautysba.co.uk\/lt\/wp-json\/wp\/v2\/product"}],"about":[{"href":"https:\/\/beautysba.co.uk\/lt\/wp-json\/wp\/v2\/types\/product"}],"replies":[{"embeddable":true,"href":"https:\/\/beautysba.co.uk\/lt\/wp-json\/wp\/v2\/comments?post=18732"}],"wp:featuredmedia":[{"embeddable":true,"href":"https:\/\/beautysba.co.uk\/lt\/wp-json\/wp\/v2\/media\/18730"}],"wp:attachment":[{"href":"https:\/\/beautysba.co.uk\/lt\/wp-json\/wp\/v2\/media?parent=18732"}],"wp:term":[{"taxonomy":"product_brand","embeddable":true,"href":"https:\/\/beautysba.co.uk\/lt\/wp-json\/wp\/v2\/product_brand?post=18732"},{"taxonomy":"product_cat","embeddable":true,"href":"https:\/\/beautysba.co.uk\/lt\/wp-json\/wp\/v2\/product_cat?post=18732"},{"taxonomy":"product_tag","embeddable":true,"href":"https:\/\/beautysba.co.uk\/lt\/wp-json\/wp\/v2\/product_tag?post=18732"}],"curies":[{"name":"wp","href":"https:\/\/api.w.org\/{rel}","templated":true}]}}