{"id":18738,"date":"2026-01-19T08:54:55","date_gmt":"2026-01-19T08:54:55","guid":{"rendered":"https:\/\/beautysba.co.uk\/product\/%d1%8d%d0%bb%d0%b5%d1%83%d1%82%d0%b5%d1%80%d0%be%d0%ba%d0%be%d0%ba%d0%ba%d0%b0-%d1%8d%d0%ba%d1%81%d1%82%d1%80%d0%b0%d0%ba%d1%82-%d0%b6%d0%b8%d0%b4%d0%ba%d0%b8%d0%b9-50-%d0%bc%d0%bb\/"},"modified":"2026-01-19T09:39:54","modified_gmt":"2026-01-19T09:39:54","slug":"%d1%8d%d0%bb%d0%b5%d1%83%d1%82%d0%b5%d1%80%d0%be%d0%ba%d0%be%d0%ba%d0%ba%d0%b0-%d1%8d%d0%ba%d1%81%d1%82%d1%80%d0%b0%d0%ba%d1%82-%d0%b6%d0%b8%d0%b4%d0%ba%d0%b8%d0%b9-50-%d0%bc%d0%bb","status":"publish","type":"product","link":"https:\/\/beautysba.co.uk\/lt\/produktas\/%d1%8d%d0%bb%d0%b5%d1%83%d1%82%d0%b5%d1%80%d0%be%d0%ba%d0%be%d0%ba%d0%ba%d0%b0-%d1%8d%d0%ba%d1%81%d1%82%d1%80%d0%b0%d0%ba%d1%82-%d0%b6%d0%b8%d0%b4%d0%ba%d0%b8%d0%b9-50-%d0%bc%d0%bb\/","title":{"rendered":"Eleuterokoko ekstraktas skystas 50 ml"},"content":{"rendered":"<p>Farmakodinamika. Eleuterokoko \u0161akniastiebiuose ir \u0161aknyse yra eleuterozid\u0173 A, B, B1, C, D, E, F ir G, kumarino darini\u0173, flavonoid\u0173, eterinio aliejaus, augalinio va\u0161ko, derv\u0173, krakmolo ir kit\u0173 komponent\u0173. D\u0117l sud\u0117tyje esan\u010di\u0173 eleuterozid\u0173 vaistas didina fizin\u012f ir protin\u012f darbingum\u0105, atsparum\u0105 nepalankiems aplinkos veiksniams, reg\u0117jimo a\u0161trum\u0105, gerina med\u017eiag\u0173 apykait\u0105, pasi\u017eymi ne\u017eymiu stimuliuojan\u010diu gonadotropiniu ir hipoglikeminiu poveikiu. <\/p>\n<p>Farmakokinetika. Netyrin\u0117ta.<\/p>\n<p>Indikacijos<br \/>\nFizinis ir protinis nuovargis, neurastenija ir psichostenija, centrin\u0117s nerv\u0173 sistemos funkcinis i\u0161sekimas, kai suma\u017e\u0117ja darbingumas. Vegetoneuroz\u0117s, pooperaciniu laikotarpiu, kompleksin\u0117s terapijos metu &#8211; \u016bmin\u0117s ir l\u0117tin\u0117s spindulin\u0117s ligos atveju. <\/p>\n<p>Kontraindikacijos<br \/>\nPadid\u0117j\u0119s jautrumas vaisto sudedamosioms dalims, hiperterminis sindromas, arterin\u0117 hipertenzija, hiperaktyvumas, \u016bmin\u0117s infekcin\u0117s ligos, miokardo infarktas, aritmija, nemiga, neurocirkuliacin\u0117 distonija, kar\u0161\u010diavimas, epilepsija.<\/p>\n<p>S\u0105veika su kitais vaistais ir kitos s\u0105veikos r\u016b\u0161ys<br \/>\nVaistas gali stiprinti centrin\u0119 nerv\u0173 sistem\u0105 stimuliuojan\u010di\u0173, analeptini\u0173 ir hipoglikemizuojan\u010di\u0173 vaist\u0173 poveik\u012f, yra fiziologinis centrin\u0119 nerv\u0173 sistem\u0105 slopinan\u010di\u0173 vaist\u0173 (\u012fskaitant barbit\u016bratus, trankviliantus, antiepilepsinius vaistus) antagonistas.<\/p>\n<p>Naudojimo ypatumai<br \/>\nEleuterokoko skystasis ekstraktas yra \u012fprastas augalinis vaistas, skirtas vartoti pagal indikacijas, patvirtintas ilgalaikio vartojimo metu.<\/p>\n<p>Jei vaistinis preparatas laikomas ilgai, galimi krituliai, tod\u0117l prie\u0161 vartojant vaistin\u012f preparat\u0105 buteliuk\u0105 reikia kelis kartus pakratyti. Vartojant vaistin\u012f preparat\u0105, reikia steb\u0117ti kraujosp\u016bd\u012f. Vaistinis preparatas gali sukelti nemig\u0105. Tod\u0117l asmenys, kuriems \u0161is vaistas sukelia nemig\u0105, netur\u0117t\u0173 jo vartoti vakare.   <\/p>\n<p>Vartoti n\u0117\u0161tumo ar \u017eindymo laikotarpiu.<\/p>\n<p>Kadangi vaisto sud\u0117tyje yra etanolio, jo negalima skirti n\u0117\u0161\u010dioms ir kr\u016btimi maitinan\u010dioms moterims.<\/p>\n<p>Geb\u0117jimas daryti \u012ftak\u0105 reakcijos grei\u010diui vairuojant motorin\u012f transport\u0105 ar kitus mechanizmus.<\/p>\n<p>Vaisto sud\u0117tyje yra 40 % etanolio, tod\u0117l vartojant vaist\u0105 reikia b\u016bti atsargiems vairuojant transporto priemones ar dirbant su potencialiai pavojingais mechanizmais.<\/p>\n<p>Kaip naudoti ir doz\u0117s<br \/>\nPrie\u0161 naudojim\u0105 suplakite. Vaistas geriamas 30 minu\u010di\u0173 prie\u0161 valg\u012f. Suaugusieji vartoja po 20-30 la\u0161\u0173 1 kart\u0105 per dien\u0105. Vaikams nuo 12 met\u0173 skirti po 1 la\u0161\u0105 1 vaiko gyvenimo metams, vartoti 1 kart\u0105 per dien\u0105, i\u0161 anksto praskiedus nedideliu kiekiu vandens, pirmoje dienos pus\u0117je (t. y. prie\u0161 15 val.). Gydymo kursas yra 25-30 dien\u0173; jei reikia &#8211; pakartoti po 1-2 savai\u010di\u0173.    <\/p>\n<p>Pacientas turi kreiptis \u012f gydytoj\u0105, jei vartojant \u0161\u012f vaist\u0105 ligos simptomai nei\u0161nyksta arba jei pasirei\u0161kia nepageidaujamos reakcijos.<\/p>\n<p>Vaikai.<\/p>\n<p>12 met\u0173 ir vyresniems vaikams naudokite taip, kaip nurod\u0117 gydytojas.<\/p>\n","protected":false},"excerpt":{"rendered":"<p>Farmakodinamika. Eleuterokoko \u0161akniastiebiuose ir \u0161aknyse yra eleuterozid\u0173 A, B, B1, C, D, E, F ir G, kumarino darini\u0173, flavonoid\u0173, eterinio aliejaus, augalinio va\u0161ko, derv\u0173, krakmolo ir kit\u0173 komponent\u0173. D\u0117l sud\u0117tyje esan\u010di\u0173 eleuterozid\u0173 vaistas didina fizin\u012f ir protin\u012f darbingum\u0105, atsparum\u0105 nepalankiems aplinkos veiksniams, reg\u0117jimo a\u0161trum\u0105, gerina med\u017eiag\u0173 apykait\u0105, pasi\u017eymi ne\u017eymiu stimuliuojan\u010diu gonadotropiniu ir hipoglikeminiu poveikiu. Farmakokinetika. [&hellip;]<\/p>\n","protected":false},"featured_media":18736,"comment_status":"open","ping_status":"closed","template":"","meta":[],"product_brand":[],"product_cat":[217,220],"product_tag":[],"class_list":{"0":"post-18738","1":"product","2":"type-product","3":"status-publish","4":"has-post-thumbnail","6":"product_cat-sveikatos-prieziura","7":"product_cat-zarnyno-sveikata","9":"first","10":"instock","11":"shipping-taxable","12":"purchasable","13":"product-type-simple"},"_links":{"self":[{"href":"https:\/\/beautysba.co.uk\/lt\/wp-json\/wp\/v2\/product\/18738","targetHints":{"allow":["GET"]}}],"collection":[{"href":"https:\/\/beautysba.co.uk\/lt\/wp-json\/wp\/v2\/product"}],"about":[{"href":"https:\/\/beautysba.co.uk\/lt\/wp-json\/wp\/v2\/types\/product"}],"replies":[{"embeddable":true,"href":"https:\/\/beautysba.co.uk\/lt\/wp-json\/wp\/v2\/comments?post=18738"}],"wp:featuredmedia":[{"embeddable":true,"href":"https:\/\/beautysba.co.uk\/lt\/wp-json\/wp\/v2\/media\/18736"}],"wp:attachment":[{"href":"https:\/\/beautysba.co.uk\/lt\/wp-json\/wp\/v2\/media?parent=18738"}],"wp:term":[{"taxonomy":"product_brand","embeddable":true,"href":"https:\/\/beautysba.co.uk\/lt\/wp-json\/wp\/v2\/product_brand?post=18738"},{"taxonomy":"product_cat","embeddable":true,"href":"https:\/\/beautysba.co.uk\/lt\/wp-json\/wp\/v2\/product_cat?post=18738"},{"taxonomy":"product_tag","embeddable":true,"href":"https:\/\/beautysba.co.uk\/lt\/wp-json\/wp\/v2\/product_tag?post=18738"}],"curies":[{"name":"wp","href":"https:\/\/api.w.org\/{rel}","templated":true}]}}