{"id":18744,"date":"2026-01-19T09:35:21","date_gmt":"2026-01-19T09:35:21","guid":{"rendered":"https:\/\/beautysba.co.uk\/product\/sinaflan-tepalas-0025-po-15-g-tubelese\/"},"modified":"2026-01-19T09:39:16","modified_gmt":"2026-01-19T09:39:16","slug":"sinaflan-tepalas-0025-po-15-g-tubelese","status":"publish","type":"product","link":"https:\/\/beautysba.co.uk\/lt\/produktas\/sinaflan-tepalas-0025-po-15-g-tubelese\/","title":{"rendered":"Sinaflan tepalas 0,025 % po 15 g t\u016bbel\u0117se"},"content":{"rendered":"<p>&#8220;Sinaflan&#8221; &#8211; hormoninis tepalas i\u0161oriniam naudojimui, vartojamas \u016bmin\u0117ms ir l\u0117tin\u0117ms u\u017edegimin\u0117ms, alergin\u0117ms nemikrobin\u0117s etiologijos odos ligoms gydyti. Jis padeda sergant egzema, psoriaze, neurodermitais, sebor\u0117jiniu dermatitu, odos nie\u017euliu, nudegimais saul\u0117je ir vabzd\u017ei\u0173 \u012fkandimais, ma\u017eina u\u017edegim\u0105, nie\u017eul\u012f ir alergines reakcijas.   <\/p>\n<p>Pagrindin\u0117s vartojimo indikacijos:<br \/>\nDermatitas: atopinis, sebor\u0117jinis.<br \/>\nEgzema: \u012fvairios genez\u0117s.<br \/>\nPsoriaz\u0117 .<br \/>\nNeurodermatitas: (paprastas l\u0117tinis lich\u0117jas).<br \/>\nOdos nie\u017eulys .<br \/>\nAlerginis dermatitas .<br \/>\nNudegimai saul\u0117je, pirmojo laipsnio nudegimai .<br \/>\nVabzd\u017ei\u0173 \u012fkandimai .<br \/>\nVeikimo mechanizmas:<br \/>\nPrie\u0161u\u017edegiminis, antialerginis, antipruritinis poveikis .<br \/>\nMa\u017eina u\u017edegimin\u0117s odos reakcijos aprai\u0161kas.<br \/>\nSvarbu:<br \/>\nTai gliukokortikosteroidas (hormoninis vaistas).<br \/>\nPrie\u0161 vartojim\u0105 b\u016btina pasitarti su gydytoju ir perskaityti instrukcij\u0105, nes yra kontraindikacij\u0173 (infekcijos, n\u0117\u0161tumas, vaikai iki 2 met\u0173 ir kitos).  <\/p>\n","protected":false},"excerpt":{"rendered":"<p>&#8220;Sinaflan&#8221; &#8211; hormoninis tepalas i\u0161oriniam naudojimui, vartojamas \u016bmin\u0117ms ir l\u0117tin\u0117ms u\u017edegimin\u0117ms, alergin\u0117ms nemikrobin\u0117s etiologijos odos ligoms gydyti. Jis padeda sergant egzema, psoriaze, neurodermitais, sebor\u0117jiniu dermatitu, odos nie\u017euliu, nudegimais saul\u0117je ir vabzd\u017ei\u0173 \u012fkandimais, ma\u017eina u\u017edegim\u0105, nie\u017eul\u012f ir alergines reakcijas. Pagrindin\u0117s vartojimo indikacijos: Dermatitas: atopinis, sebor\u0117jinis. Egzema: \u012fvairios genez\u0117s. Psoriaz\u0117 . Neurodermatitas: (paprastas l\u0117tinis lich\u0117jas). Odos nie\u017eulys [&hellip;]<\/p>\n","protected":false},"featured_media":18742,"comment_status":"open","ping_status":"closed","template":"","meta":[],"product_brand":[],"product_cat":[218,217],"product_tag":[],"class_list":{"0":"post-18744","1":"product","2":"type-product","3":"status-publish","4":"has-post-thumbnail","6":"product_cat-kuno-prieziura","7":"product_cat-sveikatos-prieziura","9":"first","10":"instock","11":"shipping-taxable","12":"purchasable","13":"product-type-simple"},"_links":{"self":[{"href":"https:\/\/beautysba.co.uk\/lt\/wp-json\/wp\/v2\/product\/18744","targetHints":{"allow":["GET"]}}],"collection":[{"href":"https:\/\/beautysba.co.uk\/lt\/wp-json\/wp\/v2\/product"}],"about":[{"href":"https:\/\/beautysba.co.uk\/lt\/wp-json\/wp\/v2\/types\/product"}],"replies":[{"embeddable":true,"href":"https:\/\/beautysba.co.uk\/lt\/wp-json\/wp\/v2\/comments?post=18744"}],"wp:featuredmedia":[{"embeddable":true,"href":"https:\/\/beautysba.co.uk\/lt\/wp-json\/wp\/v2\/media\/18742"}],"wp:attachment":[{"href":"https:\/\/beautysba.co.uk\/lt\/wp-json\/wp\/v2\/media?parent=18744"}],"wp:term":[{"taxonomy":"product_brand","embeddable":true,"href":"https:\/\/beautysba.co.uk\/lt\/wp-json\/wp\/v2\/product_brand?post=18744"},{"taxonomy":"product_cat","embeddable":true,"href":"https:\/\/beautysba.co.uk\/lt\/wp-json\/wp\/v2\/product_cat?post=18744"},{"taxonomy":"product_tag","embeddable":true,"href":"https:\/\/beautysba.co.uk\/lt\/wp-json\/wp\/v2\/product_tag?post=18744"}],"curies":[{"name":"wp","href":"https:\/\/api.w.org\/{rel}","templated":true}]}}