{"id":18764,"date":"2026-01-23T12:55:43","date_gmt":"2026-01-23T12:55:43","guid":{"rendered":"https:\/\/beautysba.co.uk\/product\/%d1%81%d0%bf%d1%80%d0%b5%d0%b9-%d0%b4%d0%b5%d0%b7%d0%be%d0%b4%d0%be%d1%80%d0%b0%d0%bd%d1%82-%d0%b4%d0%bb%d1%8f-%d0%bd%d0%be%d0%b3-pharmlevel-%d1%82%d0%b5%d0%b9%d0%bc%d1%83%d1%80%d0%be%d0%b2%d0%b0-teim\/"},"modified":"2026-03-21T06:53:16","modified_gmt":"2026-03-21T06:53:16","slug":"%d1%81%d0%bf%d1%80%d0%b5%d0%b9-%d0%b4%d0%b5%d0%b7%d0%be%d0%b4%d0%be%d1%80%d0%b0%d0%bd%d1%82-%d0%b4%d0%bb%d1%8f-%d0%bd%d0%be%d0%b3-pharmlevel-%d1%82%d0%b5%d0%b9%d0%bc%d1%83%d1%80%d0%be%d0%b2%d0%b0-teim","status":"publish","type":"product","link":"https:\/\/beautysba.co.uk\/lt\/produktas\/%d1%81%d0%bf%d1%80%d0%b5%d0%b9-%d0%b4%d0%b5%d0%b7%d0%be%d0%b4%d0%be%d1%80%d0%b0%d0%bd%d1%82-%d0%b4%d0%bb%d1%8f-%d0%bd%d0%be%d0%b3-pharmlevel-%d1%82%d0%b5%d0%b9%d0%bc%d1%83%d1%80%d0%be%d0%b2%d0%b0-teim\/","title":{"rendered":"Pharmlevel Teimurova Teimurova Teimurova koj\u0173 pur\u0161kiamas dezodorantas nuo nemalonaus kvapo ir prakaito 100ml"},"content":{"rendered":"<p>&#8220;Teymurova&#8221; p\u0117d\u0173 pur\u0161kalas nuo prakaito ir nemalonaus kvapo yra veiksminga specializuota priemon\u0117, skirta nemaloniam p\u0117d\u0173 kvapui ir per dideliam prakaitavimui panaikinti.<\/p>\n<p>Dezodorantas nuo prakaito ir p\u0117d\u0173 kvapo &#8211; \u0161is &#8220;Teymurova&#8221; pur\u0161kalas yra idealus sprendimas tiems, kurie ken\u010dia nuo gausaus prakaitavimo ir nori i\u0161vengti nemalonaus kvapo. Naudojimas paprastas: tiesiog u\u017epurk\u0161kite pur\u0161kalo ant koj\u0173 ir leiskite jam i\u0161d\u017ei\u016bti. Dabar vis\u0105 dien\u0105 gal\u0117site m\u0117gautis sausumo ir gaivumo poj\u016b\u010diu.  <\/p>\n<p>Antiperspiranto gelis, dezodorantas, dezodorantas, desikantas &#8211; visi \u0161ie pavadinimai atspindi pagrindin\u0119 \u0161io gaminio paskirt\u012f: kovoti su koj\u0173 kvapu ir atsikratyti pernelyg didelio prakaitavimo. \u0160is p\u0117d\u0173 dezodorantas idealiai tinka vyrams ir moterims, padeda sukurti gaivumo ir komforto poj\u016bt\u012f. <\/p>\n<p>&#8220;pharmlevel&#8221; p\u0117d\u0173 kvapo pur\u0161kalas pasi\u017eymi veiksmingomis savyb\u0117mis, leid\u017eian\u010diomis susidoroti su nemalonaus kvapo problema net pa\u010diose netinkamiausiose situacijose. D\u0117l unikalios sud\u0117ties jis veiksmingai ma\u017eina prakaitavim\u0105 ir naikina nemalon\u0173 kvap\u0105, tod\u0117l j\u016bs\u0173 p\u0117dos vis\u0105 dien\u0105 bus gaivios ir sausos. <\/p>\n<p>\u0160is p\u0117d\u0173 dezodorantas antiperspirantas u\u017etikrina neprilygstam\u0105 apsaug\u0105 nuo prakaito ir nemalonaus kvapo. D\u0117l ypatingos sud\u0117ties jis veiksmingai naikina nemalon\u0173 kvap\u0105, apsaugo nuo prakaitavimo ir sukuria komforti\u0161k\u0105 p\u0117d\u0173 b\u016bkl\u0119. <\/p>\n<p>Jei ie\u0161kote patikimos priemon\u0117s nuo p\u0117d\u0173 nemalonaus kvapo ir prakaito, &#8220;Teymurova&#8221; pur\u0161kalas be aliuminio, paraben\u0173 ir alkoholio yra b\u016btent tai, ko jums reikia. Neatid\u0117liokite p\u0117d\u0173 prie\u017ei\u016bros problem\u0173 &#8211; i\u0161bandykite \u0161\u012f dezodorant\u0105 pur\u0161kal\u0105 i\u0161 &#8220;Green Dubrava&#8221; jau \u0161iandien ir m\u0117gaukit\u0117s gaiva bei komfortu kiekvien\u0105 dien\u0105. <\/p>\n","protected":false},"excerpt":{"rendered":"<p>&#8220;Teymurova&#8221; p\u0117d\u0173 pur\u0161kalas nuo prakaito ir nemalonaus kvapo yra veiksminga specializuota priemon\u0117, skirta nemaloniam p\u0117d\u0173 kvapui ir per dideliam prakaitavimui panaikinti. Dezodorantas nuo prakaito ir p\u0117d\u0173 kvapo &#8211; \u0161is &#8220;Teymurova&#8221; pur\u0161kalas yra idealus sprendimas tiems, kurie ken\u010dia nuo gausaus prakaitavimo ir nori i\u0161vengti nemalonaus kvapo. Naudojimas paprastas: tiesiog u\u017epurk\u0161kite pur\u0161kalo ant koj\u0173 ir leiskite jam [&hellip;]<\/p>\n","protected":false},"featured_media":18759,"comment_status":"open","ping_status":"closed","template":"","meta":[],"product_brand":[],"product_cat":[119,192,123,219,217],"product_tag":[],"class_list":{"0":"post-18764","1":"product","2":"type-product","3":"status-publish","4":"has-post-thumbnail","6":"product_cat-kuno-produktai","7":"product_cat-naujienos","8":"product_cat-pedu-prieziura","9":"product_cat-pedu-prieziura-lt","10":"product_cat-sveikatos-prieziura","12":"first","13":"instock","14":"shipping-taxable","15":"purchasable","16":"product-type-simple"},"_links":{"self":[{"href":"https:\/\/beautysba.co.uk\/lt\/wp-json\/wp\/v2\/product\/18764","targetHints":{"allow":["GET"]}}],"collection":[{"href":"https:\/\/beautysba.co.uk\/lt\/wp-json\/wp\/v2\/product"}],"about":[{"href":"https:\/\/beautysba.co.uk\/lt\/wp-json\/wp\/v2\/types\/product"}],"replies":[{"embeddable":true,"href":"https:\/\/beautysba.co.uk\/lt\/wp-json\/wp\/v2\/comments?post=18764"}],"wp:featuredmedia":[{"embeddable":true,"href":"https:\/\/beautysba.co.uk\/lt\/wp-json\/wp\/v2\/media\/18759"}],"wp:attachment":[{"href":"https:\/\/beautysba.co.uk\/lt\/wp-json\/wp\/v2\/media?parent=18764"}],"wp:term":[{"taxonomy":"product_brand","embeddable":true,"href":"https:\/\/beautysba.co.uk\/lt\/wp-json\/wp\/v2\/product_brand?post=18764"},{"taxonomy":"product_cat","embeddable":true,"href":"https:\/\/beautysba.co.uk\/lt\/wp-json\/wp\/v2\/product_cat?post=18764"},{"taxonomy":"product_tag","embeddable":true,"href":"https:\/\/beautysba.co.uk\/lt\/wp-json\/wp\/v2\/product_tag?post=18764"}],"curies":[{"name":"wp","href":"https:\/\/api.w.org\/{rel}","templated":true}]}}