{"id":18771,"date":"2026-01-23T12:59:02","date_gmt":"2026-01-23T12:59:02","guid":{"rendered":"https:\/\/beautysba.co.uk\/product\/%d0%ba%d1%80%d0%b5%d0%bc-%d0%b4%d0%bb%d1%8f-%d0%bd%d0%be%d0%b3-%d1%82%d0%b5%d0%b9%d0%bc%d1%83%d1%80%d0%be%d0%b2%d0%b0-teimurova-%d0%bf%d0%b0%d1%81%d1%82%d0%b0-%d0%be%d1%82-%d0%bf%d0%be%d1%82%d0%b0\/"},"modified":"2026-01-28T08:37:54","modified_gmt":"2026-01-28T08:37:54","slug":"%d0%ba%d1%80%d0%b5%d0%bc-%d0%b4%d0%bb%d1%8f-%d0%bd%d0%be%d0%b3-%d1%82%d0%b5%d0%b9%d0%bc%d1%83%d1%80%d0%be%d0%b2%d0%b0-teimurova-%d0%bf%d0%b0%d1%81%d1%82%d0%b0-%d0%be%d1%82-%d0%bf%d0%be%d1%82%d0%b0","status":"publish","type":"product","link":"https:\/\/beautysba.co.uk\/lt\/produktas\/%d0%ba%d1%80%d0%b5%d0%bc-%d0%b4%d0%bb%d1%8f-%d0%bd%d0%be%d0%b3-%d1%82%d0%b5%d0%b9%d0%bc%d1%83%d1%80%d0%be%d0%b2%d0%b0-teimurova-%d0%bf%d0%b0%d1%81%d1%82%d0%b0-%d0%be%d1%82-%d0%bf%d0%be%d1%82%d0%b0\/","title":{"rendered":"&#8220;Teimurova&#8221; p\u0117d\u0173 kremas &#8220;Teimurova&#8221; prakaito ir nemalonaus kvapo pasta 50 g"},"content":{"rendered":"<p>Koj\u0173 prakaito kremo pasta yra veiksminga ir patikima priemon\u0117, padedanti atsikratyti nemalonaus kvapo ir pernelyg didelio p\u0117d\u0173 prakaitavimo. Antibakterinis produktas sukurtas taip, kad u\u017etikrint\u0173 kuo patogesnes s\u0105lygas j\u016bs\u0173 p\u0117doms ir pa\u0161alint\u0173 nemalon\u0173 p\u0117d\u0173 kvap\u0105. P\u0117d\u0173 dezodorantas yra veiksmingas.  <\/p>\n<p>Teymura pasta, kuri yra pagrindin\u0117 aktyvioji kremo sudedamoji dalis, labai veiksmingai kovoja su nemaloniu kvapu ir prakaitavimu. \u0160i nat\u016brali sudedamoji dalis padeda pa\u0161alinti nemalon\u0173 kvap\u0105 ir i\u0161vengti pernelyg didelio prakaitavimo, suteikia gaivumo ir komforto ilgam &#8211; iki 24 valand\u0173. <\/p>\n<p>Papildoma p\u0117d\u0173 kremo sudedamoji dalis yra cinko pasta, turinti prie\u0161grybelini\u0173 ir prie\u0161u\u017edegimini\u0173 savybi\u0173. Ji apsaugo od\u0105 nuo \u012fvairi\u0173 infekcij\u0173, kurios gali atsirasti d\u0117l gausaus prakaitavimo. <\/p>\n<p>Ilgalaikis kremo naudojimas padeda i\u0161vengti grybelini\u0173 ir bakterini\u0173 infekcij\u0173, kurios taip pat gali sukelti nemalon\u0173 p\u0117d\u0173 kvap\u0105. Kita naudinga kremo sudedamoji dalis yra pediki\u016bro talkas, kuris u\u017etikrina vir\u0161utinio p\u0117d\u0173 odos sluoksnio \u0161veitim\u0105. D\u0117l to p\u0117d\u0173 oda i\u0161lieka sveika ir gerai pri\u017ei\u016br\u0117ta, taip pat i\u0161vengiama nemalonaus bat\u0173 ir kojini\u0173 kvapo.  <\/p>\n<p>P\u0117d\u0173 talkas nuo prakaito ir nemalonaus kvapo padeda pagerinti bendr\u0105 p\u0117d\u0173 odos b\u016bkl\u0119 ir padaryti j\u0105 \u0161velni\u0105. Kremin\u0117 pasta specialiai sukurta naudoti nak\u010diai. <\/p>\n<p>Prie\u0161 mieg\u0105 plonu kremo sluoksniu patepkite \u0161vari\u0105 ir saus\u0105 p\u0117d\u0173 od\u0105, \u0161velniai \u012ftrinkite masa\u017euojamaisiais judesiais. Kad pasiektum\u0117te geriausi\u0173 rezultat\u0173, proced\u016br\u0105 kartokite kasdien. Kremas tinka vis\u0173 tip\u0173 odai. \u0160velnios tekst\u016bros dezodorantin\u0117 pasta greitai \u012fsigeria, nepalikdama lipnumo ar riebumo poj\u016b\u010dio.   <\/p>\n<p>&#8220;Teymurova&#8221; kremas yra malonaus aromato ir netrikdo kvepal\u0173 kvapo.<\/p>\n","protected":false},"excerpt":{"rendered":"<p>Koj\u0173 prakaito kremo pasta yra veiksminga ir patikima priemon\u0117, padedanti atsikratyti nemalonaus kvapo ir pernelyg didelio p\u0117d\u0173 prakaitavimo. Antibakterinis produktas sukurtas taip, kad u\u017etikrint\u0173 kuo patogesnes s\u0105lygas j\u016bs\u0173 p\u0117doms ir pa\u0161alint\u0173 nemalon\u0173 p\u0117d\u0173 kvap\u0105. P\u0117d\u0173 dezodorantas yra veiksmingas. Teymura pasta, kuri yra pagrindin\u0117 aktyvioji kremo sudedamoji dalis, labai veiksmingai kovoja su nemaloniu kvapu ir prakaitavimu. [&hellip;]<\/p>\n","protected":false},"featured_media":18768,"comment_status":"open","ping_status":"closed","template":"","meta":[],"product_brand":[],"product_cat":[119,192,219,123,217],"product_tag":[],"class_list":{"0":"post-18771","1":"product","2":"type-product","3":"status-publish","4":"has-post-thumbnail","6":"product_cat-kuno-produktai","7":"product_cat-naujienos","8":"product_cat-pedu-prieziura-lt","9":"product_cat-pedu-prieziura","10":"product_cat-sveikatos-prieziura","12":"first","13":"instock","14":"shipping-taxable","15":"purchasable","16":"product-type-simple"},"_links":{"self":[{"href":"https:\/\/beautysba.co.uk\/lt\/wp-json\/wp\/v2\/product\/18771","targetHints":{"allow":["GET"]}}],"collection":[{"href":"https:\/\/beautysba.co.uk\/lt\/wp-json\/wp\/v2\/product"}],"about":[{"href":"https:\/\/beautysba.co.uk\/lt\/wp-json\/wp\/v2\/types\/product"}],"replies":[{"embeddable":true,"href":"https:\/\/beautysba.co.uk\/lt\/wp-json\/wp\/v2\/comments?post=18771"}],"wp:featuredmedia":[{"embeddable":true,"href":"https:\/\/beautysba.co.uk\/lt\/wp-json\/wp\/v2\/media\/18768"}],"wp:attachment":[{"href":"https:\/\/beautysba.co.uk\/lt\/wp-json\/wp\/v2\/media?parent=18771"}],"wp:term":[{"taxonomy":"product_brand","embeddable":true,"href":"https:\/\/beautysba.co.uk\/lt\/wp-json\/wp\/v2\/product_brand?post=18771"},{"taxonomy":"product_cat","embeddable":true,"href":"https:\/\/beautysba.co.uk\/lt\/wp-json\/wp\/v2\/product_cat?post=18771"},{"taxonomy":"product_tag","embeddable":true,"href":"https:\/\/beautysba.co.uk\/lt\/wp-json\/wp\/v2\/product_tag?post=18771"}],"curies":[{"name":"wp","href":"https:\/\/api.w.org\/{rel}","templated":true}]}}