{"id":18785,"date":"2026-01-28T07:35:25","date_gmt":"2026-01-28T07:35:25","guid":{"rendered":"https:\/\/beautysba.co.uk\/product\/%d0%bb%d0%b8%d0%bd%d0%b5%d0%ba%d1%81-%d0%b1%d1%8d%d0%b1%d0%b8-%d0%bf%d0%be%d1%80%d0%be%d1%88%d0%be%d0%ba-%d0%b4%d0%bb%d1%8f-%d1%81%d1%83%d1%81%d0%bf%d0%b5%d0%bd%d0%b7%d0%b8%d0%b8-n10-linex-baby\/"},"modified":"2026-02-10T07:19:02","modified_gmt":"2026-02-10T07:19:02","slug":"%d0%bb%d0%b8%d0%bd%d0%b5%d0%ba%d1%81-%d0%b1%d1%8d%d0%b1%d0%b8-%d0%bf%d0%be%d1%80%d0%be%d1%88%d0%be%d0%ba-%d0%b4%d0%bb%d1%8f-%d1%81%d1%83%d1%81%d0%bf%d0%b5%d0%bd%d0%b7%d0%b8%d0%b8-n10-linex-baby","status":"publish","type":"product","link":"https:\/\/beautysba.co.uk\/lt\/produktas\/%d0%bb%d0%b8%d0%bd%d0%b5%d0%ba%d1%81-%d0%b1%d1%8d%d0%b1%d0%b8-%d0%bf%d0%be%d1%80%d0%be%d1%88%d0%be%d0%ba-%d0%b4%d0%bb%d1%8f-%d1%81%d1%83%d1%81%d0%bf%d0%b5%d0%bd%d0%b7%d0%b8%d0%b8-n10-linex-baby\/","title":{"rendered":"Linex Baby milteliai suspensijai N10 Linex Baby"},"content":{"rendered":"<p>&#8220;Linex Baby&#8221; tikrai padeda nuo diegli\u0173 ir po antibiotik\u0173. J\u012f galima vartoti nuo pirm\u0173j\u0173 gyvenimo dien\u0173, be skonio ir nereikaling\u0173 chemini\u0173 med\u017eiag\u0173 &#8211; tik naudingos bakterijos k\u016bdikio pilvukui. <\/p>\n<p>Kai k\u016bdikio pilvukas ramus, namuose jis i\u0161kart b\u016bna ramesnis ir laimingesnis \ud83d\ude0a<\/p>\n<p>\u203c\ufe0f \ud83d\udc76 Tinka nuo pat gimimo &#8211; k\u016bdikiams galima duoti nuo pirmos gyvenimo dienos. \ufffc<\/p>\n<p>\ud83d\udc76 Vaikams iki 2 met\u0173 &#8211; 1 paket\u0117lis\/1 kart\u0105 per dien\u0105 (arba la\u0161inti pagal nurodymus). \ufffc<\/p>\n<p>\ud83d\udc66 Vaikams nuo 2 iki 12 met\u0173 &#8211; po 1 paket\u0117l\u012f 1-2 kartus per dien\u0105 pagal nurodymus.<\/p>\n","protected":false},"excerpt":{"rendered":"<p>&#8220;Linex Baby&#8221; tikrai padeda nuo diegli\u0173 ir po antibiotik\u0173. J\u012f galima vartoti nuo pirm\u0173j\u0173 gyvenimo dien\u0173, be skonio ir nereikaling\u0173 chemini\u0173 med\u017eiag\u0173 &#8211; tik naudingos bakterijos k\u016bdikio pilvukui. Kai k\u016bdikio pilvukas ramus, namuose jis i\u0161kart b\u016bna ramesnis ir laimingesnis \ud83d\ude0a \u203c\ufe0f \ud83d\udc76 Tinka nuo pat gimimo &#8211; k\u016bdikiams galima duoti nuo pirmos gyvenimo dienos. \ufffc [&hellip;]<\/p>\n","protected":false},"featured_media":18783,"comment_status":"open","ping_status":"closed","template":"","meta":[],"product_brand":[],"product_cat":[333,217,220],"product_tag":[],"class_list":{"0":"post-18785","1":"product","2":"type-product","3":"status-publish","4":"has-post-thumbnail","6":"product_cat-persalimo-ligoms-ir-psichinei-sveikatai","7":"product_cat-sveikatos-prieziura","8":"product_cat-zarnyno-sveikata","10":"first","11":"instock","12":"shipping-taxable","13":"purchasable","14":"product-type-simple"},"_links":{"self":[{"href":"https:\/\/beautysba.co.uk\/lt\/wp-json\/wp\/v2\/product\/18785","targetHints":{"allow":["GET"]}}],"collection":[{"href":"https:\/\/beautysba.co.uk\/lt\/wp-json\/wp\/v2\/product"}],"about":[{"href":"https:\/\/beautysba.co.uk\/lt\/wp-json\/wp\/v2\/types\/product"}],"replies":[{"embeddable":true,"href":"https:\/\/beautysba.co.uk\/lt\/wp-json\/wp\/v2\/comments?post=18785"}],"wp:featuredmedia":[{"embeddable":true,"href":"https:\/\/beautysba.co.uk\/lt\/wp-json\/wp\/v2\/media\/18783"}],"wp:attachment":[{"href":"https:\/\/beautysba.co.uk\/lt\/wp-json\/wp\/v2\/media?parent=18785"}],"wp:term":[{"taxonomy":"product_brand","embeddable":true,"href":"https:\/\/beautysba.co.uk\/lt\/wp-json\/wp\/v2\/product_brand?post=18785"},{"taxonomy":"product_cat","embeddable":true,"href":"https:\/\/beautysba.co.uk\/lt\/wp-json\/wp\/v2\/product_cat?post=18785"},{"taxonomy":"product_tag","embeddable":true,"href":"https:\/\/beautysba.co.uk\/lt\/wp-json\/wp\/v2\/product_tag?post=18785"}],"curies":[{"name":"wp","href":"https:\/\/api.w.org\/{rel}","templated":true}]}}