{"id":18791,"date":"2026-01-28T07:37:58","date_gmt":"2026-01-28T07:37:58","guid":{"rendered":"https:\/\/beautysba.co.uk\/product\/%d0%bb%d0%b8%d0%bd%d0%b5%d0%ba%d1%81-%d0%ba%d0%b0%d0%bf%d1%81%d1%83%d0%bb%d1%8b-n32\/"},"modified":"2026-02-10T07:19:32","modified_gmt":"2026-02-10T07:19:32","slug":"%d0%bb%d0%b8%d0%bd%d0%b5%d0%ba%d1%81-%d0%ba%d0%b0%d0%bf%d1%81%d1%83%d0%bb%d1%8b-n32","status":"publish","type":"product","link":"https:\/\/beautysba.co.uk\/lt\/produktas\/%d0%bb%d0%b8%d0%bd%d0%b5%d0%ba%d1%81-%d0%ba%d0%b0%d0%bf%d1%81%d1%83%d0%bb%d1%8b-n32\/","title":{"rendered":"&#8220;Linex&#8221; kapsul\u0117s N32"},"content":{"rendered":"<p>Linex\u00ae yra kombinuotas preparatas, kurio sud\u0117tyje yra 3 skirting\u0173 r\u016b\u0161i\u0173 liofilizuot\u0173 gyvybing\u0173 pieno r\u016bg\u0161ties bakterij\u0173 i\u0161 skirting\u0173 \u017earnyno dali\u0173, kurios yra normalios \u017earnyno floros dalis ir palaiko bei reguliuoja fiziologin\u0119 \u017earnyno mikrofloros pusiausvyr\u0105. \u0160i\u0173 mikroorganizm\u0173 prevencinis ir gydomasis poveikis u\u017etikrinamas skirtingais mechanizmais: <\/p>\n<p>d\u0117l laktoz\u0117s fermentacijos pH tampa r\u016bg\u0161tesnis. R\u016bg\u0161ti aplinka slopina patogenini\u0173 ir s\u0105lygi\u0161kai patogenini\u0173 bakterij\u0173 augim\u0105 ir u\u017etikrina optimal\u0173 vir\u0161kinimo ferment\u0173 veikim\u0105;<br \/>\npieno r\u016bg\u0161ties bakterijos sintetina vitaminus B1, B2, B6, B12 ir vitamin\u0105 K;<br \/>\ndalyvauja tul\u017eies r\u016bg\u0161\u010di\u0173 ir tul\u017eies pigment\u0173 apykaitoje;<br \/>\nneleid\u017eia patogeniniams mikroorganizmams prilipti prie \u017earnyno sienel\u0117s;<br \/>\nsintetina antibakterinio poveikio med\u017eiagas (bakteriocinus);<br \/>\nskatina humoralin\u012f ir vietin\u012f imunitet\u0105 \u017earnyne.<br \/>\nPieno r\u016bg\u0161ties bakterij\u0173 pusiausvyr\u0105 sutrikdyti gali \u012fvairios prie\u017eastys (virusin\u0117s ir bakterin\u0117s infekcijos, kelion\u0117s \u012f u\u017esien\u012f, plataus spektro antibiotik\u0173 ir chemoterapini\u0173 preparat\u0173 vartojimas, pilvo ir dubens organ\u0173 \u0161vitinimas). <\/p>\n<p>Naujagimiams normali \u017earnyno mikroflora gali susiformuoti pav\u0117luotai. Visa tai gali sukelti vir\u0161kinamojo trakto sutrikim\u0173, kuriuos gali lyd\u0117ti viduri\u0173 p\u016btimas, viduriavimas ir viduri\u0173 u\u017ekiet\u0117jimas. <\/p>\n<p>&#8220;Linex\u00ae&#8221; kapsuli\u0173 vartojimas padeda palaikyti normali\u0105 \u017earnyno mikroflor\u0105 ir atkurti sutrikusi\u0105 mikroorganizm\u0173 pusiausvyr\u0105 \u017earnyne.<\/p>\n","protected":false},"excerpt":{"rendered":"<p>Linex\u00ae yra kombinuotas preparatas, kurio sud\u0117tyje yra 3 skirting\u0173 r\u016b\u0161i\u0173 liofilizuot\u0173 gyvybing\u0173 pieno r\u016bg\u0161ties bakterij\u0173 i\u0161 skirting\u0173 \u017earnyno dali\u0173, kurios yra normalios \u017earnyno floros dalis ir palaiko bei reguliuoja fiziologin\u0119 \u017earnyno mikrofloros pusiausvyr\u0105. \u0160i\u0173 mikroorganizm\u0173 prevencinis ir gydomasis poveikis u\u017etikrinamas skirtingais mechanizmais: d\u0117l laktoz\u0117s fermentacijos pH tampa r\u016bg\u0161tesnis. R\u016bg\u0161ti aplinka slopina patogenini\u0173 ir s\u0105lygi\u0161kai patogenini\u0173 [&hellip;]<\/p>\n","protected":false},"featured_media":18789,"comment_status":"open","ping_status":"closed","template":"","meta":[],"product_brand":[],"product_cat":[333,217,220],"product_tag":[],"class_list":{"0":"post-18791","1":"product","2":"type-product","3":"status-publish","4":"has-post-thumbnail","6":"product_cat-persalimo-ligoms-ir-psichinei-sveikatai","7":"product_cat-sveikatos-prieziura","8":"product_cat-zarnyno-sveikata","10":"first","11":"instock","12":"shipping-taxable","13":"purchasable","14":"product-type-simple"},"_links":{"self":[{"href":"https:\/\/beautysba.co.uk\/lt\/wp-json\/wp\/v2\/product\/18791","targetHints":{"allow":["GET"]}}],"collection":[{"href":"https:\/\/beautysba.co.uk\/lt\/wp-json\/wp\/v2\/product"}],"about":[{"href":"https:\/\/beautysba.co.uk\/lt\/wp-json\/wp\/v2\/types\/product"}],"replies":[{"embeddable":true,"href":"https:\/\/beautysba.co.uk\/lt\/wp-json\/wp\/v2\/comments?post=18791"}],"wp:featuredmedia":[{"embeddable":true,"href":"https:\/\/beautysba.co.uk\/lt\/wp-json\/wp\/v2\/media\/18789"}],"wp:attachment":[{"href":"https:\/\/beautysba.co.uk\/lt\/wp-json\/wp\/v2\/media?parent=18791"}],"wp:term":[{"taxonomy":"product_brand","embeddable":true,"href":"https:\/\/beautysba.co.uk\/lt\/wp-json\/wp\/v2\/product_brand?post=18791"},{"taxonomy":"product_cat","embeddable":true,"href":"https:\/\/beautysba.co.uk\/lt\/wp-json\/wp\/v2\/product_cat?post=18791"},{"taxonomy":"product_tag","embeddable":true,"href":"https:\/\/beautysba.co.uk\/lt\/wp-json\/wp\/v2\/product_tag?post=18791"}],"curies":[{"name":"wp","href":"https:\/\/api.w.org\/{rel}","templated":true}]}}