{"id":18797,"date":"2026-01-28T07:41:51","date_gmt":"2026-01-28T07:41:51","guid":{"rendered":"https:\/\/beautysba.co.uk\/product\/%d1%8d%d0%bd%d1%82%d0%b5%d1%80%d0%be%d0%b6%d0%b5%d1%80%d0%bc%d0%b8%d0%bd%d0%b0-%d1%81%d1%83%d1%81%d0%bf%d0%b5%d0%bd%d0%b7%d0%b8%d1%8f-%d0%bf%d0%be-5-%d0%bc%d0%bb-%e2%84%9620-10%d1%852\/"},"modified":"2026-01-28T08:37:55","modified_gmt":"2026-01-28T08:37:55","slug":"%d1%8d%d0%bd%d1%82%d0%b5%d1%80%d0%be%d0%b6%d0%b5%d1%80%d0%bc%d0%b8%d0%bd%d0%b0-%d1%81%d1%83%d1%81%d0%bf%d0%b5%d0%bd%d0%b7%d0%b8%d1%8f-%d0%bf%d0%be-5-%d0%bc%d0%bb-%e2%84%9620-10%d1%852","status":"publish","type":"product","link":"https:\/\/beautysba.co.uk\/lt\/produktas\/%d1%8d%d0%bd%d1%82%d0%b5%d1%80%d0%be%d0%b6%d0%b5%d1%80%d0%bc%d0%b8%d0%bd%d0%b0-%d1%81%d1%83%d1%81%d0%bf%d0%b5%d0%bd%d0%b7%d0%b8%d1%8f-%d0%bf%d0%be-5-%d0%bc%d0%bb-%e2%84%9620-10%d1%852\/","title":{"rendered":"Enterogermina suspensija 5 ml Nr. 20 (10&#215;2)"},"content":{"rendered":"<p>Enterojermina\u00ae yra 4 Bacillus clausii padermi\u0173 (SIN, O\/C, T, N\/R) spor\u0173, kuri\u0173 paprastai yra \u017earnyne ir kurios n\u0117ra patogeni\u0161kos, suspensija.<\/p>\n<p>Sporos i\u0161 prigimties gali toleruoti auk\u0161t\u0105 temperat\u016br\u0105 ir skrand\u017eio r\u016bg\u0161tingum\u0105. Patvirtintame in vitro modelyje Bacillus clausii sporos sugeb\u0117jo i\u0161gyventi skrand\u017eio aplink\u0105 imituojan\u010diame modelyje (pH 1,4-1,5) iki 120 minu\u010di\u0173 (i\u0161gyvenamumas 96 %). \u017darnyno aplink\u0105 imituojan\u010diame modelyje (tul\u017eies ir pankreatino fiziologinis tirpalas &#8211; pH 8) Bacillus clausii sporos \u012frod\u0117 geb\u0117jim\u0105 statisti\u0161kai reik\u0161mingai daugintis (nuo 109 iki 1012 kolonijas sudaran\u010di\u0173 vienet\u0173 (CFU)), pradedant nuo 240 minu\u010di\u0173 po inkubacijos. Atliekant tyrim\u0105, kuriame dalyvavo 20 dalyvi\u0173, pasteb\u0117ta, kad \u017emon\u0117ms Bacillus clausii sporos nuolat gyvena \u017earnyne ir gali b\u016bti aptinkamos i\u0161matose iki 12 dien\u0173 po vienkartinio oralinio suvartojimo.   <\/p>\n<p>D\u0117l Bacillus clausii poveikio vaistas atkuria d\u0117l medikamentinio gydymo pakitusi\u0105 \u017earnyno mikroflor\u0105, d\u0117l kurios atsirado disbakterioz\u0117 (dar vadinama disbioze), kuri taip pat gali b\u016bti susijusi su tokiais vir\u0161kinamojo trakto simptomais kaip viduriavimas, pilvo skausmas ir viduri\u0173 p\u016btimas. Be to, d\u0117l Bacillus clausii geb\u0117jimo sintetinti \u012fvairius vitaminus, ypa\u010d B grup\u0117s vitaminus, vaistas padeda koreguoti disvitaminoz\u0119, kuri\u0105 suk\u0117l\u0117 antibiotik\u0173 ar chemoterapini\u0173 vaist\u0173 vartojimas. D\u0117l Bacillus clausii metabolinio aktyvumo vaisto vartojimas leid\u017eia pasiekti nespecifin\u012f antigenin\u012f ir antitoksin\u012f poveik\u012f.  <\/p>\n<p>D\u0117l didelio atsparumo chemin\u0117ms ir fizikin\u0117ms med\u017eiagoms Bacillus clausii sporos per skrand\u017eio sul\u010di\u0173 barjer\u0105 nesugadintos patenka \u012f \u017earnyn\u0105, kur virsta metaboli\u0161kai aktyviomis vegetatyvin\u0117mis l\u0105stel\u0117mis.<\/p>\n<p>Dviej\u0173 atvir\u0173 atsitiktini\u0173 im\u010di\u0173 kontroliuojam\u0173 klinikini\u0173 tyrim\u0173 metu \u012frodyta, kad Enterogermina\u00ae sutrumpino \u016bmaus viduriavimo trukm\u0119 6 m\u0117nesi\u0173 ir vyresniems vaikams.<\/p>\n<p>Gydymo antibiotikais metu ir kitas 7-10 dien\u0173 vartojant Enterojermina\u00ae suma\u017e\u0117jo pilvo skausm\u0173 ir viduriavimo, susijusi\u0173 su gydymu antibiotikais, da\u017enumas.<\/p>\n","protected":false},"excerpt":{"rendered":"<p>Enterojermina\u00ae yra 4 Bacillus clausii padermi\u0173 (SIN, O\/C, T, N\/R) spor\u0173, kuri\u0173 paprastai yra \u017earnyne ir kurios n\u0117ra patogeni\u0161kos, suspensija. Sporos i\u0161 prigimties gali toleruoti auk\u0161t\u0105 temperat\u016br\u0105 ir skrand\u017eio r\u016bg\u0161tingum\u0105. Patvirtintame in vitro modelyje Bacillus clausii sporos sugeb\u0117jo i\u0161gyventi skrand\u017eio aplink\u0105 imituojan\u010diame modelyje (pH 1,4-1,5) iki 120 minu\u010di\u0173 (i\u0161gyvenamumas 96 %). \u017darnyno aplink\u0105 imituojan\u010diame modelyje [&hellip;]<\/p>\n","protected":false},"featured_media":18795,"comment_status":"open","ping_status":"closed","template":"","meta":[],"product_brand":[],"product_cat":[217,220],"product_tag":[],"class_list":{"0":"post-18797","1":"product","2":"type-product","3":"status-publish","4":"has-post-thumbnail","6":"product_cat-sveikatos-prieziura","7":"product_cat-zarnyno-sveikata","9":"first","10":"instock","11":"shipping-taxable","12":"purchasable","13":"product-type-simple"},"_links":{"self":[{"href":"https:\/\/beautysba.co.uk\/lt\/wp-json\/wp\/v2\/product\/18797","targetHints":{"allow":["GET"]}}],"collection":[{"href":"https:\/\/beautysba.co.uk\/lt\/wp-json\/wp\/v2\/product"}],"about":[{"href":"https:\/\/beautysba.co.uk\/lt\/wp-json\/wp\/v2\/types\/product"}],"replies":[{"embeddable":true,"href":"https:\/\/beautysba.co.uk\/lt\/wp-json\/wp\/v2\/comments?post=18797"}],"wp:featuredmedia":[{"embeddable":true,"href":"https:\/\/beautysba.co.uk\/lt\/wp-json\/wp\/v2\/media\/18795"}],"wp:attachment":[{"href":"https:\/\/beautysba.co.uk\/lt\/wp-json\/wp\/v2\/media?parent=18797"}],"wp:term":[{"taxonomy":"product_brand","embeddable":true,"href":"https:\/\/beautysba.co.uk\/lt\/wp-json\/wp\/v2\/product_brand?post=18797"},{"taxonomy":"product_cat","embeddable":true,"href":"https:\/\/beautysba.co.uk\/lt\/wp-json\/wp\/v2\/product_cat?post=18797"},{"taxonomy":"product_tag","embeddable":true,"href":"https:\/\/beautysba.co.uk\/lt\/wp-json\/wp\/v2\/product_tag?post=18797"}],"curies":[{"name":"wp","href":"https:\/\/api.w.org\/{rel}","templated":true}]}}