{"id":18803,"date":"2026-01-28T07:46:01","date_gmt":"2026-01-28T07:46:01","guid":{"rendered":"https:\/\/beautysba.co.uk\/product\/%d1%8d%d0%bd%d1%82%d0%b5%d1%80%d0%be%d0%b6%d0%b5%d1%80%d0%bc%d0%b8%d0%bd%d0%b0-%d1%81%d1%83%d1%81%d0%bf%d0%b5%d0%bd%d0%b7%d0%b8%d1%8f-%d0%bf%d0%be-5-%d0%bc%d0%bb-10-%d1%88%d1%82\/"},"modified":"2026-01-28T08:37:44","modified_gmt":"2026-01-28T08:37:44","slug":"%d1%8d%d0%bd%d1%82%d0%b5%d1%80%d0%be%d0%b6%d0%b5%d1%80%d0%bc%d0%b8%d0%bd%d0%b0-%d1%81%d1%83%d1%81%d0%bf%d0%b5%d0%bd%d0%b7%d0%b8%d1%8f-%d0%bf%d0%be-5-%d0%bc%d0%bb-10-%d1%88%d1%82","status":"publish","type":"product","link":"https:\/\/beautysba.co.uk\/lt\/produktas\/%d1%8d%d0%bd%d1%82%d0%b5%d1%80%d0%be%d0%b6%d0%b5%d1%80%d0%bc%d0%b8%d0%bd%d0%b0-%d1%81%d1%83%d1%81%d0%bf%d0%b5%d0%bd%d0%b7%d0%b8%d1%8f-%d0%bf%d0%be-5-%d0%bc%d0%bb-10-%d1%88%d1%82\/","title":{"rendered":"Enterogermina suspensija 5 ml, 10 vnt."},"content":{"rendered":"<p>Enterojermina\u00ae yra vaistinis preparatas, kurio sud\u0117tyje yra Bacillus clausii spor\u0173, randam\u0173 \u017earnyne ir neturin\u010di\u0173 patogenini\u0173 savybi\u0173.<br \/>\nFarmakoterapin\u0117 grup\u0117: mikroorganizmai nuo viduriavimo.<br \/>\nEnterogermina\u00ae vartojama:<br \/>\n&#8211; \u017earnyno disbakterioz\u0117s &#8211; \u017earnyno mikrofloros poky\u010di\u0173, pasirei\u0161kian\u010di\u0173 kaip \u017earnyno sutrikimai, profilaktikai ir gydymui: viduriavimu, pilvo skausmu ir pilvo p\u016btimu, taip pat vitamin\u0173 tr\u016bkumu, atsirandan\u010diu d\u0117l normalios \u017earnyno mikrofloros pusiausvyros sutrikim\u0173 (endogenin\u0117 avitaminoz\u0117);<br \/>\n&#8211; gydymui, siekiant atkurti \u017earnyno mikroflor\u0105, pakitusi\u0105 gydant antibiotikais ar chemoterapiniais preparatais;<br \/>\n&#8211; suaugusi\u0173j\u0173 ir vaik\u0173 (\u012fskaitant k\u016bdikius) \u016bmi\u0173 ar l\u0117tini\u0173 vir\u0161kinimo trakto sutrikim\u0173, \u012fskaitant viduriavim\u0105, susijusi\u0173 su apsinuodijimu, \u017earnyno mikrofloros normalios pusiausvyros sutrikimu (\u017earnyno disbakterioz\u0117) ir vitamin\u0173 tr\u016bkumu organizme (avitaminoz\u0117), gydymas.<br \/>\n\u017darnyno bakterin\u0117 flora yra nat\u016bralus apsauginis barjeras nuo patogenini\u0173 bakterij\u0173. Jos pusiausvyr\u0105 gali sutrikdyti \u017earnyno infekcijos, apsinuodijimas, valgymo sutrikimai, mitybos poky\u010diai ar antibiotik\u0173 vartojimas.<br \/>\nJei po trumpo gydymo nepasteb\u0117jote pager\u0117jimo arba simptomai pablog\u0117jo, kreipkit\u0117s \u012f gydytoj\u0105.<br \/>\nKontraindikacijos<br \/>\nNevartokite Enterojermina\u00ae, jei esate alergi\u0161ki antibiotikams atspari\u0173 Bacillus clausii sporoms. <\/p>\n","protected":false},"excerpt":{"rendered":"<p>Enterojermina\u00ae yra vaistinis preparatas, kurio sud\u0117tyje yra Bacillus clausii spor\u0173, randam\u0173 \u017earnyne ir neturin\u010di\u0173 patogenini\u0173 savybi\u0173. Farmakoterapin\u0117 grup\u0117: mikroorganizmai nuo viduriavimo. Enterogermina\u00ae vartojama: &#8211; \u017earnyno disbakterioz\u0117s &#8211; \u017earnyno mikrofloros poky\u010di\u0173, pasirei\u0161kian\u010di\u0173 kaip \u017earnyno sutrikimai, profilaktikai ir gydymui: viduriavimu, pilvo skausmu ir pilvo p\u016btimu, taip pat vitamin\u0173 tr\u016bkumu, atsirandan\u010diu d\u0117l normalios \u017earnyno mikrofloros pusiausvyros sutrikim\u0173 (endogenin\u0117 [&hellip;]<\/p>\n","protected":false},"featured_media":18801,"comment_status":"open","ping_status":"closed","template":"","meta":[],"product_brand":[],"product_cat":[217,220],"product_tag":[],"class_list":{"0":"post-18803","1":"product","2":"type-product","3":"status-publish","4":"has-post-thumbnail","6":"product_cat-sveikatos-prieziura","7":"product_cat-zarnyno-sveikata","9":"first","10":"instock","11":"shipping-taxable","12":"purchasable","13":"product-type-simple"},"_links":{"self":[{"href":"https:\/\/beautysba.co.uk\/lt\/wp-json\/wp\/v2\/product\/18803","targetHints":{"allow":["GET"]}}],"collection":[{"href":"https:\/\/beautysba.co.uk\/lt\/wp-json\/wp\/v2\/product"}],"about":[{"href":"https:\/\/beautysba.co.uk\/lt\/wp-json\/wp\/v2\/types\/product"}],"replies":[{"embeddable":true,"href":"https:\/\/beautysba.co.uk\/lt\/wp-json\/wp\/v2\/comments?post=18803"}],"wp:featuredmedia":[{"embeddable":true,"href":"https:\/\/beautysba.co.uk\/lt\/wp-json\/wp\/v2\/media\/18801"}],"wp:attachment":[{"href":"https:\/\/beautysba.co.uk\/lt\/wp-json\/wp\/v2\/media?parent=18803"}],"wp:term":[{"taxonomy":"product_brand","embeddable":true,"href":"https:\/\/beautysba.co.uk\/lt\/wp-json\/wp\/v2\/product_brand?post=18803"},{"taxonomy":"product_cat","embeddable":true,"href":"https:\/\/beautysba.co.uk\/lt\/wp-json\/wp\/v2\/product_cat?post=18803"},{"taxonomy":"product_tag","embeddable":true,"href":"https:\/\/beautysba.co.uk\/lt\/wp-json\/wp\/v2\/product_tag?post=18803"}],"curies":[{"name":"wp","href":"https:\/\/api.w.org\/{rel}","templated":true}]}}