{"id":18809,"date":"2026-01-28T07:51:22","date_gmt":"2026-01-28T07:51:22","guid":{"rendered":"https:\/\/beautysba.co.uk\/product\/%d0%be%d0%bc%d0%b5%d0%bf%d1%80%d0%b0%d0%b7%d0%be%d0%bb-%d1%82%d0%b5%d0%b2%d0%b0-20-%d0%bc%d0%b3-%d0%ba%d0%b0%d0%bf%d1%81%d1%83%d0%bb%d0%b8-n30\/"},"modified":"2026-01-28T08:37:48","modified_gmt":"2026-01-28T08:37:48","slug":"%d0%be%d0%bc%d0%b5%d0%bf%d1%80%d0%b0%d0%b7%d0%be%d0%bb-%d1%82%d0%b5%d0%b2%d0%b0-20-%d0%bc%d0%b3-%d0%ba%d0%b0%d0%bf%d1%81%d1%83%d0%bb%d0%b8-n30","status":"publish","type":"product","link":"https:\/\/beautysba.co.uk\/lt\/produktas\/%d0%be%d0%bc%d0%b5%d0%bf%d1%80%d0%b0%d0%b7%d0%be%d0%bb-%d1%82%d0%b5%d0%b2%d0%b0-20-%d0%bc%d0%b3-%d0%ba%d0%b0%d0%bf%d1%81%d1%83%d0%bb%d0%b8-n30\/","title":{"rendered":"Omeprazolas-Teva 20 mg kapsul\u0117s N30"},"content":{"rendered":"<p>Omeprazolas yra proton\u0173 siurblio inhibitori\u0173 (PPI) grupei priklausantis vaistas nuo opalig\u0117s, skirtas suma\u017einti druskos r\u016bg\u0161ties gamyb\u0105 skrandyje. Jis vartojamas skrand\u017eio ir dvylikapir\u0161t\u0117s \u017earnos opaligei, GERL (r\u0117muo, refliuksas), eroziniam ezofagitui, Zollingerio-Ellisono sindromui gydyti, taip pat gleivinei apsaugoti vartojant NVNU ir Helicobacter pylori eradikacijai.<br \/>\nPagrindin\u0117s vartojimo indikacijos:<br \/>\nPepsin\u0117 opa: skrand\u017eio ir dvylikapir\u0161t\u0117s \u017earnos opos pa\u016bm\u0117jimo gydymas ir profilaktika.<br \/>\nGERL (gastroezofaginio refliukso liga): R\u0117muo, r\u016bg\u0161tinis r\u0117muo ir refliuksinio ezofagito gydymas.<br \/>\nSkrand\u017eio apsauga: erozini\u0173 ir opini\u0173 pa\u017eeidim\u0173, kuriuos sukelia nesteroidini\u0173 vaist\u0173 nuo u\u017edegimo (NVNU, pvz., ibuprofeno, aspirino) vartojimas, profilaktika.<br \/>\nHelicobacter pylori eradikacija: Kompleksinio gydymo antibiotikais dalis, skirta op\u0105 sukelian\u010diai bakterijai sunaikinti.<br \/>\nZollingerio-Ellisono sindromas: Liga, susijusi su padid\u0117jusia r\u016bg\u0161ties sekrecija.<br \/>\nVaistas da\u017enai skiriamas dispepsijos simptomams, susijusiems su padid\u0117jusiu r\u016bg\u0161tingumu, palengvinti. Omeprazolo galima \u012fsigyti kapsuli\u0173 (paprastai 20 mg) pavidalu, jis yra ilgo veikimo, mal\u0161ina diskomfort\u0105, sunkum\u0105 ir skrand\u017eio skausm\u0105.    <\/p>\n","protected":false},"excerpt":{"rendered":"<p>Omeprazolas yra proton\u0173 siurblio inhibitori\u0173 (PPI) grupei priklausantis vaistas nuo opalig\u0117s, skirtas suma\u017einti druskos r\u016bg\u0161ties gamyb\u0105 skrandyje. Jis vartojamas skrand\u017eio ir dvylikapir\u0161t\u0117s \u017earnos opaligei, GERL (r\u0117muo, refliuksas), eroziniam ezofagitui, Zollingerio-Ellisono sindromui gydyti, taip pat gleivinei apsaugoti vartojant NVNU ir Helicobacter pylori eradikacijai. Pagrindin\u0117s vartojimo indikacijos: Pepsin\u0117 opa: skrand\u017eio ir dvylikapir\u0161t\u0117s \u017earnos opos pa\u016bm\u0117jimo gydymas ir [&hellip;]<\/p>\n","protected":false},"featured_media":18807,"comment_status":"open","ping_status":"closed","template":"","meta":[],"product_brand":[],"product_cat":[217,220],"product_tag":[],"class_list":{"0":"post-18809","1":"product","2":"type-product","3":"status-publish","4":"has-post-thumbnail","6":"product_cat-sveikatos-prieziura","7":"product_cat-zarnyno-sveikata","9":"first","10":"instock","11":"shipping-taxable","12":"purchasable","13":"product-type-simple"},"_links":{"self":[{"href":"https:\/\/beautysba.co.uk\/lt\/wp-json\/wp\/v2\/product\/18809","targetHints":{"allow":["GET"]}}],"collection":[{"href":"https:\/\/beautysba.co.uk\/lt\/wp-json\/wp\/v2\/product"}],"about":[{"href":"https:\/\/beautysba.co.uk\/lt\/wp-json\/wp\/v2\/types\/product"}],"replies":[{"embeddable":true,"href":"https:\/\/beautysba.co.uk\/lt\/wp-json\/wp\/v2\/comments?post=18809"}],"wp:featuredmedia":[{"embeddable":true,"href":"https:\/\/beautysba.co.uk\/lt\/wp-json\/wp\/v2\/media\/18807"}],"wp:attachment":[{"href":"https:\/\/beautysba.co.uk\/lt\/wp-json\/wp\/v2\/media?parent=18809"}],"wp:term":[{"taxonomy":"product_brand","embeddable":true,"href":"https:\/\/beautysba.co.uk\/lt\/wp-json\/wp\/v2\/product_brand?post=18809"},{"taxonomy":"product_cat","embeddable":true,"href":"https:\/\/beautysba.co.uk\/lt\/wp-json\/wp\/v2\/product_cat?post=18809"},{"taxonomy":"product_tag","embeddable":true,"href":"https:\/\/beautysba.co.uk\/lt\/wp-json\/wp\/v2\/product_tag?post=18809"}],"curies":[{"name":"wp","href":"https:\/\/api.w.org\/{rel}","templated":true}]}}