{"id":18822,"date":"2026-01-28T07:56:47","date_gmt":"2026-01-28T07:56:47","guid":{"rendered":"https:\/\/beautysba.co.uk\/product\/%d1%81%d0%b0%d0%bb%d0%b8%d1%86%d0%b8%d0%bb%d0%be%d0%b2%d0%b0%d1%8f-%d0%ba%d0%b8%d1%81%d0%bb%d0%be%d1%82%d0%b0-%d1%80%d0%b0%d1%81%d1%82%d0%b2%d0%be%d1%80-%d1%81%d0%bf%d0%b8%d1%80%d1%82%d0%be%d0%b2\/"},"modified":"2026-01-28T08:38:01","modified_gmt":"2026-01-28T08:38:01","slug":"%d1%81%d0%b0%d0%bb%d0%b8%d1%86%d0%b8%d0%bb%d0%be%d0%b2%d0%b0%d1%8f-%d0%ba%d0%b8%d1%81%d0%bb%d0%be%d1%82%d0%b0-%d1%80%d0%b0%d1%81%d1%82%d0%b2%d0%be%d1%80-%d1%81%d0%bf%d0%b8%d1%80%d1%82%d0%be%d0%b2","status":"publish","type":"product","link":"https:\/\/beautysba.co.uk\/lt\/produktas\/%d1%81%d0%b0%d0%bb%d0%b8%d1%86%d0%b8%d0%bb%d0%be%d0%b2%d0%b0%d1%8f-%d0%ba%d0%b8%d1%81%d0%bb%d0%be%d1%82%d0%b0-%d1%80%d0%b0%d1%81%d1%82%d0%b2%d0%be%d1%80-%d1%81%d0%bf%d0%b8%d1%80%d1%82%d0%be%d0%b2\/","title":{"rendered":"Salicilo r\u016bg\u0161ties alkoholinis tirpalas i\u0161oriniam naudojimui 2% buteliukas 25 ml"},"content":{"rendered":"<p>Salicilo r\u016bg\u0161tis yra antiseptin\u0117 priemon\u0117. Naudojama lokaliai, ji veikia antimikrobi\u0161kai, dirgina, atitraukia d\u0117mes\u012f. Ji vartojama esant infekciniams odos pa\u017eeidimams: paprastiesiems spuogams, pioderm\u0117ms.  <\/p>\n<p>Sud\u0117tis<br \/>\n1 ml salicilo r\u016bg\u0161ties &#8211; 20 mg;<br \/>\npagalbin\u0117s med\u017eiagos: etanolis 96 %, i\u0161grynintas vanduo.<br \/>\nKontraindikacijos<br \/>\nPadid\u0117j\u0119s jautrumas vaistui.<\/p>\n<p>Kaip vartoti<br \/>\nTepkite i\u0161ori\u0161kai, patepdami arba trindami pa\u017eeistas odos vietas vaistu suvilgytu vatos tamponu 2-3 kartus per dien\u0105. Gydymo kurs\u0105 nustato gydytojas, atsi\u017evelgdamas \u012f ligos eig\u0105 ir sunkum\u0105. <\/p>\n<p>Vartojimo ypatumai<br \/>\nNeleiskite, kad vaisto patekt\u0173 \u012f akis, netepkite ant gleivini\u0173.<\/p>\n<p>Negalima pa\u017eeisti vaisto vartojimo taisykli\u0173 &#8211; tai gali pakenkti j\u016bs\u0173 sveikatai.<\/p>\n<p>Vaisto negalima tepti ant dideli\u0173 odos plot\u0173.<\/p>\n","protected":false},"excerpt":{"rendered":"<p>Salicilo r\u016bg\u0161tis yra antiseptin\u0117 priemon\u0117. Naudojama lokaliai, ji veikia antimikrobi\u0161kai, dirgina, atitraukia d\u0117mes\u012f. Ji vartojama esant infekciniams odos pa\u017eeidimams: paprastiesiems spuogams, pioderm\u0117ms. Sud\u0117tis 1 ml salicilo r\u016bg\u0161ties &#8211; 20 mg; pagalbin\u0117s med\u017eiagos: etanolis 96 %, i\u0161grynintas vanduo. Kontraindikacijos Padid\u0117j\u0119s jautrumas vaistui. Kaip vartoti Tepkite i\u0161ori\u0161kai, patepdami arba trindami pa\u017eeistas odos vietas vaistu suvilgytu vatos tamponu [&hellip;]<\/p>\n","protected":false},"featured_media":18819,"comment_status":"open","ping_status":"closed","template":"","meta":[],"product_brand":[],"product_cat":[218,128,217,127],"product_tag":[],"class_list":{"0":"post-18822","1":"product","2":"type-product","3":"status-publish","4":"has-post-thumbnail","6":"product_cat-kuno-prieziura","7":"product_cat-spuogu-demiu-gydymas","8":"product_cat-sveikatos-prieziura","9":"product_cat-veidas","11":"first","12":"instock","13":"shipping-taxable","14":"purchasable","15":"product-type-simple"},"_links":{"self":[{"href":"https:\/\/beautysba.co.uk\/lt\/wp-json\/wp\/v2\/product\/18822","targetHints":{"allow":["GET"]}}],"collection":[{"href":"https:\/\/beautysba.co.uk\/lt\/wp-json\/wp\/v2\/product"}],"about":[{"href":"https:\/\/beautysba.co.uk\/lt\/wp-json\/wp\/v2\/types\/product"}],"replies":[{"embeddable":true,"href":"https:\/\/beautysba.co.uk\/lt\/wp-json\/wp\/v2\/comments?post=18822"}],"wp:featuredmedia":[{"embeddable":true,"href":"https:\/\/beautysba.co.uk\/lt\/wp-json\/wp\/v2\/media\/18819"}],"wp:attachment":[{"href":"https:\/\/beautysba.co.uk\/lt\/wp-json\/wp\/v2\/media?parent=18822"}],"wp:term":[{"taxonomy":"product_brand","embeddable":true,"href":"https:\/\/beautysba.co.uk\/lt\/wp-json\/wp\/v2\/product_brand?post=18822"},{"taxonomy":"product_cat","embeddable":true,"href":"https:\/\/beautysba.co.uk\/lt\/wp-json\/wp\/v2\/product_cat?post=18822"},{"taxonomy":"product_tag","embeddable":true,"href":"https:\/\/beautysba.co.uk\/lt\/wp-json\/wp\/v2\/product_tag?post=18822"}],"curies":[{"name":"wp","href":"https:\/\/api.w.org\/{rel}","templated":true}]}}