{"id":18828,"date":"2026-01-28T08:00:22","date_gmt":"2026-01-28T08:00:22","guid":{"rendered":"https:\/\/beautysba.co.uk\/product\/%d0%b0%d0%bb%d0%bc%d0%b0%d0%b3%d0%b5%d0%bb%d1%8c-%d0%b0-%d1%81%d1%83%d1%81%d0%bf%d0%b5%d0%bd%d0%b7%d0%b8%d1%8f-%d0%bf%d1%80%d0%b8-%d0%b1%d0%be%d0%bb%d0%b8-%d0%b8-%d0%b8%d0%b7%d0%b6%d0%be%d0%b3%d0%b5\/"},"modified":"2026-01-28T08:38:08","modified_gmt":"2026-01-28T08:38:08","slug":"%d0%b0%d0%bb%d0%bc%d0%b0%d0%b3%d0%b5%d0%bb%d1%8c-%d0%b0-%d1%81%d1%83%d1%81%d0%bf%d0%b5%d0%bd%d0%b7%d0%b8%d1%8f-%d0%bf%d1%80%d0%b8-%d0%b1%d0%be%d0%bb%d0%b8-%d0%b8-%d0%b8%d0%b7%d0%b6%d0%be%d0%b3%d0%b5","status":"publish","type":"product","link":"https:\/\/beautysba.co.uk\/lt\/produktas\/%d0%b0%d0%bb%d0%bc%d0%b0%d0%b3%d0%b5%d0%bb%d1%8c-%d0%b0-%d1%81%d1%83%d1%81%d0%bf%d0%b5%d0%bd%d0%b7%d0%b8%d1%8f-%d0%bf%d1%80%d0%b8-%d0%b1%d0%be%d0%bb%d0%b8-%d0%b8-%d0%b8%d0%b7%d0%b6%d0%be%d0%b3%d0%b5\/","title":{"rendered":"Almagel A suspensija nuo skausmo ir r\u0117mens, 170 ml"},"content":{"rendered":"<p>Almagel A yra subalansuotas aliuminio hidroksido ir magnio hidroksido derinys su sorbitoliu. Vaistas pasi\u017eymi vidutiniu antacidiniu poveikiu, kai rekomenduojama vienkartin\u0117 ir paros doz\u0117 suvartojama per 40-60 minu\u010di\u0173 po valgio. <\/p>\n<p>Aliuminio hidroksidas neutralizuoja padid\u0117jusi\u0105 druskos r\u016bg\u0161ties sekrecij\u0105 ir suma\u017eina pepsino aktyvum\u0105 skrandyje, tod\u0117l susidaro aliuminio chloridas. Pastarasis \u0161armin\u0117s \u017earnyno aplinkos poveikyje virsta \u0161armin\u0117mis aliuminio druskomis, kurios beveik ne\u012fsisavinamos ir ne\u017eymiai kei\u010dia aliuminio drusk\u0173 koncentracij\u0105 kraujyje ilgai vartojant Almagel A. Kita vertus, aliuminio hidroksidas turi savyb\u0119 keisti fosfat\u0173 koncentracij\u0105, suri\u0161damas fosfat\u0173 jonus \u017earnyne ir taip apribodamas j\u0173 \u012fsisavinim\u0105. <\/p>\n<p>Antacidiniai vaistai, kuri\u0173 sud\u0117tyje yra aliuminio, \u012fskaitant &#8220;Almagel A&#8221;, taip pat turi citoprotekcin\u012f poveik\u012f skrand\u017eio gleivinei, susijus\u012f su prostaglandin\u0173 sintez\u0117s aktyvinimu. Taigi jis didina gleivin\u0117s atsparum\u0105, apsaugodamas j\u0105 nuo u\u017edegimini\u0173-nekrozini\u0173 ir erozini\u0173-hemoragini\u0173 poky\u010di\u0173, kuriuos sukelia dirginan\u010dios ir opas sukelian\u010dios med\u017eiagos, tokios kaip acetilsalicilo r\u016bg\u0161tis, nesteroidiniai vaistai nuo u\u017edegimo, etanolis. <\/p>\n<p>Magnio hidroksidas taip pat neutralizuoja skrandyje esan\u010di\u0105 druskos r\u016bg\u0161t\u012f ir virsta magnio chloridu, kuris turi nedidel\u012f vidurius laisvinant\u012f poveik\u012f.<\/p>\n<p>Benzokainas pasi\u017eymi vietiniu nuskausminamuoju poveikiu esant stipriam skausmo sindromui.<\/p>\n<p>Sorbitolis pasi\u017eymi silpnu vetrogoniniu ir vidutiniu choleretiniu bei vidurius laisvinan\u010diu poveikiu. \u0160is poveikis daugumai pacient\u0173 kompensuoja polink\u012f \u012f viduri\u0173 u\u017ekiet\u0117jim\u0105 d\u0117l aliuminio hidroksido poveikio. <\/p>\n<p>\u0160is vaistas nesukelia alkaloz\u0117s ir anglies dioksido (CO2) susidarymo skrandyje.<\/p>\n","protected":false},"excerpt":{"rendered":"<p>Almagel A yra subalansuotas aliuminio hidroksido ir magnio hidroksido derinys su sorbitoliu. Vaistas pasi\u017eymi vidutiniu antacidiniu poveikiu, kai rekomenduojama vienkartin\u0117 ir paros doz\u0117 suvartojama per 40-60 minu\u010di\u0173 po valgio. Aliuminio hidroksidas neutralizuoja padid\u0117jusi\u0105 druskos r\u016bg\u0161ties sekrecij\u0105 ir suma\u017eina pepsino aktyvum\u0105 skrandyje, tod\u0117l susidaro aliuminio chloridas. Pastarasis \u0161armin\u0117s \u017earnyno aplinkos poveikyje virsta \u0161armin\u0117mis aliuminio druskomis, kurios [&hellip;]<\/p>\n","protected":false},"featured_media":18826,"comment_status":"open","ping_status":"closed","template":"","meta":[],"product_brand":[],"product_cat":[217,220],"product_tag":[],"class_list":{"0":"post-18828","1":"product","2":"type-product","3":"status-publish","4":"has-post-thumbnail","6":"product_cat-sveikatos-prieziura","7":"product_cat-zarnyno-sveikata","9":"first","10":"instock","11":"shipping-taxable","12":"purchasable","13":"product-type-simple"},"_links":{"self":[{"href":"https:\/\/beautysba.co.uk\/lt\/wp-json\/wp\/v2\/product\/18828","targetHints":{"allow":["GET"]}}],"collection":[{"href":"https:\/\/beautysba.co.uk\/lt\/wp-json\/wp\/v2\/product"}],"about":[{"href":"https:\/\/beautysba.co.uk\/lt\/wp-json\/wp\/v2\/types\/product"}],"replies":[{"embeddable":true,"href":"https:\/\/beautysba.co.uk\/lt\/wp-json\/wp\/v2\/comments?post=18828"}],"wp:featuredmedia":[{"embeddable":true,"href":"https:\/\/beautysba.co.uk\/lt\/wp-json\/wp\/v2\/media\/18826"}],"wp:attachment":[{"href":"https:\/\/beautysba.co.uk\/lt\/wp-json\/wp\/v2\/media?parent=18828"}],"wp:term":[{"taxonomy":"product_brand","embeddable":true,"href":"https:\/\/beautysba.co.uk\/lt\/wp-json\/wp\/v2\/product_brand?post=18828"},{"taxonomy":"product_cat","embeddable":true,"href":"https:\/\/beautysba.co.uk\/lt\/wp-json\/wp\/v2\/product_cat?post=18828"},{"taxonomy":"product_tag","embeddable":true,"href":"https:\/\/beautysba.co.uk\/lt\/wp-json\/wp\/v2\/product_tag?post=18828"}],"curies":[{"name":"wp","href":"https:\/\/api.w.org\/{rel}","templated":true}]}}