{"id":18840,"date":"2026-01-28T08:05:29","date_gmt":"2026-01-28T08:05:29","guid":{"rendered":"https:\/\/beautysba.co.uk\/product\/%d1%8d%d0%bd%d1%82%d0%b5%d1%80%d0%be%d1%81%d0%b3%d0%b5%d0%bb%d1%8c-%d1%81%d0%be-%d1%81%d0%bb%d0%b0%d0%b4%d0%ba%d0%b8%d0%bc-%d0%b2%d0%ba%d1%83%d1%81%d0%be%d0%bc-135g\/"},"modified":"2026-01-28T08:38:22","modified_gmt":"2026-01-28T08:38:22","slug":"%d1%8d%d0%bd%d1%82%d0%b5%d1%80%d0%be%d1%81%d0%b3%d0%b5%d0%bb%d1%8c-%d1%81%d0%be-%d1%81%d0%bb%d0%b0%d0%b4%d0%ba%d0%b8%d0%bc-%d0%b2%d0%ba%d1%83%d1%81%d0%be%d0%bc-135g","status":"publish","type":"product","link":"https:\/\/beautysba.co.uk\/lt\/produktas\/%d1%8d%d0%bd%d1%82%d0%b5%d1%80%d0%be%d1%81%d0%b3%d0%b5%d0%bb%d1%8c-%d1%81%d0%be-%d1%81%d0%bb%d0%b0%d0%b4%d0%ba%d0%b8%d0%bc-%d0%b2%d0%ba%d1%83%d1%81%d0%be%d0%bc-135g\/","title":{"rendered":"Enterosgel su sald\u017eiu skoniu 135g"},"content":{"rendered":"<p>Enterosgel su sald\u017eiu skoniu &#8211; tai veiksmingas enterosorbentas geriamosios pastos pavidalu, kurio sud\u0117tyje yra saldikli\u0173 (natrio ciklamato ir natrio sacharinato), tod\u0117l jis skanesnis vaikams ir suaugusiesiems. Jis vartojamas organizmo detoksikacijai nuo apsinuodijim\u0173, alergij\u0173 ir infekcij\u0173. Vaistas neabsorbuojamas, saugus, leid\u017eiamas n\u0117\u0161tumo ir \u017eindymo laikotarpiu.<br \/>\nPagrindin\u0117s sald\u017eiojo enterosgelio savyb\u0117s:<br \/>\nSud\u0117tis: polimetilsiloksano polihidratas (pagrindas) + saldikliai (natrio ciklamatas, natrio sacharinatas).<br \/>\nI\u0161leidimo forma: Pasta, skirta gerti, da\u017enai t\u016bbel\u0117se po 225 g arba 405 g.<br \/>\nSkonis: Malonus, salstel\u0117j\u0119s, tod\u0117l vaikams lengviau vartoti.<br \/>\nVartojimas: Vartoti 1-2 val. prie\u0161 valg\u012f ir (arba) po valgio, u\u017esigeriant vandeniu.<br \/>\n\u0160alutinis poveikis: Gali pasireik\u0161ti viduri\u0173 u\u017ekiet\u0117jimas arba pykinimas.<br \/>\nSald\u017eioji versija pasi\u017eymi tokiu pat dideliu sorbcijos poveikiu kaip ir klasikin\u0117 pasta be cukraus, efektyviai \u0161alina toksinus, alergenus ir virusus.    <\/p>\n","protected":false},"excerpt":{"rendered":"<p>Enterosgel su sald\u017eiu skoniu &#8211; tai veiksmingas enterosorbentas geriamosios pastos pavidalu, kurio sud\u0117tyje yra saldikli\u0173 (natrio ciklamato ir natrio sacharinato), tod\u0117l jis skanesnis vaikams ir suaugusiesiems. Jis vartojamas organizmo detoksikacijai nuo apsinuodijim\u0173, alergij\u0173 ir infekcij\u0173. Vaistas neabsorbuojamas, saugus, leid\u017eiamas n\u0117\u0161tumo ir \u017eindymo laikotarpiu. Pagrindin\u0117s sald\u017eiojo enterosgelio savyb\u0117s: Sud\u0117tis: polimetilsiloksano polihidratas (pagrindas) + saldikliai (natrio ciklamatas, [&hellip;]<\/p>\n","protected":false},"featured_media":18838,"comment_status":"open","ping_status":"closed","template":"","meta":[],"product_brand":[],"product_cat":[217,220],"product_tag":[],"class_list":{"0":"post-18840","1":"product","2":"type-product","3":"status-publish","4":"has-post-thumbnail","6":"product_cat-sveikatos-prieziura","7":"product_cat-zarnyno-sveikata","9":"first","10":"instock","11":"shipping-taxable","12":"purchasable","13":"product-type-simple"},"_links":{"self":[{"href":"https:\/\/beautysba.co.uk\/lt\/wp-json\/wp\/v2\/product\/18840","targetHints":{"allow":["GET"]}}],"collection":[{"href":"https:\/\/beautysba.co.uk\/lt\/wp-json\/wp\/v2\/product"}],"about":[{"href":"https:\/\/beautysba.co.uk\/lt\/wp-json\/wp\/v2\/types\/product"}],"replies":[{"embeddable":true,"href":"https:\/\/beautysba.co.uk\/lt\/wp-json\/wp\/v2\/comments?post=18840"}],"wp:featuredmedia":[{"embeddable":true,"href":"https:\/\/beautysba.co.uk\/lt\/wp-json\/wp\/v2\/media\/18838"}],"wp:attachment":[{"href":"https:\/\/beautysba.co.uk\/lt\/wp-json\/wp\/v2\/media?parent=18840"}],"wp:term":[{"taxonomy":"product_brand","embeddable":true,"href":"https:\/\/beautysba.co.uk\/lt\/wp-json\/wp\/v2\/product_brand?post=18840"},{"taxonomy":"product_cat","embeddable":true,"href":"https:\/\/beautysba.co.uk\/lt\/wp-json\/wp\/v2\/product_cat?post=18840"},{"taxonomy":"product_tag","embeddable":true,"href":"https:\/\/beautysba.co.uk\/lt\/wp-json\/wp\/v2\/product_tag?post=18840"}],"curies":[{"name":"wp","href":"https:\/\/api.w.org\/{rel}","templated":true}]}}